{"id":3729,"date":"2021-08-06T13:26:26","date_gmt":"2021-08-06T11:26:26","guid":{"rendered":"http:\/\/s311126158.mialojamiento.es\/?page_id=3729"},"modified":"2024-06-14T12:45:27","modified_gmt":"2024-06-14T10:45:27","slug":"preguntas-frecuentes","status":"publish","type":"page","link":"http:\/\/www.mtr-2.com\/en\/preguntas-frecuentes","title":{"rendered":"Frequent questions"},"content":{"rendered":"<div data-elementor-type=\"wp-page\" data-elementor-id=\"3729\" class=\"elementor elementor-3729\" data-elementor-post-type=\"page\">\n\t\t\t\t\t\t<section class=\"elementor-section elementor-top-section elementor-element elementor-element-597fbad5 elementor-section-full_width elementor-section-height-default elementor-section-height-default\" data-id=\"597fbad5\" data-element_type=\"section\" data-e-type=\"section\">\n\t\t\t\t\t\t<div class=\"elementor-container elementor-column-gap-default\">\n\t\t\t\t\t<div class=\"elementor-column elementor-col-100 elementor-top-column elementor-element elementor-element-5d4c74cc\" data-id=\"5d4c74cc\" data-element_type=\"column\" data-e-type=\"column\">\n\t\t\t<div class=\"elementor-widget-wrap elementor-element-populated\">\n\t\t\t\t\t\t<div class=\"elementor-element elementor-element-664dcbc4 elementor-widget elementor-widget-woocommerce-breadcrumb\" data-id=\"664dcbc4\" data-element_type=\"widget\" data-e-type=\"widget\" data-widget_type=\"woocommerce-breadcrumb.default\">\n\t\t\t\t<div class=\"elementor-widget-container\">\n\t\t\t\t\t<nav class=\"woocommerce-breadcrumb\" aria-label=\"Breadcrumb\" data-no-translation=\"\" data-trp-gettext=\"\">Home<\/nav>\t\t\t\t<\/div>\n\t\t\t\t<\/div>\n\t\t\t\t\t<\/div>\n\t\t<\/div>\n\t\t\t\t\t<\/div>\n\t\t<\/section>\n\t\t\t\t<section class=\"elementor-section elementor-top-section elementor-element elementor-element-a0d9c82 elementor-section-boxed elementor-section-height-default elementor-section-height-default\" data-id=\"a0d9c82\" data-element_type=\"section\" data-e-type=\"section\">\n\t\t\t\t\t\t<div class=\"elementor-container elementor-column-gap-default\">\n\t\t\t\t\t<div class=\"elementor-column elementor-col-100 elementor-top-column elementor-element elementor-element-b76743d\" data-id=\"b76743d\" data-element_type=\"column\" data-e-type=\"column\">\n\t\t\t<div class=\"elementor-widget-wrap elementor-element-populated\">\n\t\t\t\t\t\t<div class=\"elementor-element elementor-element-4b1ce0c elementor-widget elementor-widget-text-editor\" data-id=\"4b1ce0c\" data-element_type=\"widget\" data-e-type=\"widget\" data-widget_type=\"text-editor.default\">\n\t\t\t\t<div class=\"elementor-widget-container\">\n\t\t\t\t\t\t\t\t\t<h1>Frequent questions<\/h1><h3>How to buy?<\/h3><p>To be able to buy in the www.mtr-2.com store, you just have to follow the purchase steps and fill in the shipping form. Registering is optional, if you register you will not have to enter all the data in future purchases.<\/p><p>The User will add as many items as he wishes to his shopping cart.<\/p><p>Next, it will validate these steps and the shipping address will be requested.<\/p><h3>The price includes shipping costs?<\/h3><p>The calculation of shipping costs will be detailed in the final proforma invoice that will be sent to you, once you send your order online. You may dismiss it if it is not in your interest.<\/p><h3>What is the delivery time?<\/h3><p>Once the payment of the product has been made, we will proceed to the shipment by transport within 24 business hours from the date of receipt of the order, the transits to your home can vary between 24\/72 hours within the peninsula, islands, rest Europe will be specified at the time of purchase if you request it and between 10 and 15 business days when we have to make the item.<\/p><h3>What guarantees do you offer?<\/h3><p>Garant\u00eda de transporte: Todos nuestros env\u00edos viajan cubiertos por un seguro del 100% del valor de la mercanc\u00eda. Recuerde que dispone de 24 horas para efectuar la reclamaci\u00f3n si su pedido ha sufrido da\u00f1os originados por el transporte. Si la caja presenta golpes debera dejar constancia al transportista. Si tiene cualquier otra duda no dude en enviarnos un correo electr\u00f3nico a <a href=\"mailto:info@mtr-2.com\">info@mtr-2.com<\/a><\/p><p>Product Warranty: The warranty only covers manufacturing defects.<br \/>To enjoy the guarantee of the products, you need the purchase invoice.<\/p><p>Remember that textile products are hygienic products that cannot be returned once unpacked.<\/p><p>Claims will not be accepted after 24 hours of receipt of the merchandise, except those derived from manufacturing errors.<\/p><h3>What do I do if I have a complaint?<\/h3><p class=\"translation-block\">At MTR-2 we continuously work for you, improving our service systems, speeding up delivery and allowing you to enjoy our articles. For this reason, we ask that in case of any eventuality, do not hesitate to send us your complaint through the contact form or write to the address <a href=\"mailto:info@mtr-2.com\" target=\"_self\"> info @ mtr- 2.com <\/a>.<\/p>\t\t\t\t\t\t\t\t<\/div>\n\t\t\t\t<\/div>\n\t\t\t\t\t<\/div>\n\t\t<\/div>\n\t\t\t\t\t<\/div>\n\t\t<\/section>\n\t\t\t\t<\/div>","protected":false},"excerpt":{"rendered":"<p>Preguntas frecuentes \u00bfComo Comprar? Para poder comprar en la tienda de www.mtr-2.com, solo hay que seguir los pasos de compra y rellenar el formulario de envi\u00f3. Registrarse es opcional, si usted se registra no tendr\u00e1 que introducir todos los datos en futuras compras. El Usuario ir\u00e1 a\u00f1adiendo a su carro de compra tantos art\u00edculos como [&hellip;]<\/p>\n","protected":false},"author":1,"featured_media":0,"parent":0,"menu_order":0,"comment_status":"closed","ping_status":"closed","template":"","meta":{"footnotes":""},"class_list":["post-3729","page","type-page","status-publish","hentry"],"yoast_head":"<!-- This site is optimized with the Yoast SEO plugin v27.5 - https:\/\/yoast.com\/product\/yoast-seo-wordpress\/ -->\n<title>Preguntas frecuentes - MTR2 Live your style<\/title>\n<meta name=\"robots\" content=\"index, follow, max-snippet:-1, max-image-preview:large, max-video-preview:-1\" \/>\n<link rel=\"canonical\" href=\"https:\/\/www.mtr-2.com\/en\/preguntas-frecuentes\" \/>\n<meta property=\"og:locale\" content=\"en_GB\" \/>\n<meta property=\"og:type\" content=\"article\" \/>\n<meta property=\"og:title\" content=\"Preguntas frecuentes - MTR2 Live your style\" \/>\n<meta property=\"og:description\" content=\"Preguntas frecuentes \u00bfComo Comprar? Para poder comprar en la tienda de www.mtr-2.com, solo hay que seguir los pasos de compra y rellenar el formulario de envi\u00f3. Registrarse es opcional, si usted se registra no tendr\u00e1 que introducir todos los datos en futuras compras. El Usuario ir\u00e1 a\u00f1adiendo a su carro de compra tantos art\u00edculos como [&hellip;]\" \/>\n<meta property=\"og:url\" content=\"https:\/\/www.mtr-2.com\/en\/preguntas-frecuentes\" \/>\n<meta property=\"og:site_name\" content=\"MTR2 Live your style\" \/>\n<meta property=\"article:publisher\" content=\"https:\/\/www.facebook.com\/mtr2worldwide\/\" \/>\n<meta property=\"article:modified_time\" content=\"2024-06-14T10:45:27+00:00\" \/>\n<meta name=\"twitter:card\" content=\"summary_large_image\" \/>\n<meta name=\"twitter:label1\" content=\"Estimated reading time\" \/>\n\t<meta name=\"twitter:data1\" content=\"2 minutes\" \/>\n<script type=\"application\/ld+json\" class=\"yoast-schema-graph\">{\"@context\":\"https:\\\/\\\/schema.org\",\"@graph\":[{\"@type\":\"WebPage\",\"@id\":\"https:\\\/\\\/www.mtr-2.com\\\/en\\\/preguntas-frecuentes\",\"url\":\"https:\\\/\\\/www.mtr-2.com\\\/en\\\/preguntas-frecuentes\",\"name\":\"Preguntas frecuentes - MTR2 Live your style\",\"isPartOf\":{\"@id\":\"https:\\\/\\\/www.mtr-2.com\\\/en\\\/#website\"},\"datePublished\":\"2021-08-06T11:26:26+00:00\",\"dateModified\":\"2024-06-14T10:45:27+00:00\",\"breadcrumb\":{\"@id\":\"https:\\\/\\\/www.mtr-2.com\\\/en\\\/preguntas-frecuentes#breadcrumb\"},\"inLanguage\":\"en-GB\",\"potentialAction\":[{\"@type\":\"ReadAction\",\"target\":[\"https:\\\/\\\/www.mtr-2.com\\\/en\\\/preguntas-frecuentes\"]}]},{\"@type\":\"BreadcrumbList\",\"@id\":\"https:\\\/\\\/www.mtr-2.com\\\/en\\\/preguntas-frecuentes#breadcrumb\",\"itemListElement\":[{\"@type\":\"ListItem\",\"position\":1,\"name\":\"Portada\",\"item\":\"https:\\\/\\\/www.mtr-2.com\\\/en\\\/\"},{\"@type\":\"ListItem\",\"position\":2,\"name\":\"Preguntas frecuentes\"}]},{\"@type\":\"WebSite\",\"@id\":\"https:\\\/\\\/www.mtr-2.com\\\/en\\\/#website\",\"url\":\"https:\\\/\\\/www.mtr-2.com\\\/en\\\/\",\"name\":\"MTR2 Live your style\",\"description\":\"Los dise\u00f1os m\u00e1s exclusivos en gafas, guantes, manillares y accesorios para motocross, enduro, downhill mtb, bmx...\",\"publisher\":{\"@id\":\"https:\\\/\\\/www.mtr-2.com\\\/en\\\/#organization\"},\"alternateName\":\"MTR-2 Worldwide | Motocross, enduro, bmx, donwhill mtb, surf - Live Your Style\",\"potentialAction\":[{\"@type\":\"SearchAction\",\"target\":{\"@type\":\"EntryPoint\",\"urlTemplate\":\"https:\\\/\\\/www.mtr-2.com\\\/en\\\/?s={search_term_string}\"},\"query-input\":{\"@type\":\"PropertyValueSpecification\",\"valueRequired\":true,\"valueName\":\"search_term_string\"}}],\"inLanguage\":\"en-GB\"},{\"@type\":\"Organization\",\"@id\":\"https:\\\/\\\/www.mtr-2.com\\\/en\\\/#organization\",\"name\":\"MTR2 Live your style\",\"url\":\"https:\\\/\\\/www.mtr-2.com\\\/en\\\/\",\"logo\":{\"@type\":\"ImageObject\",\"inLanguage\":\"en-GB\",\"@id\":\"https:\\\/\\\/www.mtr-2.com\\\/en\\\/#\\\/schema\\\/logo\\\/image\\\/\",\"url\":\"https:\\\/\\\/i0.wp.com\\\/www.mtr-2.com\\\/wp-content\\\/uploads\\\/2021\\\/06\\\/MTR2-Logo-official.webp?fit=350%2C77\",\"contentUrl\":\"https:\\\/\\\/i0.wp.com\\\/www.mtr-2.com\\\/wp-content\\\/uploads\\\/2021\\\/06\\\/MTR2-Logo-official.webp?fit=350%2C77\",\"width\":350,\"height\":77,\"caption\":\"MTR2 Live your style\"},\"image\":{\"@id\":\"https:\\\/\\\/www.mtr-2.com\\\/en\\\/#\\\/schema\\\/logo\\\/image\\\/\"},\"sameAs\":[\"https:\\\/\\\/www.facebook.com\\\/mtr2worldwide\\\/\",\"https:\\\/\\\/www.instagram.com\\\/mtr2worldwide\\\/\"]}]}<\/script>\n<!-- \/ Yoast SEO plugin. -->","yoast_head_json":{"title":"Preguntas frecuentes - MTR2 Live your style","robots":{"index":"index","follow":"follow","max-snippet":"max-snippet:-1","max-image-preview":"max-image-preview:large","max-video-preview":"max-video-preview:-1"},"canonical":"https:\/\/www.mtr-2.com\/en\/preguntas-frecuentes","og_locale":"en_GB","og_type":"article","og_title":"Preguntas frecuentes - MTR2 Live your style","og_description":"Preguntas frecuentes \u00bfComo Comprar? Para poder comprar en la tienda de www.mtr-2.com, solo hay que seguir los pasos de compra y rellenar el formulario de envi\u00f3. Registrarse es opcional, si usted se registra no tendr\u00e1 que introducir todos los datos en futuras compras. El Usuario ir\u00e1 a\u00f1adiendo a su carro de compra tantos art\u00edculos como [&hellip;]","og_url":"https:\/\/www.mtr-2.com\/en\/preguntas-frecuentes","og_site_name":"MTR2 Live your style","article_publisher":"https:\/\/www.facebook.com\/mtr2worldwide\/","article_modified_time":"2024-06-14T10:45:27+00:00","twitter_card":"summary_large_image","twitter_misc":{"Estimated reading time":"2 minutes"},"schema":{"@context":"https:\/\/schema.org","@graph":[{"@type":"WebPage","@id":"https:\/\/www.mtr-2.com\/en\/preguntas-frecuentes","url":"https:\/\/www.mtr-2.com\/en\/preguntas-frecuentes","name":"Preguntas frecuentes - MTR2 Live your style","isPartOf":{"@id":"https:\/\/www.mtr-2.com\/en\/#website"},"datePublished":"2021-08-06T11:26:26+00:00","dateModified":"2024-06-14T10:45:27+00:00","breadcrumb":{"@id":"https:\/\/www.mtr-2.com\/en\/preguntas-frecuentes#breadcrumb"},"inLanguage":"en-GB","potentialAction":[{"@type":"ReadAction","target":["https:\/\/www.mtr-2.com\/en\/preguntas-frecuentes"]}]},{"@type":"BreadcrumbList","@id":"https:\/\/www.mtr-2.com\/en\/preguntas-frecuentes#breadcrumb","itemListElement":[{"@type":"ListItem","position":1,"name":"Portada","item":"https:\/\/www.mtr-2.com\/en\/"},{"@type":"ListItem","position":2,"name":"Preguntas frecuentes"}]},{"@type":"WebSite","@id":"https:\/\/www.mtr-2.com\/en\/#website","url":"https:\/\/www.mtr-2.com\/en\/","name":"MTR2 Live your style","description":"Los dise\u00f1os m\u00e1s exclusivos en gafas, guantes, manillares y accesorios para motocross, enduro, downhill mtb, bmx...","publisher":{"@id":"https:\/\/www.mtr-2.com\/en\/#organization"},"alternateName":"MTR-2 Worldwide | Motocross, enduro, bmx, donwhill mtb, surf - Live Your Style","potentialAction":[{"@type":"SearchAction","target":{"@type":"EntryPoint","urlTemplate":"https:\/\/www.mtr-2.com\/en\/?s={search_term_string}"},"query-input":{"@type":"PropertyValueSpecification","valueRequired":true,"valueName":"search_term_string"}}],"inLanguage":"en-GB"},{"@type":"Organization","@id":"https:\/\/www.mtr-2.com\/en\/#organization","name":"MTR2 Live your style","url":"https:\/\/www.mtr-2.com\/en\/","logo":{"@type":"ImageObject","inLanguage":"en-GB","@id":"https:\/\/www.mtr-2.com\/en\/#\/schema\/logo\/image\/","url":"https:\/\/i0.wp.com\/www.mtr-2.com\/wp-content\/uploads\/2021\/06\/MTR2-Logo-official.webp?fit=350%2C77","contentUrl":"https:\/\/i0.wp.com\/www.mtr-2.com\/wp-content\/uploads\/2021\/06\/MTR2-Logo-official.webp?fit=350%2C77","width":350,"height":77,"caption":"MTR2 Live your style"},"image":{"@id":"https:\/\/www.mtr-2.com\/en\/#\/schema\/logo\/image\/"},"sameAs":["https:\/\/www.facebook.com\/mtr2worldwide\/","https:\/\/www.instagram.com\/mtr2worldwide\/"]}]}},"jetpack_sharing_enabled":true,"_links":{"self":[{"href":"http:\/\/www.mtr-2.com\/en\/wp-json\/wp\/v2\/pages\/3729","targetHints":{"allow":["GET"]}}],"collection":[{"href":"http:\/\/www.mtr-2.com\/en\/wp-json\/wp\/v2\/pages"}],"about":[{"href":"http:\/\/www.mtr-2.com\/en\/wp-json\/wp\/v2\/types\/page"}],"author":[{"embeddable":true,"href":"http:\/\/www.mtr-2.com\/en\/wp-json\/wp\/v2\/users\/1"}],"replies":[{"embeddable":true,"href":"http:\/\/www.mtr-2.com\/en\/wp-json\/wp\/v2\/comments?post=3729"}],"version-history":[{"count":26,"href":"http:\/\/www.mtr-2.com\/en\/wp-json\/wp\/v2\/pages\/3729\/revisions"}],"predecessor-version":[{"id":9746,"href":"http:\/\/www.mtr-2.com\/en\/wp-json\/wp\/v2\/pages\/3729\/revisions\/9746"}],"wp:attachment":[{"href":"http:\/\/www.mtr-2.com\/en\/wp-json\/wp\/v2\/media?parent=3729"}],"curies":[{"name":"wp","href":"https:\/\/api.w.org\/{rel}","templated":true}]}}