{"id":7457,"date":"2023-02-07T17:42:47","date_gmt":"2023-02-07T16:42:47","guid":{"rendered":"https:\/\/www.mtr-2.com\/?page_id=7457"},"modified":"2025-11-27T17:20:08","modified_gmt":"2025-11-27T16:20:08","slug":"condiciones-promociones","status":"publish","type":"page","link":"http:\/\/www.mtr-2.com\/en\/condiciones-promociones","title":{"rendered":"Conditions promotions"},"content":{"rendered":"<div data-elementor-type=\"wp-page\" data-elementor-id=\"7457\" class=\"elementor elementor-7457\" data-elementor-post-type=\"page\">\n\t\t\t\t\t\t<section class=\"elementor-section elementor-top-section elementor-element elementor-element-0326356 elementor-section-full_width elementor-section-height-default elementor-section-height-default\" data-id=\"0326356\" data-element_type=\"section\" data-e-type=\"section\">\n\t\t\t\t\t\t<div class=\"elementor-container elementor-column-gap-default\">\n\t\t\t\t\t<div class=\"elementor-column elementor-col-100 elementor-top-column elementor-element elementor-element-ba5e605\" data-id=\"ba5e605\" data-element_type=\"column\" data-e-type=\"column\">\n\t\t\t<div class=\"elementor-widget-wrap elementor-element-populated\">\n\t\t\t\t\t\t<div class=\"elementor-element elementor-element-c6cc9bb elementor-widget elementor-widget-woocommerce-breadcrumb\" data-id=\"c6cc9bb\" data-element_type=\"widget\" data-e-type=\"widget\" data-widget_type=\"woocommerce-breadcrumb.default\">\n\t\t\t\t<div class=\"elementor-widget-container\">\n\t\t\t\t\t<nav class=\"woocommerce-breadcrumb\" aria-label=\"Breadcrumb\" data-no-translation=\"\" data-trp-gettext=\"\">Home<\/nav>\t\t\t\t<\/div>\n\t\t\t\t<\/div>\n\t\t\t\t\t<\/div>\n\t\t<\/div>\n\t\t\t\t\t<\/div>\n\t\t<\/section>\n\t\t\t\t<section class=\"elementor-section elementor-top-section elementor-element elementor-element-fca70d9 elementor-section-boxed elementor-section-height-default elementor-section-height-default\" data-id=\"fca70d9\" data-element_type=\"section\" data-e-type=\"section\">\n\t\t\t\t\t\t<div class=\"elementor-container elementor-column-gap-default\">\n\t\t\t\t\t<div class=\"elementor-column elementor-col-100 elementor-top-column elementor-element elementor-element-eb4724f\" data-id=\"eb4724f\" data-element_type=\"column\" data-e-type=\"column\">\n\t\t\t<div class=\"elementor-widget-wrap elementor-element-populated\">\n\t\t\t\t\t\t<div class=\"elementor-element elementor-element-3190664 elementor-widget elementor-widget-text-editor\" data-id=\"3190664\" data-element_type=\"widget\" data-e-type=\"widget\" data-widget_type=\"text-editor.default\">\n\t\t\t\t<div class=\"elementor-widget-container\">\n\t\t\t\t\t\t\t\t\t<h1>Current promotions<\/h1>\n<h6 style=\"color: #000000; font-family: Roboto, sans-serif;\">BLACK FRIDAY 2025<\/h6>\n<p>The discounts shown on the website range from 20% to 40% off the original price. This promotion is valid until November 30, 2025, for all products in the online store.&nbsp;<a href=\"http:\/\/www.mtr-2.com\/en\/\">http:\/\/mtr-2.com<\/a>.&nbsp;<span style=\"font-family: &quot;DM Sans Regular&quot;, &quot;Montserrat Regular New&quot;, Arial, sans-serif; font-size: 1rem;\">The discount will be reflected directly in the final price of the product.<\/span><\/p>\n<h6>+5% BLACK5%<\/h6>\n<p>Get 5% off online with code BLACK5%. Promotional code valid until November 30, 2025 for all products in the online store. <a href=\"http:\/\/www.mtr-2.com\/en\/\">http:\/\/mtr-2.com<\/a>This promotion cannot be combined with other discount codes. To use the discount, you must enter the code BLACK5% at checkout.<\/p>\n<h6>+20% NEWSLETTER1<\/h6>\n<p>20% discount on the website with the code NEWSLETTER1 for subscribing to our newsletter. Promotional code valid for a single act of purchase in the online store <a href=\"http:\/\/www.mtr-2.com\/en\/\">http:\/\/mtr-2.com<\/a>. Promotion not combinable with other promotions, offers or discounts. To use the discount you have to enter the code NEWSLETTER1 at the end of your purchase.<\/p>\n<h3>Programa patrocinio pilotos 2026<\/h3>\n<p>If you are a federated rider and you are actively participating in competition, send us your information by e-mail to <a href=\"mailto:info@mtr-2.com\">info@mtr-2.com<\/a> con el asunto \u201cpatrocinio\u201d, estudiaremos tu propuesta y nos podremos de nuevo en contacto. Disponemos de un c\u00f3digo especial descuento para toda la web e incluso podr\u00e1s obtener un precio mejorado en los RIDER-PACK. El c\u00f3digo ser\u00e1 v\u00e1lido hasta el 15 de noviembre 2026.<\/p>\n<h2>General conditions of promotions<\/h2>\n<h3>Product promotions<\/h3>\n<p><span style=\"color: #333333;\"><strong>Free product promotions:<\/strong><\/span>&nbsp;The promotions that entail the acquisition of a product without cost for the purchase of a predefined number of products of the same category, will not be cumulative in any case with other promotions or discounts applicable to said products.<\/p>\n<p><span style=\"color: #333333;\"><strong>Fixed price promotions for the purchase of several products (Pack):<\/strong><\/span>&nbsp;promotions that involve the acquisition of several products with a closed fixed price, will not be cumulative in any case with other promotions or discounts applicable to said products.<\/p>\n<p><span style=\"color: #333333;\"><strong>Discount promotions<\/strong><\/span><br>The promotions consisting of the application of a general discount on the purchase will not be combined with other promotions, discounts or rebates or applicable to the purchase of outlets.<\/p>\n<p><span style=\"color: #333333;\"><strong>Use of promotional codes<\/strong><\/span><br>Only one promotional code may be entered in each act of purchase, so promotions that require the use of a promotional code will in no case be cumulative with each other. The promotional codes will be valid only for a single order and its validity will be according to the promotion date, or end of stock according to the category.<\/p>\n<p><span style=\"color: #333333;\"><strong>Promotions with minimum purchase amount<\/strong><\/span><br>The minimum amount of application of the promotions that so specify will be calculated on the total amount of the purchase once the applicable discounts or promotions have been applied and without counting the shipping costs.<\/p>\t\t\t\t\t\t\t\t<\/div>\n\t\t\t\t<\/div>\n\t\t\t\t\t<\/div>\n\t\t<\/div>\n\t\t\t\t\t<\/div>\n\t\t<\/section>\n\t\t\t\t<\/div>","protected":false},"excerpt":{"rendered":"<p>Promociones vigentes BLACK FRIDAY 2025 Los descuentos visibles en web incluyen descuento desde el -20% y hasta un 40% respecto a su precio inicial. Promoci\u00f3n v\u00e1lida hasta el 30 Noviembre de 2025 para todos los productos en la tienda online&nbsp;http:\/\/mtr-2.com.&nbsp;El descuento aparecer\u00e1 reflejado directamente en el precio final del producto. +5% BLACK5% 5% de descuento [&hellip;]<\/p>\n","protected":false},"author":1,"featured_media":0,"parent":0,"menu_order":0,"comment_status":"closed","ping_status":"closed","template":"","meta":{"footnotes":""},"class_list":["post-7457","page","type-page","status-publish","hentry"],"yoast_head":"<!-- This site is optimized with the Yoast SEO plugin v27.5 - https:\/\/yoast.com\/product\/yoast-seo-wordpress\/ -->\n<title>Condiciones promociones - MTR2 Live your style<\/title>\n<meta name=\"robots\" content=\"index, follow, max-snippet:-1, max-image-preview:large, max-video-preview:-1\" \/>\n<link rel=\"canonical\" href=\"https:\/\/www.mtr-2.com\/en\/condiciones-promociones\" \/>\n<meta property=\"og:locale\" content=\"en_GB\" \/>\n<meta property=\"og:type\" content=\"article\" \/>\n<meta property=\"og:title\" content=\"Condiciones promociones - MTR2 Live your style\" \/>\n<meta property=\"og:description\" content=\"Promociones vigentes BLACK FRIDAY 2025 Los descuentos visibles en web incluyen descuento desde el -20% y hasta un 40% respecto a su precio inicial. Promoci\u00f3n v\u00e1lida hasta el 30 Noviembre de 2025 para todos los productos en la tienda online&nbsp;http:\/\/mtr-2.com.&nbsp;El descuento aparecer\u00e1 reflejado directamente en el precio final del producto. +5% BLACK5% 5% de descuento [&hellip;]\" \/>\n<meta property=\"og:url\" content=\"https:\/\/www.mtr-2.com\/en\/condiciones-promociones\" \/>\n<meta property=\"og:site_name\" content=\"MTR2 Live your style\" \/>\n<meta property=\"article:publisher\" content=\"https:\/\/www.facebook.com\/mtr2worldwide\/\" \/>\n<meta property=\"article:modified_time\" content=\"2025-11-27T16:20:08+00:00\" \/>\n<meta name=\"twitter:card\" content=\"summary_large_image\" \/>\n<meta name=\"twitter:label1\" content=\"Estimated reading time\" \/>\n\t<meta name=\"twitter:data1\" content=\"3 minutes\" \/>\n<script type=\"application\/ld+json\" class=\"yoast-schema-graph\">{\"@context\":\"https:\\\/\\\/schema.org\",\"@graph\":[{\"@type\":\"WebPage\",\"@id\":\"https:\\\/\\\/www.mtr-2.com\\\/en\\\/condiciones-promociones\",\"url\":\"https:\\\/\\\/www.mtr-2.com\\\/en\\\/condiciones-promociones\",\"name\":\"Condiciones promociones - MTR2 Live your style\",\"isPartOf\":{\"@id\":\"http:\\\/\\\/www.mtr-2.com\\\/en\\\/#website\"},\"datePublished\":\"2023-02-07T16:42:47+00:00\",\"dateModified\":\"2025-11-27T16:20:08+00:00\",\"breadcrumb\":{\"@id\":\"https:\\\/\\\/www.mtr-2.com\\\/en\\\/condiciones-promociones#breadcrumb\"},\"inLanguage\":\"en-GB\",\"potentialAction\":[{\"@type\":\"ReadAction\",\"target\":[\"https:\\\/\\\/www.mtr-2.com\\\/en\\\/condiciones-promociones\"]}]},{\"@type\":\"BreadcrumbList\",\"@id\":\"https:\\\/\\\/www.mtr-2.com\\\/en\\\/condiciones-promociones#breadcrumb\",\"itemListElement\":[{\"@type\":\"ListItem\",\"position\":1,\"name\":\"Portada\",\"item\":\"http:\\\/\\\/www.mtr-2.com\\\/en\\\/\"},{\"@type\":\"ListItem\",\"position\":2,\"name\":\"Condiciones promociones\"}]},{\"@type\":\"WebSite\",\"@id\":\"http:\\\/\\\/www.mtr-2.com\\\/en\\\/#website\",\"url\":\"http:\\\/\\\/www.mtr-2.com\\\/en\\\/\",\"name\":\"MTR2 Live your style\",\"description\":\"Los dise\u00f1os m\u00e1s exclusivos en gafas, guantes, manillares y accesorios para motocross, enduro, downhill mtb, bmx...\",\"publisher\":{\"@id\":\"http:\\\/\\\/www.mtr-2.com\\\/en\\\/#organization\"},\"alternateName\":\"MTR-2 Worldwide | Motocross, enduro, bmx, donwhill mtb, surf - Live Your Style\",\"potentialAction\":[{\"@type\":\"SearchAction\",\"target\":{\"@type\":\"EntryPoint\",\"urlTemplate\":\"http:\\\/\\\/www.mtr-2.com\\\/en\\\/?s={search_term_string}\"},\"query-input\":{\"@type\":\"PropertyValueSpecification\",\"valueRequired\":true,\"valueName\":\"search_term_string\"}}],\"inLanguage\":\"en-GB\"},{\"@type\":\"Organization\",\"@id\":\"http:\\\/\\\/www.mtr-2.com\\\/en\\\/#organization\",\"name\":\"MTR2 Live your style\",\"url\":\"http:\\\/\\\/www.mtr-2.com\\\/en\\\/\",\"logo\":{\"@type\":\"ImageObject\",\"inLanguage\":\"en-GB\",\"@id\":\"http:\\\/\\\/www.mtr-2.com\\\/en\\\/#\\\/schema\\\/logo\\\/image\\\/\",\"url\":\"https:\\\/\\\/i0.wp.com\\\/www.mtr-2.com\\\/wp-content\\\/uploads\\\/2021\\\/06\\\/MTR2-Logo-official.webp?fit=350%2C77\",\"contentUrl\":\"https:\\\/\\\/i0.wp.com\\\/www.mtr-2.com\\\/wp-content\\\/uploads\\\/2021\\\/06\\\/MTR2-Logo-official.webp?fit=350%2C77\",\"width\":350,\"height\":77,\"caption\":\"MTR2 Live your style\"},\"image\":{\"@id\":\"http:\\\/\\\/www.mtr-2.com\\\/en\\\/#\\\/schema\\\/logo\\\/image\\\/\"},\"sameAs\":[\"https:\\\/\\\/www.facebook.com\\\/mtr2worldwide\\\/\",\"https:\\\/\\\/www.instagram.com\\\/mtr2worldwide\\\/\"]}]}<\/script>\n<!-- \/ Yoast SEO plugin. -->","yoast_head_json":{"title":"Condiciones promociones - MTR2 Live your style","robots":{"index":"index","follow":"follow","max-snippet":"max-snippet:-1","max-image-preview":"max-image-preview:large","max-video-preview":"max-video-preview:-1"},"canonical":"https:\/\/www.mtr-2.com\/en\/condiciones-promociones","og_locale":"en_GB","og_type":"article","og_title":"Condiciones promociones - MTR2 Live your style","og_description":"Promociones vigentes BLACK FRIDAY 2025 Los descuentos visibles en web incluyen descuento desde el -20% y hasta un 40% respecto a su precio inicial. Promoci\u00f3n v\u00e1lida hasta el 30 Noviembre de 2025 para todos los productos en la tienda online&nbsp;http:\/\/mtr-2.com.&nbsp;El descuento aparecer\u00e1 reflejado directamente en el precio final del producto. +5% BLACK5% 5% de descuento [&hellip;]","og_url":"https:\/\/www.mtr-2.com\/en\/condiciones-promociones","og_site_name":"MTR2 Live your style","article_publisher":"https:\/\/www.facebook.com\/mtr2worldwide\/","article_modified_time":"2025-11-27T16:20:08+00:00","twitter_card":"summary_large_image","twitter_misc":{"Estimated reading time":"3 minutes"},"schema":{"@context":"https:\/\/schema.org","@graph":[{"@type":"WebPage","@id":"https:\/\/www.mtr-2.com\/en\/condiciones-promociones","url":"https:\/\/www.mtr-2.com\/en\/condiciones-promociones","name":"Condiciones promociones - MTR2 Live your style","isPartOf":{"@id":"http:\/\/www.mtr-2.com\/en\/#website"},"datePublished":"2023-02-07T16:42:47+00:00","dateModified":"2025-11-27T16:20:08+00:00","breadcrumb":{"@id":"https:\/\/www.mtr-2.com\/en\/condiciones-promociones#breadcrumb"},"inLanguage":"en-GB","potentialAction":[{"@type":"ReadAction","target":["https:\/\/www.mtr-2.com\/en\/condiciones-promociones"]}]},{"@type":"BreadcrumbList","@id":"https:\/\/www.mtr-2.com\/en\/condiciones-promociones#breadcrumb","itemListElement":[{"@type":"ListItem","position":1,"name":"Portada","item":"http:\/\/www.mtr-2.com\/en\/"},{"@type":"ListItem","position":2,"name":"Condiciones promociones"}]},{"@type":"WebSite","@id":"http:\/\/www.mtr-2.com\/en\/#website","url":"http:\/\/www.mtr-2.com\/en\/","name":"MTR2 Live your style","description":"Los dise\u00f1os m\u00e1s exclusivos en gafas, guantes, manillares y accesorios para motocross, enduro, downhill mtb, bmx...","publisher":{"@id":"http:\/\/www.mtr-2.com\/en\/#organization"},"alternateName":"MTR-2 Worldwide | Motocross, enduro, bmx, donwhill mtb, surf - Live Your Style","potentialAction":[{"@type":"SearchAction","target":{"@type":"EntryPoint","urlTemplate":"http:\/\/www.mtr-2.com\/en\/?s={search_term_string}"},"query-input":{"@type":"PropertyValueSpecification","valueRequired":true,"valueName":"search_term_string"}}],"inLanguage":"en-GB"},{"@type":"Organization","@id":"http:\/\/www.mtr-2.com\/en\/#organization","name":"MTR2 Live your style","url":"http:\/\/www.mtr-2.com\/en\/","logo":{"@type":"ImageObject","inLanguage":"en-GB","@id":"http:\/\/www.mtr-2.com\/en\/#\/schema\/logo\/image\/","url":"https:\/\/i0.wp.com\/www.mtr-2.com\/wp-content\/uploads\/2021\/06\/MTR2-Logo-official.webp?fit=350%2C77","contentUrl":"https:\/\/i0.wp.com\/www.mtr-2.com\/wp-content\/uploads\/2021\/06\/MTR2-Logo-official.webp?fit=350%2C77","width":350,"height":77,"caption":"MTR2 Live your style"},"image":{"@id":"http:\/\/www.mtr-2.com\/en\/#\/schema\/logo\/image\/"},"sameAs":["https:\/\/www.facebook.com\/mtr2worldwide\/","https:\/\/www.instagram.com\/mtr2worldwide\/"]}]}},"jetpack_sharing_enabled":true,"_links":{"self":[{"href":"http:\/\/www.mtr-2.com\/en\/wp-json\/wp\/v2\/pages\/7457","targetHints":{"allow":["GET"]}}],"collection":[{"href":"http:\/\/www.mtr-2.com\/en\/wp-json\/wp\/v2\/pages"}],"about":[{"href":"http:\/\/www.mtr-2.com\/en\/wp-json\/wp\/v2\/types\/page"}],"author":[{"embeddable":true,"href":"http:\/\/www.mtr-2.com\/en\/wp-json\/wp\/v2\/users\/1"}],"replies":[{"embeddable":true,"href":"http:\/\/www.mtr-2.com\/en\/wp-json\/wp\/v2\/comments?post=7457"}],"version-history":[{"count":34,"href":"http:\/\/www.mtr-2.com\/en\/wp-json\/wp\/v2\/pages\/7457\/revisions"}],"predecessor-version":[{"id":11806,"href":"http:\/\/www.mtr-2.com\/en\/wp-json\/wp\/v2\/pages\/7457\/revisions\/11806"}],"wp:attachment":[{"href":"http:\/\/www.mtr-2.com\/en\/wp-json\/wp\/v2\/media?parent=7457"}],"curies":[{"name":"wp","href":"https:\/\/api.w.org\/{rel}","templated":true}]}}