{"id":12128,"date":"2026-03-03T17:52:49","date_gmt":"2026-03-03T16:52:49","guid":{"rendered":"https:\/\/www.mtr-2.com\/?post_type=product&#038;p=12128"},"modified":"2026-03-26T14:04:01","modified_gmt":"2026-03-26T13:04:01","slug":"guantes-mtr2-mitty-war-w-nino","status":"publish","type":"product","link":"http:\/\/www.mtr-2.com\/en\/product\/guantes-mtr2-mitty-war-w-nino","title":{"rendered":"MTR2 Mitty War W youth gloves"},"content":{"rendered":"<p>\ud83d\udd25 Total comfort thanks to its sublimated spandex upper, lightweight, breathable and elastic.<\/p>\n<p>\ud83d\udd90\ufe0f Firm and precise grip with durable, tough synthetic leather palm.<\/p>\n<p>\ud83d\udcaa Greater protection with reinforcement in the inner area of \u200b\u200bthe thumb to prevent wear and tear.<\/p>\n<p>\ud83d\udcf1 Conductive fabric on the index finger and thumb compatible with touchscreens.<\/p>\n<p>\ud83d\udeb4 Control in any condition thanks to its non-slip design on fingers and palm.<\/p>\n<p>\u2705 Perfect fit with Velcro closure that comfortably adapts to your wrist.<\/p>","protected":false},"excerpt":{"rendered":"<p>The MTR2 Mitty glove has been designed with a unique pattern to fit children's hands, creating the best possible fit while offering the same features as an adult glove for motocross, enduro, or mountain biking. Its soft feel and perfect fit on the handlebars provide the control and safety they need in every race.<\/p>\n<p>Each model is part of a limited edition created by our designer, making it a unique product that stands out both on and off the track. Designed for those seeking performance without sacrificing style: \u201cLive your Style.\u201d<\/p>\n<p>Designed to perform and created to stand out.<\/p>\n<p>If you're looking for a different, exclusive glove that's ready for any challenge, the MTR2 Mitty is your best choice.<\/p>\n<p><strong>Composition:<\/strong><br \/>\n42% polyamide nylon, 38% polyester, 12% polyurethane, 8% spandex<\/p>","protected":false},"featured_media":12157,"template":"","meta":[],"product_brand":[],"product_cat":[117,958],"product_tag":[944,945,946,947,948,411,949,950,951,952,420,953,421,954,403,955,956,957],"class_list":{"0":"post-12128","1":"product","2":"type-product","3":"status-publish","4":"has-post-thumbnail","6":"product_cat-guantes","7":"product_cat-guantes-nino","8":"product_tag-enduro-gloves","9":"product_tag-gloves-dharco","10":"product_tag-gloves-enduro","11":"product_tag-gloves-fox","12":"product_tag-gloves-leatt-brace","13":"product_tag-gloves-motocross","14":"product_tag-glovess-mtb","15":"product_tag-guantes-alpinestars","16":"product_tag-guantes-dharco","17":"product_tag-guantes-enduro-moto","18":"product_tag-guantes-fox","19":"product_tag-guantes-leat-brace","20":"product_tag-guantes-leatt","21":"product_tag-guantes-moto","22":"product_tag-guantes-motocross","23":"product_tag-guantes-para-moto-de-campo","24":"product_tag-motocross-enduro-gloves","25":"product_tag-motocross-gloves","26":"pa_talla-yl","27":"pa_talla-ym","28":"pa_talla-ys","29":"pa_talla-yxl","31":"first","32":"instock","33":"taxable","34":"shipping-taxable","35":"purchasable","36":"product-type-variable"},"yoast_head":"<!-- This site is optimized with the Yoast SEO plugin v27.4 - https:\/\/yoast.com\/product\/yoast-seo-wordpress\/ -->\n<title>Guantes MTR2 Mitty War W Ni\u00f1o - MTR2 Live your style<\/title>\n<meta name=\"description\" content=\"Descubre toda la colecci\u00f3n de guantes para ni\u00f1os de MTR2, ajuste perfecto a tu mano. Ediciones limitadas &quot;Live your style&quot;.\" \/>\n<meta name=\"robots\" content=\"index, follow, max-snippet:-1, max-image-preview:large, max-video-preview:-1\" \/>\n<link rel=\"canonical\" href=\"http:\/\/www.mtr-2.com\/en\/product\/guantes-mtr2-mitty-war-w-nino\" \/>\n<meta property=\"og:locale\" content=\"en_GB\" \/>\n<meta property=\"og:type\" content=\"article\" \/>\n<meta property=\"og:title\" content=\"Guantes MTR2 Mitty War W Ni\u00f1o - MTR2 Live your style\" \/>\n<meta property=\"og:description\" content=\"Descubre toda la colecci\u00f3n de guantes para ni\u00f1os de MTR2, ajuste perfecto a tu mano. Ediciones limitadas &quot;Live your style&quot;.\" \/>\n<meta property=\"og:url\" content=\"http:\/\/www.mtr-2.com\/en\/product\/guantes-mtr2-mitty-war-w-nino\" \/>\n<meta property=\"og:site_name\" content=\"MTR2 Live your style\" \/>\n<meta property=\"article:publisher\" content=\"https:\/\/www.facebook.com\/mtr2worldwide\/\" \/>\n<meta property=\"article:modified_time\" content=\"2026-03-26T13:04:01+00:00\" \/>\n<meta property=\"og:image\" content=\"https:\/\/i0.wp.com\/www.mtr-2.com\/wp-content\/uploads\/2026\/03\/GLOVES-MTR2-MITTY-WAR-W-YOUTH.webp?fit=1500%2C1500\" \/>\n\t<meta property=\"og:image:width\" content=\"1500\" \/>\n\t<meta property=\"og:image:height\" content=\"1500\" \/>\n\t<meta property=\"og:image:type\" content=\"image\/webp\" \/>\n<meta name=\"twitter:card\" content=\"summary_large_image\" \/>\n<meta name=\"twitter:label1\" content=\"Estimated reading time\" \/>\n\t<meta name=\"twitter:data1\" content=\"1 minute\" \/>\n<script type=\"application\/ld+json\" class=\"yoast-schema-graph\">{\"@context\":\"https:\\\/\\\/schema.org\",\"@graph\":[{\"@type\":\"WebPage\",\"@id\":\"http:\\\/\\\/www.mtr-2.com\\\/en\\\/product\\\/guantes-mtr2-mitty-war-w-nino\",\"url\":\"http:\\\/\\\/www.mtr-2.com\\\/en\\\/product\\\/guantes-mtr2-mitty-war-w-nino\",\"name\":\"Guantes MTR2 Mitty War W Ni\u00f1o - MTR2 Live your style\",\"isPartOf\":{\"@id\":\"https:\\\/\\\/www.mtr-2.com\\\/#website\"},\"primaryImageOfPage\":{\"@id\":\"http:\\\/\\\/www.mtr-2.com\\\/en\\\/product\\\/guantes-mtr2-mitty-war-w-nino#primaryimage\"},\"image\":{\"@id\":\"http:\\\/\\\/www.mtr-2.com\\\/en\\\/product\\\/guantes-mtr2-mitty-war-w-nino#primaryimage\"},\"thumbnailUrl\":\"https:\\\/\\\/i0.wp.com\\\/www.mtr-2.com\\\/wp-content\\\/uploads\\\/2026\\\/03\\\/GLOVES-MTR2-MITTY-WAR-W-YOUTH.webp?fit=1500%2C1500\",\"datePublished\":\"2026-03-03T16:52:49+00:00\",\"dateModified\":\"2026-03-26T13:04:01+00:00\",\"description\":\"Descubre toda la colecci\u00f3n de guantes para ni\u00f1os de MTR2, ajuste perfecto a tu mano. Ediciones limitadas \\\"Live your style\\\".\",\"breadcrumb\":{\"@id\":\"http:\\\/\\\/www.mtr-2.com\\\/en\\\/product\\\/guantes-mtr2-mitty-war-w-nino#breadcrumb\"},\"inLanguage\":\"en-GB\",\"potentialAction\":[{\"@type\":\"ReadAction\",\"target\":[\"http:\\\/\\\/www.mtr-2.com\\\/en\\\/product\\\/guantes-mtr2-mitty-war-w-nino\"]}]},{\"@type\":\"ImageObject\",\"inLanguage\":\"en-GB\",\"@id\":\"http:\\\/\\\/www.mtr-2.com\\\/en\\\/product\\\/guantes-mtr2-mitty-war-w-nino#primaryimage\",\"url\":\"https:\\\/\\\/i0.wp.com\\\/www.mtr-2.com\\\/wp-content\\\/uploads\\\/2026\\\/03\\\/GLOVES-MTR2-MITTY-WAR-W-YOUTH.webp?fit=1500%2C1500\",\"contentUrl\":\"https:\\\/\\\/i0.wp.com\\\/www.mtr-2.com\\\/wp-content\\\/uploads\\\/2026\\\/03\\\/GLOVES-MTR2-MITTY-WAR-W-YOUTH.webp?fit=1500%2C1500\",\"width\":1500,\"height\":1500},{\"@type\":\"BreadcrumbList\",\"@id\":\"http:\\\/\\\/www.mtr-2.com\\\/en\\\/product\\\/guantes-mtr2-mitty-war-w-nino#breadcrumb\",\"itemListElement\":[{\"@type\":\"ListItem\",\"position\":1,\"name\":\"Portada\",\"item\":\"https:\\\/\\\/www.mtr-2.com\\\/\"},{\"@type\":\"ListItem\",\"position\":2,\"name\":\"Tienda\",\"item\":\"http:\\\/\\\/www.mtr-2.com\\\/en\\\/tienda\"},{\"@type\":\"ListItem\",\"position\":3,\"name\":\"Guantes MTR2 Mitty War W Ni\u00f1o\"}]},{\"@type\":\"WebSite\",\"@id\":\"https:\\\/\\\/www.mtr-2.com\\\/#website\",\"url\":\"https:\\\/\\\/www.mtr-2.com\\\/\",\"name\":\"MTR2 Live your style\",\"description\":\"Los dise\u00f1os m\u00e1s exclusivos en gafas, guantes, manillares y accesorios para motocross, enduro, downhill mtb, bmx...\",\"publisher\":{\"@id\":\"https:\\\/\\\/www.mtr-2.com\\\/#organization\"},\"alternateName\":\"MTR-2 Worldwide | Motocross, enduro, bmx, donwhill mtb, surf - Live Your Style\",\"potentialAction\":[{\"@type\":\"SearchAction\",\"target\":{\"@type\":\"EntryPoint\",\"urlTemplate\":\"https:\\\/\\\/www.mtr-2.com\\\/?s={search_term_string}\"},\"query-input\":{\"@type\":\"PropertyValueSpecification\",\"valueRequired\":true,\"valueName\":\"search_term_string\"}}],\"inLanguage\":\"en-GB\"},{\"@type\":\"Organization\",\"@id\":\"https:\\\/\\\/www.mtr-2.com\\\/#organization\",\"name\":\"MTR2 Live your style\",\"url\":\"https:\\\/\\\/www.mtr-2.com\\\/\",\"logo\":{\"@type\":\"ImageObject\",\"inLanguage\":\"en-GB\",\"@id\":\"https:\\\/\\\/www.mtr-2.com\\\/#\\\/schema\\\/logo\\\/image\\\/\",\"url\":\"https:\\\/\\\/i0.wp.com\\\/www.mtr-2.com\\\/wp-content\\\/uploads\\\/2021\\\/06\\\/MTR2-Logo-official.webp?fit=350%2C77\",\"contentUrl\":\"https:\\\/\\\/i0.wp.com\\\/www.mtr-2.com\\\/wp-content\\\/uploads\\\/2021\\\/06\\\/MTR2-Logo-official.webp?fit=350%2C77\",\"width\":350,\"height\":77,\"caption\":\"MTR2 Live your style\"},\"image\":{\"@id\":\"https:\\\/\\\/www.mtr-2.com\\\/#\\\/schema\\\/logo\\\/image\\\/\"},\"sameAs\":[\"https:\\\/\\\/www.facebook.com\\\/mtr2worldwide\\\/\",\"https:\\\/\\\/www.instagram.com\\\/mtr2worldwide\\\/\"]}]}<\/script>\n<!-- \/ Yoast SEO plugin. -->","yoast_head_json":{"title":"Guantes MTR2 Mitty War W Ni\u00f1o - MTR2 Live your style","description":"Descubre toda la colecci\u00f3n de guantes para ni\u00f1os de MTR2, ajuste perfecto a tu mano. Ediciones limitadas \"Live your style\".","robots":{"index":"index","follow":"follow","max-snippet":"max-snippet:-1","max-image-preview":"max-image-preview:large","max-video-preview":"max-video-preview:-1"},"canonical":"http:\/\/www.mtr-2.com\/en\/product\/guantes-mtr2-mitty-war-w-nino","og_locale":"en_GB","og_type":"article","og_title":"Guantes MTR2 Mitty War W Ni\u00f1o - MTR2 Live your style","og_description":"Descubre toda la colecci\u00f3n de guantes para ni\u00f1os de MTR2, ajuste perfecto a tu mano. Ediciones limitadas \"Live your style\".","og_url":"http:\/\/www.mtr-2.com\/en\/product\/guantes-mtr2-mitty-war-w-nino","og_site_name":"MTR2 Live your style","article_publisher":"https:\/\/www.facebook.com\/mtr2worldwide\/","article_modified_time":"2026-03-26T13:04:01+00:00","og_image":[{"width":1500,"height":1500,"url":"https:\/\/i0.wp.com\/www.mtr-2.com\/wp-content\/uploads\/2026\/03\/GLOVES-MTR2-MITTY-WAR-W-YOUTH.webp?fit=1500%2C1500","type":"image\/webp"}],"twitter_card":"summary_large_image","twitter_misc":{"Estimated reading time":"1 minute"},"schema":{"@context":"https:\/\/schema.org","@graph":[{"@type":"WebPage","@id":"http:\/\/www.mtr-2.com\/en\/product\/guantes-mtr2-mitty-war-w-nino","url":"http:\/\/www.mtr-2.com\/en\/product\/guantes-mtr2-mitty-war-w-nino","name":"Guantes MTR2 Mitty War W Ni\u00f1o - MTR2 Live your style","isPartOf":{"@id":"https:\/\/www.mtr-2.com\/#website"},"primaryImageOfPage":{"@id":"http:\/\/www.mtr-2.com\/en\/product\/guantes-mtr2-mitty-war-w-nino#primaryimage"},"image":{"@id":"http:\/\/www.mtr-2.com\/en\/product\/guantes-mtr2-mitty-war-w-nino#primaryimage"},"thumbnailUrl":"https:\/\/i0.wp.com\/www.mtr-2.com\/wp-content\/uploads\/2026\/03\/GLOVES-MTR2-MITTY-WAR-W-YOUTH.webp?fit=1500%2C1500","datePublished":"2026-03-03T16:52:49+00:00","dateModified":"2026-03-26T13:04:01+00:00","description":"Descubre toda la colecci\u00f3n de guantes para ni\u00f1os de MTR2, ajuste perfecto a tu mano. Ediciones limitadas \"Live your style\".","breadcrumb":{"@id":"http:\/\/www.mtr-2.com\/en\/product\/guantes-mtr2-mitty-war-w-nino#breadcrumb"},"inLanguage":"en-GB","potentialAction":[{"@type":"ReadAction","target":["http:\/\/www.mtr-2.com\/en\/product\/guantes-mtr2-mitty-war-w-nino"]}]},{"@type":"ImageObject","inLanguage":"en-GB","@id":"http:\/\/www.mtr-2.com\/en\/product\/guantes-mtr2-mitty-war-w-nino#primaryimage","url":"https:\/\/i0.wp.com\/www.mtr-2.com\/wp-content\/uploads\/2026\/03\/GLOVES-MTR2-MITTY-WAR-W-YOUTH.webp?fit=1500%2C1500","contentUrl":"https:\/\/i0.wp.com\/www.mtr-2.com\/wp-content\/uploads\/2026\/03\/GLOVES-MTR2-MITTY-WAR-W-YOUTH.webp?fit=1500%2C1500","width":1500,"height":1500},{"@type":"BreadcrumbList","@id":"http:\/\/www.mtr-2.com\/en\/product\/guantes-mtr2-mitty-war-w-nino#breadcrumb","itemListElement":[{"@type":"ListItem","position":1,"name":"Portada","item":"https:\/\/www.mtr-2.com\/"},{"@type":"ListItem","position":2,"name":"Tienda","item":"http:\/\/www.mtr-2.com\/en\/tienda"},{"@type":"ListItem","position":3,"name":"Guantes MTR2 Mitty War W Ni\u00f1o"}]},{"@type":"WebSite","@id":"https:\/\/www.mtr-2.com\/#website","url":"https:\/\/www.mtr-2.com\/","name":"MTR2 Live your style","description":"Los dise\u00f1os m\u00e1s exclusivos en gafas, guantes, manillares y accesorios para motocross, enduro, downhill mtb, bmx...","publisher":{"@id":"https:\/\/www.mtr-2.com\/#organization"},"alternateName":"MTR-2 Worldwide | Motocross, enduro, bmx, donwhill mtb, surf - Live Your Style","potentialAction":[{"@type":"SearchAction","target":{"@type":"EntryPoint","urlTemplate":"https:\/\/www.mtr-2.com\/?s={search_term_string}"},"query-input":{"@type":"PropertyValueSpecification","valueRequired":true,"valueName":"search_term_string"}}],"inLanguage":"en-GB"},{"@type":"Organization","@id":"https:\/\/www.mtr-2.com\/#organization","name":"MTR2 Live your style","url":"https:\/\/www.mtr-2.com\/","logo":{"@type":"ImageObject","inLanguage":"en-GB","@id":"https:\/\/www.mtr-2.com\/#\/schema\/logo\/image\/","url":"https:\/\/i0.wp.com\/www.mtr-2.com\/wp-content\/uploads\/2021\/06\/MTR2-Logo-official.webp?fit=350%2C77","contentUrl":"https:\/\/i0.wp.com\/www.mtr-2.com\/wp-content\/uploads\/2021\/06\/MTR2-Logo-official.webp?fit=350%2C77","width":350,"height":77,"caption":"MTR2 Live your style"},"image":{"@id":"https:\/\/www.mtr-2.com\/#\/schema\/logo\/image\/"},"sameAs":["https:\/\/www.facebook.com\/mtr2worldwide\/","https:\/\/www.instagram.com\/mtr2worldwide\/"]}]}},"jetpack_sharing_enabled":true,"_links":{"self":[{"href":"http:\/\/www.mtr-2.com\/en\/wp-json\/wp\/v2\/product\/12128","targetHints":{"allow":["GET"]}}],"collection":[{"href":"http:\/\/www.mtr-2.com\/en\/wp-json\/wp\/v2\/product"}],"about":[{"href":"http:\/\/www.mtr-2.com\/en\/wp-json\/wp\/v2\/types\/product"}],"wp:featuredmedia":[{"embeddable":true,"href":"http:\/\/www.mtr-2.com\/en\/wp-json\/wp\/v2\/media\/12157"}],"wp:attachment":[{"href":"http:\/\/www.mtr-2.com\/en\/wp-json\/wp\/v2\/media?parent=12128"}],"wp:term":[{"taxonomy":"product_brand","embeddable":true,"href":"http:\/\/www.mtr-2.com\/en\/wp-json\/wp\/v2\/product_brand?post=12128"},{"taxonomy":"product_cat","embeddable":true,"href":"http:\/\/www.mtr-2.com\/en\/wp-json\/wp\/v2\/product_cat?post=12128"},{"taxonomy":"product_tag","embeddable":true,"href":"http:\/\/www.mtr-2.com\/en\/wp-json\/wp\/v2\/product_tag?post=12128"}],"curies":[{"name":"wp","href":"https:\/\/api.w.org\/{rel}","templated":true}]}}