{"id":2887,"date":"2021-07-15T11:12:23","date_gmt":"2021-07-15T09:12:23","guid":{"rendered":"http:\/\/s311126158.mialojamiento.es\/producto\/pastilla-de-freno-delantera-85-ktm-hva-gasgas"},"modified":"2025-11-18T14:38:59","modified_gmt":"2025-11-18T13:38:59","slug":"pastilla-de-freno-delantera-85-ktm-hva-gasgas","status":"publish","type":"product","link":"http:\/\/www.mtr-2.com\/en\/product\/pastilla-de-freno-delantera-85-ktm-hva-gasgas","title":{"rendered":"Front brake pads 85 KTM SX, Husqvarna TC Until 2020"},"content":{"rendered":"","protected":false},"excerpt":{"rendered":"<p>MTR-2 brake pads are high performance sintered metal brake pads, with a mix of materials that have been formulated to extend the life of the pad. Designed to produce constant and progressive stopping power in the most extreme off-road conditions, motocross, supercross, enduro, rally ...<\/p>\n<p>Husqvarna TC 85 2014-2020<br \/>\nKTM SX 85 2012-2020<br \/>\nKTM FREERIDE 250 F 2018-2020<br \/>\nKTM FREERIDE 250 R 2013-2017<br \/>\nKTM FREERIDE 350 2012-2017<br \/>\nKTM FREERIDE 2012-2014<br \/>\nKTM FREERIDE E-EXC 2018&gt;\u2026<br \/>\nKTM FREERIDE E-SM 2015&gt;\u2026<br \/>\nKTM FREERIDE E-SX 2015&gt;\u2026<br \/>\nKTM FREERIDE E-XC 2015&gt;\u2026<br \/>\nIMR PITBIKE IMR GP20 160 2022&gt;\u2026<br \/>\nIMR PITBIKE IMR GP20 190-212 2023&gt;\u2026<\/p>","protected":false},"featured_media":5303,"template":"","meta":[],"product_brand":[],"product_cat":[90],"product_tag":[435,441,443,438,444,439,442,440,445,437,436],"class_list":{"0":"post-2887","1":"product","2":"type-product","3":"status-publish","4":"has-post-thumbnail","6":"product_cat-pastillas-freno","7":"product_tag-brake-padas","8":"product_tag-brake-pads-brembo","9":"product_tag-brake-pads-galfer","10":"product_tag-brake-pads-husqvarna-tc-85","11":"product_tag-brake-pads-moto","12":"product_tag-brake-pads-motocross","13":"product_tag-brake-pads-nissin","14":"product_tag-brake-pads-sintered-ktm","15":"product_tag-pastilla-freno-motocross","16":"product_tag-pastillas-de-freno-husqvarna-tc-85","17":"product_tag-pastillas-de-freno-ktm-85","19":"first","20":"instock","21":"taxable","22":"shipping-taxable","23":"purchasable","24":"product-type-simple"},"yoast_head":"<!-- This site is optimized with the Yoast SEO plugin v27.5 - https:\/\/yoast.com\/product\/yoast-seo-wordpress\/ -->\n<title>Pastilla de freno delantera 85 KTM SX, Husqvarna TC Hasta 2020 - MTR2 Live your style<\/title>\n<meta name=\"robots\" content=\"index, follow, max-snippet:-1, max-image-preview:large, max-video-preview:-1\" \/>\n<link rel=\"canonical\" href=\"http:\/\/www.mtr-2.com\/en\/product\/pastilla-de-freno-delantera-85-ktm-hva-gasgas\" \/>\n<meta property=\"og:locale\" content=\"en_GB\" \/>\n<meta property=\"og:type\" content=\"article\" \/>\n<meta property=\"og:title\" content=\"Pastilla de freno delantera 85 KTM SX, Husqvarna TC Hasta 2020 - MTR2 Live your style\" \/>\n<meta property=\"og:description\" content=\"Las pastillas de freno MTR-2 son pastillas de freno de metal sinterizado de alto rendimiento, con una mezcla de materiales que ha sido formulada para prolongar la vida \u00fatil de la pastilla. Dise\u00f1ado para producir una potencia de frenado constante y progresiva en las condiciones off-road m\u00e1s extremas, motocross, supercross, enduro, rally\u2026  Husqvarna TC 85 2014-2020 KTM SX 85 2012-2020 KTM FREERIDE 250 F 2018-2020 KTM FREERIDE 250 R 2013-2017 KTM FREERIDE 350 2012-2017 KTM FREERIDE 2012-2014 KTM FREERIDE E-EXC 2018&gt;\u2026 KTM FREERIDE E-SM 2015&gt;\u2026 KTM FREERIDE E-SX 2015&gt;\u2026 KTM FREERIDE E-XC 2015&gt;\u2026 IMR PITBIKE IMR GP20 160 2022&gt;\u2026 IMR PITBIKE IMR GP20 190-212 2023&gt;\u2026\" \/>\n<meta property=\"og:url\" content=\"http:\/\/www.mtr-2.com\/en\/product\/pastilla-de-freno-delantera-85-ktm-hva-gasgas\" \/>\n<meta property=\"og:site_name\" content=\"MTR2 Live your style\" \/>\n<meta property=\"article:publisher\" content=\"https:\/\/www.facebook.com\/mtr2worldwide\/\" \/>\n<meta property=\"article:modified_time\" content=\"2025-11-18T13:38:59+00:00\" \/>\n<meta property=\"og:image\" content=\"https:\/\/i0.wp.com\/www.mtr-2.com\/wp-content\/uploads\/2021\/10\/MTR-2-BRAKE-PADS-MOTOCROSS-ENDURO-SINTERED-KTM-GASGAS-HUSQVARNA-85-8100235.jpg?fit=500%2C500\" \/>\n\t<meta property=\"og:image:width\" content=\"500\" \/>\n\t<meta property=\"og:image:height\" content=\"500\" \/>\n\t<meta property=\"og:image:type\" content=\"image\/jpeg\" \/>\n<meta name=\"twitter:card\" content=\"summary_large_image\" \/>\n<meta name=\"twitter:label1\" content=\"Estimated reading time\" \/>\n\t<meta name=\"twitter:data1\" content=\"1 minute\" \/>\n<script type=\"application\/ld+json\" class=\"yoast-schema-graph\">{\"@context\":\"https:\\\/\\\/schema.org\",\"@graph\":[{\"@type\":\"WebPage\",\"@id\":\"http:\\\/\\\/www.mtr-2.com\\\/en\\\/product\\\/pastilla-de-freno-delantera-85-ktm-hva-gasgas\",\"url\":\"http:\\\/\\\/www.mtr-2.com\\\/en\\\/product\\\/pastilla-de-freno-delantera-85-ktm-hva-gasgas\",\"name\":\"Pastilla de freno delantera 85 KTM SX, Husqvarna TC Hasta 2020 - MTR2 Live your style\",\"isPartOf\":{\"@id\":\"https:\\\/\\\/www.mtr-2.com\\\/en\\\/#website\"},\"primaryImageOfPage\":{\"@id\":\"http:\\\/\\\/www.mtr-2.com\\\/en\\\/product\\\/pastilla-de-freno-delantera-85-ktm-hva-gasgas#primaryimage\"},\"image\":{\"@id\":\"http:\\\/\\\/www.mtr-2.com\\\/en\\\/product\\\/pastilla-de-freno-delantera-85-ktm-hva-gasgas#primaryimage\"},\"thumbnailUrl\":\"https:\\\/\\\/i0.wp.com\\\/www.mtr-2.com\\\/wp-content\\\/uploads\\\/2021\\\/10\\\/MTR-2-BRAKE-PADS-MOTOCROSS-ENDURO-SINTERED-KTM-GASGAS-HUSQVARNA-85-8100235.jpg?fit=500%2C500\",\"datePublished\":\"2021-07-15T09:12:23+00:00\",\"dateModified\":\"2025-11-18T13:38:59+00:00\",\"breadcrumb\":{\"@id\":\"http:\\\/\\\/www.mtr-2.com\\\/en\\\/product\\\/pastilla-de-freno-delantera-85-ktm-hva-gasgas#breadcrumb\"},\"inLanguage\":\"en-GB\",\"potentialAction\":[{\"@type\":\"ReadAction\",\"target\":[\"http:\\\/\\\/www.mtr-2.com\\\/en\\\/product\\\/pastilla-de-freno-delantera-85-ktm-hva-gasgas\"]}]},{\"@type\":\"ImageObject\",\"inLanguage\":\"en-GB\",\"@id\":\"http:\\\/\\\/www.mtr-2.com\\\/en\\\/product\\\/pastilla-de-freno-delantera-85-ktm-hva-gasgas#primaryimage\",\"url\":\"https:\\\/\\\/i0.wp.com\\\/www.mtr-2.com\\\/wp-content\\\/uploads\\\/2021\\\/10\\\/MTR-2-BRAKE-PADS-MOTOCROSS-ENDURO-SINTERED-KTM-GASGAS-HUSQVARNA-85-8100235.jpg?fit=500%2C500\",\"contentUrl\":\"https:\\\/\\\/i0.wp.com\\\/www.mtr-2.com\\\/wp-content\\\/uploads\\\/2021\\\/10\\\/MTR-2-BRAKE-PADS-MOTOCROSS-ENDURO-SINTERED-KTM-GASGAS-HUSQVARNA-85-8100235.jpg?fit=500%2C500\",\"width\":500,\"height\":500},{\"@type\":\"BreadcrumbList\",\"@id\":\"http:\\\/\\\/www.mtr-2.com\\\/en\\\/product\\\/pastilla-de-freno-delantera-85-ktm-hva-gasgas#breadcrumb\",\"itemListElement\":[{\"@type\":\"ListItem\",\"position\":1,\"name\":\"Portada\",\"item\":\"https:\\\/\\\/www.mtr-2.com\\\/en\\\/\"},{\"@type\":\"ListItem\",\"position\":2,\"name\":\"Tienda\",\"item\":\"https:\\\/\\\/www.mtr-2.com\\\/tienda\"},{\"@type\":\"ListItem\",\"position\":3,\"name\":\"Pastilla de freno delantera 85 KTM SX, Husqvarna TC Hasta 2020\"}]},{\"@type\":\"WebSite\",\"@id\":\"https:\\\/\\\/www.mtr-2.com\\\/en\\\/#website\",\"url\":\"https:\\\/\\\/www.mtr-2.com\\\/en\\\/\",\"name\":\"MTR2 Live your style\",\"description\":\"Los dise\u00f1os m\u00e1s exclusivos en gafas, guantes, manillares y accesorios para motocross, enduro, downhill mtb, bmx...\",\"publisher\":{\"@id\":\"https:\\\/\\\/www.mtr-2.com\\\/en\\\/#organization\"},\"alternateName\":\"MTR-2 Worldwide | Motocross, enduro, bmx, donwhill mtb, surf - Live Your Style\",\"potentialAction\":[{\"@type\":\"SearchAction\",\"target\":{\"@type\":\"EntryPoint\",\"urlTemplate\":\"https:\\\/\\\/www.mtr-2.com\\\/en\\\/?s={search_term_string}\"},\"query-input\":{\"@type\":\"PropertyValueSpecification\",\"valueRequired\":true,\"valueName\":\"search_term_string\"}}],\"inLanguage\":\"en-GB\"},{\"@type\":\"Organization\",\"@id\":\"https:\\\/\\\/www.mtr-2.com\\\/en\\\/#organization\",\"name\":\"MTR2 Live your style\",\"url\":\"https:\\\/\\\/www.mtr-2.com\\\/en\\\/\",\"logo\":{\"@type\":\"ImageObject\",\"inLanguage\":\"en-GB\",\"@id\":\"https:\\\/\\\/www.mtr-2.com\\\/en\\\/#\\\/schema\\\/logo\\\/image\\\/\",\"url\":\"https:\\\/\\\/i0.wp.com\\\/www.mtr-2.com\\\/wp-content\\\/uploads\\\/2021\\\/06\\\/MTR2-Logo-official.webp?fit=350%2C77\",\"contentUrl\":\"https:\\\/\\\/i0.wp.com\\\/www.mtr-2.com\\\/wp-content\\\/uploads\\\/2021\\\/06\\\/MTR2-Logo-official.webp?fit=350%2C77\",\"width\":350,\"height\":77,\"caption\":\"MTR2 Live your style\"},\"image\":{\"@id\":\"https:\\\/\\\/www.mtr-2.com\\\/en\\\/#\\\/schema\\\/logo\\\/image\\\/\"},\"sameAs\":[\"https:\\\/\\\/www.facebook.com\\\/mtr2worldwide\\\/\",\"https:\\\/\\\/www.instagram.com\\\/mtr2worldwide\\\/\"]}]}<\/script>\n<!-- \/ Yoast SEO plugin. -->","yoast_head_json":{"title":"Pastilla de freno delantera 85 KTM SX, Husqvarna TC Hasta 2020 - MTR2 Live your style","robots":{"index":"index","follow":"follow","max-snippet":"max-snippet:-1","max-image-preview":"max-image-preview:large","max-video-preview":"max-video-preview:-1"},"canonical":"http:\/\/www.mtr-2.com\/en\/product\/pastilla-de-freno-delantera-85-ktm-hva-gasgas","og_locale":"en_GB","og_type":"article","og_title":"Pastilla de freno delantera 85 KTM SX, Husqvarna TC Hasta 2020 - MTR2 Live your style","og_description":"Las pastillas de freno MTR-2 son pastillas de freno de metal sinterizado de alto rendimiento, con una mezcla de materiales que ha sido formulada para prolongar la vida \u00fatil de la pastilla. Dise\u00f1ado para producir una potencia de frenado constante y progresiva en las condiciones off-road m\u00e1s extremas, motocross, supercross, enduro, rally\u2026  Husqvarna TC 85 2014-2020 KTM SX 85 2012-2020 KTM FREERIDE 250 F 2018-2020 KTM FREERIDE 250 R 2013-2017 KTM FREERIDE 350 2012-2017 KTM FREERIDE 2012-2014 KTM FREERIDE E-EXC 2018&gt;\u2026 KTM FREERIDE E-SM 2015&gt;\u2026 KTM FREERIDE E-SX 2015&gt;\u2026 KTM FREERIDE E-XC 2015&gt;\u2026 IMR PITBIKE IMR GP20 160 2022&gt;\u2026 IMR PITBIKE IMR GP20 190-212 2023&gt;\u2026","og_url":"http:\/\/www.mtr-2.com\/en\/product\/pastilla-de-freno-delantera-85-ktm-hva-gasgas","og_site_name":"MTR2 Live your style","article_publisher":"https:\/\/www.facebook.com\/mtr2worldwide\/","article_modified_time":"2025-11-18T13:38:59+00:00","og_image":[{"width":500,"height":500,"url":"https:\/\/i0.wp.com\/www.mtr-2.com\/wp-content\/uploads\/2021\/10\/MTR-2-BRAKE-PADS-MOTOCROSS-ENDURO-SINTERED-KTM-GASGAS-HUSQVARNA-85-8100235.jpg?fit=500%2C500","type":"image\/jpeg"}],"twitter_card":"summary_large_image","twitter_misc":{"Estimated reading time":"1 minute"},"schema":{"@context":"https:\/\/schema.org","@graph":[{"@type":"WebPage","@id":"http:\/\/www.mtr-2.com\/en\/product\/pastilla-de-freno-delantera-85-ktm-hva-gasgas","url":"http:\/\/www.mtr-2.com\/en\/product\/pastilla-de-freno-delantera-85-ktm-hva-gasgas","name":"Pastilla de freno delantera 85 KTM SX, Husqvarna TC Hasta 2020 - MTR2 Live your style","isPartOf":{"@id":"https:\/\/www.mtr-2.com\/en\/#website"},"primaryImageOfPage":{"@id":"http:\/\/www.mtr-2.com\/en\/product\/pastilla-de-freno-delantera-85-ktm-hva-gasgas#primaryimage"},"image":{"@id":"http:\/\/www.mtr-2.com\/en\/product\/pastilla-de-freno-delantera-85-ktm-hva-gasgas#primaryimage"},"thumbnailUrl":"https:\/\/i0.wp.com\/www.mtr-2.com\/wp-content\/uploads\/2021\/10\/MTR-2-BRAKE-PADS-MOTOCROSS-ENDURO-SINTERED-KTM-GASGAS-HUSQVARNA-85-8100235.jpg?fit=500%2C500","datePublished":"2021-07-15T09:12:23+00:00","dateModified":"2025-11-18T13:38:59+00:00","breadcrumb":{"@id":"http:\/\/www.mtr-2.com\/en\/product\/pastilla-de-freno-delantera-85-ktm-hva-gasgas#breadcrumb"},"inLanguage":"en-GB","potentialAction":[{"@type":"ReadAction","target":["http:\/\/www.mtr-2.com\/en\/product\/pastilla-de-freno-delantera-85-ktm-hva-gasgas"]}]},{"@type":"ImageObject","inLanguage":"en-GB","@id":"http:\/\/www.mtr-2.com\/en\/product\/pastilla-de-freno-delantera-85-ktm-hva-gasgas#primaryimage","url":"https:\/\/i0.wp.com\/www.mtr-2.com\/wp-content\/uploads\/2021\/10\/MTR-2-BRAKE-PADS-MOTOCROSS-ENDURO-SINTERED-KTM-GASGAS-HUSQVARNA-85-8100235.jpg?fit=500%2C500","contentUrl":"https:\/\/i0.wp.com\/www.mtr-2.com\/wp-content\/uploads\/2021\/10\/MTR-2-BRAKE-PADS-MOTOCROSS-ENDURO-SINTERED-KTM-GASGAS-HUSQVARNA-85-8100235.jpg?fit=500%2C500","width":500,"height":500},{"@type":"BreadcrumbList","@id":"http:\/\/www.mtr-2.com\/en\/product\/pastilla-de-freno-delantera-85-ktm-hva-gasgas#breadcrumb","itemListElement":[{"@type":"ListItem","position":1,"name":"Portada","item":"https:\/\/www.mtr-2.com\/en\/"},{"@type":"ListItem","position":2,"name":"Tienda","item":"https:\/\/www.mtr-2.com\/tienda"},{"@type":"ListItem","position":3,"name":"Pastilla de freno delantera 85 KTM SX, Husqvarna TC Hasta 2020"}]},{"@type":"WebSite","@id":"https:\/\/www.mtr-2.com\/en\/#website","url":"https:\/\/www.mtr-2.com\/en\/","name":"MTR2 Live your style","description":"Los dise\u00f1os m\u00e1s exclusivos en gafas, guantes, manillares y accesorios para motocross, enduro, downhill mtb, bmx...","publisher":{"@id":"https:\/\/www.mtr-2.com\/en\/#organization"},"alternateName":"MTR-2 Worldwide | Motocross, enduro, bmx, donwhill mtb, surf - Live Your Style","potentialAction":[{"@type":"SearchAction","target":{"@type":"EntryPoint","urlTemplate":"https:\/\/www.mtr-2.com\/en\/?s={search_term_string}"},"query-input":{"@type":"PropertyValueSpecification","valueRequired":true,"valueName":"search_term_string"}}],"inLanguage":"en-GB"},{"@type":"Organization","@id":"https:\/\/www.mtr-2.com\/en\/#organization","name":"MTR2 Live your style","url":"https:\/\/www.mtr-2.com\/en\/","logo":{"@type":"ImageObject","inLanguage":"en-GB","@id":"https:\/\/www.mtr-2.com\/en\/#\/schema\/logo\/image\/","url":"https:\/\/i0.wp.com\/www.mtr-2.com\/wp-content\/uploads\/2021\/06\/MTR2-Logo-official.webp?fit=350%2C77","contentUrl":"https:\/\/i0.wp.com\/www.mtr-2.com\/wp-content\/uploads\/2021\/06\/MTR2-Logo-official.webp?fit=350%2C77","width":350,"height":77,"caption":"MTR2 Live your style"},"image":{"@id":"https:\/\/www.mtr-2.com\/en\/#\/schema\/logo\/image\/"},"sameAs":["https:\/\/www.facebook.com\/mtr2worldwide\/","https:\/\/www.instagram.com\/mtr2worldwide\/"]}]}},"jetpack_sharing_enabled":true,"_links":{"self":[{"href":"http:\/\/www.mtr-2.com\/en\/wp-json\/wp\/v2\/product\/2887","targetHints":{"allow":["GET"]}}],"collection":[{"href":"http:\/\/www.mtr-2.com\/en\/wp-json\/wp\/v2\/product"}],"about":[{"href":"http:\/\/www.mtr-2.com\/en\/wp-json\/wp\/v2\/types\/product"}],"wp:featuredmedia":[{"embeddable":true,"href":"http:\/\/www.mtr-2.com\/en\/wp-json\/wp\/v2\/media\/5303"}],"wp:attachment":[{"href":"http:\/\/www.mtr-2.com\/en\/wp-json\/wp\/v2\/media?parent=2887"}],"wp:term":[{"taxonomy":"product_brand","embeddable":true,"href":"http:\/\/www.mtr-2.com\/en\/wp-json\/wp\/v2\/product_brand?post=2887"},{"taxonomy":"product_cat","embeddable":true,"href":"http:\/\/www.mtr-2.com\/en\/wp-json\/wp\/v2\/product_cat?post=2887"},{"taxonomy":"product_tag","embeddable":true,"href":"http:\/\/www.mtr-2.com\/en\/wp-json\/wp\/v2\/product_tag?post=2887"}],"curies":[{"name":"wp","href":"https:\/\/api.w.org\/{rel}","templated":true}]}}