{"id":2888,"date":"2021-07-15T11:12:24","date_gmt":"2021-07-15T09:12:24","guid":{"rendered":"http:\/\/s311126158.mialojamiento.es\/producto\/pastilla-de-freno-delantera-ktm-hva-gasgas"},"modified":"2026-04-20T11:27:02","modified_gmt":"2026-04-20T09:27:02","slug":"pastilla-de-freno-delantera-ktm-hva-gasgas","status":"publish","type":"product","link":"http:\/\/www.mtr-2.com\/en\/product\/pastilla-de-freno-delantera-ktm-hva-gasgas","title":{"rendered":"Front brake pads KX 450F 2024 \/ KTM \/ HVA, GasGas, TM, Sherco, Yamaha Tener\u00e9"},"content":{"rendered":"<p>Ducati Desmo 450 MX 2024&amp;gt;&#8230;<br \/>\nKawasaki KX 450 F\/X 2024&amp;gt;&#8230;<br \/>\nKawasaki KX 250 F\/X 2024&amp;gt;&#8230;<br \/>\nTriumph TF 250-450 X 2024&amp;gt;&#8230;<br \/>\nTriumph TF 250-450 E 2026&amp;gt;&#8230;<br \/>\nStark Varg MX 2022&amp;gt;&#8230;<br \/>\nStark Varg EX 2025&amp;gt;&#8230;<br \/>\nStark Varg SM 2025&amp;gt;&#8230;<br \/>\nKTM SX\/SXF\/EXC\/EXC-F 125-530 1992&gt;\u2026<br \/>\nKTM SX 85 2021&gt;&#8230;<br \/>\nHusqvarna TC\/FC\/TE\/FE 125-510 1995&gt;\u2026<br \/>\nHusqvarna TC 85 2021&gt;&#8230;<br \/>\nHusaberg CROSS\/ENDURO 00-14<br \/>\nGasGas EC\/MC 125-450 2021&gt;\u2026<br \/>\nGasGas MC 85 2021&gt;&#8230;<br \/>\nSherco SE\/F 250 2009&gt;&#8230;<br \/>\nSherco SE\/F 300 2012&gt;&#8230;<br \/>\nSherco SEF 450 2004&gt;&#8230;<br \/>\nTM MX\/EN 85-125-250-450-530 2000&gt;&#8230;<br \/>\nYamaha Tener\u00e9 700 2024&gt;&#8230;<br \/>\nBMW G 450 X 2008&gt;&#8230;<\/p>","protected":false},"excerpt":{"rendered":"<p>MTR-2 brake pads are high performance sintered metal brake pads, with a mix of materials that have been formulated to extend the life of the pad. Designed to produce constant and progressive stopping power in the most extreme off-road conditions, motocross, supercross, enduro, rally ...<\/p>","protected":false},"featured_media":5304,"template":"","meta":[],"product_brand":[],"product_cat":[90],"product_tag":[],"class_list":{"0":"post-2888","1":"product","2":"type-product","3":"status-publish","4":"has-post-thumbnail","6":"product_cat-pastillas-freno","8":"first","9":"instock","10":"taxable","11":"shipping-taxable","12":"purchasable","13":"product-type-simple"},"yoast_head":"<!-- This site is optimized with the Yoast SEO plugin v27.5 - https:\/\/yoast.com\/product\/yoast-seo-wordpress\/ -->\n<title>Pastilla de freno delantera KX 450F 2024 \/ KTM \/ HVA, GasGas, TM, Sherco, Yamaha Tener\u00e9 - MTR2 Live your style<\/title>\n<meta name=\"robots\" content=\"index, follow, max-snippet:-1, max-image-preview:large, max-video-preview:-1\" \/>\n<link rel=\"canonical\" href=\"http:\/\/www.mtr-2.com\/en\/product\/pastilla-de-freno-delantera-ktm-hva-gasgas\" \/>\n<meta property=\"og:locale\" content=\"en_GB\" \/>\n<meta property=\"og:type\" content=\"article\" \/>\n<meta property=\"og:title\" content=\"Pastilla de freno delantera KX 450F 2024 \/ KTM \/ HVA, GasGas, TM, Sherco, Yamaha Tener\u00e9 - MTR2 Live your style\" \/>\n<meta property=\"og:description\" content=\"Las pastillas de freno MTR-2 son pastillas de freno de metal sinterizado de alto rendimiento, con una mezcla de materiales que ha sido formulada para prolongar la vida \u00fatil de la pastilla. Dise\u00f1ado para producir una potencia de frenado constante y progresiva en las condiciones off-road m\u00e1s extremas, motocross, supercross, enduro, rally\u2026\" \/>\n<meta property=\"og:url\" content=\"http:\/\/www.mtr-2.com\/en\/product\/pastilla-de-freno-delantera-ktm-hva-gasgas\" \/>\n<meta property=\"og:site_name\" content=\"MTR2 Live your style\" \/>\n<meta property=\"article:publisher\" content=\"https:\/\/www.facebook.com\/mtr2worldwide\/\" \/>\n<meta property=\"article:modified_time\" content=\"2026-04-20T09:27:02+00:00\" \/>\n<meta property=\"og:image\" content=\"https:\/\/i0.wp.com\/www.mtr-2.com\/wp-content\/uploads\/2021\/10\/MTR-2-BRAKE-PADS-MOTOCROSS-ENDURO-SINTERED-KTM-GASGAS-HUSQVARNA-8100073.jpg?fit=500%2C500\" \/>\n\t<meta property=\"og:image:width\" content=\"500\" \/>\n\t<meta property=\"og:image:height\" content=\"500\" \/>\n\t<meta property=\"og:image:type\" content=\"image\/jpeg\" \/>\n<meta name=\"twitter:card\" content=\"summary_large_image\" \/>\n<meta name=\"twitter:label1\" content=\"Estimated reading time\" \/>\n\t<meta name=\"twitter:data1\" content=\"1 minute\" \/>\n<script type=\"application\/ld+json\" class=\"yoast-schema-graph\">{\"@context\":\"https:\\\/\\\/schema.org\",\"@graph\":[{\"@type\":\"WebPage\",\"@id\":\"http:\\\/\\\/www.mtr-2.com\\\/en\\\/product\\\/pastilla-de-freno-delantera-ktm-hva-gasgas\",\"url\":\"http:\\\/\\\/www.mtr-2.com\\\/en\\\/product\\\/pastilla-de-freno-delantera-ktm-hva-gasgas\",\"name\":\"Pastilla de freno delantera KX 450F 2024 \\\/ KTM \\\/ HVA, GasGas, TM, Sherco, Yamaha Tener\u00e9 - MTR2 Live your style\",\"isPartOf\":{\"@id\":\"https:\\\/\\\/www.mtr-2.com\\\/en\\\/#website\"},\"primaryImageOfPage\":{\"@id\":\"http:\\\/\\\/www.mtr-2.com\\\/en\\\/product\\\/pastilla-de-freno-delantera-ktm-hva-gasgas#primaryimage\"},\"image\":{\"@id\":\"http:\\\/\\\/www.mtr-2.com\\\/en\\\/product\\\/pastilla-de-freno-delantera-ktm-hva-gasgas#primaryimage\"},\"thumbnailUrl\":\"https:\\\/\\\/i0.wp.com\\\/www.mtr-2.com\\\/wp-content\\\/uploads\\\/2021\\\/10\\\/MTR-2-BRAKE-PADS-MOTOCROSS-ENDURO-SINTERED-KTM-GASGAS-HUSQVARNA-8100073.jpg?fit=500%2C500\",\"datePublished\":\"2021-07-15T09:12:24+00:00\",\"dateModified\":\"2026-04-20T09:27:02+00:00\",\"breadcrumb\":{\"@id\":\"http:\\\/\\\/www.mtr-2.com\\\/en\\\/product\\\/pastilla-de-freno-delantera-ktm-hva-gasgas#breadcrumb\"},\"inLanguage\":\"en-GB\",\"potentialAction\":[{\"@type\":\"ReadAction\",\"target\":[\"http:\\\/\\\/www.mtr-2.com\\\/en\\\/product\\\/pastilla-de-freno-delantera-ktm-hva-gasgas\"]}]},{\"@type\":\"ImageObject\",\"inLanguage\":\"en-GB\",\"@id\":\"http:\\\/\\\/www.mtr-2.com\\\/en\\\/product\\\/pastilla-de-freno-delantera-ktm-hva-gasgas#primaryimage\",\"url\":\"https:\\\/\\\/i0.wp.com\\\/www.mtr-2.com\\\/wp-content\\\/uploads\\\/2021\\\/10\\\/MTR-2-BRAKE-PADS-MOTOCROSS-ENDURO-SINTERED-KTM-GASGAS-HUSQVARNA-8100073.jpg?fit=500%2C500\",\"contentUrl\":\"https:\\\/\\\/i0.wp.com\\\/www.mtr-2.com\\\/wp-content\\\/uploads\\\/2021\\\/10\\\/MTR-2-BRAKE-PADS-MOTOCROSS-ENDURO-SINTERED-KTM-GASGAS-HUSQVARNA-8100073.jpg?fit=500%2C500\",\"width\":500,\"height\":500},{\"@type\":\"BreadcrumbList\",\"@id\":\"http:\\\/\\\/www.mtr-2.com\\\/en\\\/product\\\/pastilla-de-freno-delantera-ktm-hva-gasgas#breadcrumb\",\"itemListElement\":[{\"@type\":\"ListItem\",\"position\":1,\"name\":\"Portada\",\"item\":\"https:\\\/\\\/www.mtr-2.com\\\/en\\\/\"},{\"@type\":\"ListItem\",\"position\":2,\"name\":\"Tienda\",\"item\":\"https:\\\/\\\/www.mtr-2.com\\\/tienda\"},{\"@type\":\"ListItem\",\"position\":3,\"name\":\"Pastilla de freno delantera KX 450F 2024 \\\/ KTM \\\/ HVA, GasGas, TM, Sherco, Yamaha Tener\u00e9\"}]},{\"@type\":\"WebSite\",\"@id\":\"https:\\\/\\\/www.mtr-2.com\\\/en\\\/#website\",\"url\":\"https:\\\/\\\/www.mtr-2.com\\\/en\\\/\",\"name\":\"MTR2 Live your style\",\"description\":\"Los dise\u00f1os m\u00e1s exclusivos en gafas, guantes, manillares y accesorios para motocross, enduro, downhill mtb, bmx...\",\"publisher\":{\"@id\":\"https:\\\/\\\/www.mtr-2.com\\\/en\\\/#organization\"},\"alternateName\":\"MTR-2 Worldwide | Motocross, enduro, bmx, donwhill mtb, surf - Live Your Style\",\"potentialAction\":[{\"@type\":\"SearchAction\",\"target\":{\"@type\":\"EntryPoint\",\"urlTemplate\":\"https:\\\/\\\/www.mtr-2.com\\\/en\\\/?s={search_term_string}\"},\"query-input\":{\"@type\":\"PropertyValueSpecification\",\"valueRequired\":true,\"valueName\":\"search_term_string\"}}],\"inLanguage\":\"en-GB\"},{\"@type\":\"Organization\",\"@id\":\"https:\\\/\\\/www.mtr-2.com\\\/en\\\/#organization\",\"name\":\"MTR2 Live your style\",\"url\":\"https:\\\/\\\/www.mtr-2.com\\\/en\\\/\",\"logo\":{\"@type\":\"ImageObject\",\"inLanguage\":\"en-GB\",\"@id\":\"https:\\\/\\\/www.mtr-2.com\\\/en\\\/#\\\/schema\\\/logo\\\/image\\\/\",\"url\":\"https:\\\/\\\/i0.wp.com\\\/www.mtr-2.com\\\/wp-content\\\/uploads\\\/2021\\\/06\\\/MTR2-Logo-official.webp?fit=350%2C77\",\"contentUrl\":\"https:\\\/\\\/i0.wp.com\\\/www.mtr-2.com\\\/wp-content\\\/uploads\\\/2021\\\/06\\\/MTR2-Logo-official.webp?fit=350%2C77\",\"width\":350,\"height\":77,\"caption\":\"MTR2 Live your style\"},\"image\":{\"@id\":\"https:\\\/\\\/www.mtr-2.com\\\/en\\\/#\\\/schema\\\/logo\\\/image\\\/\"},\"sameAs\":[\"https:\\\/\\\/www.facebook.com\\\/mtr2worldwide\\\/\",\"https:\\\/\\\/www.instagram.com\\\/mtr2worldwide\\\/\"]}]}<\/script>\n<!-- \/ Yoast SEO plugin. -->","yoast_head_json":{"title":"Pastilla de freno delantera KX 450F 2024 \/ KTM \/ HVA, GasGas, TM, Sherco, Yamaha Tener\u00e9 - MTR2 Live your style","robots":{"index":"index","follow":"follow","max-snippet":"max-snippet:-1","max-image-preview":"max-image-preview:large","max-video-preview":"max-video-preview:-1"},"canonical":"http:\/\/www.mtr-2.com\/en\/product\/pastilla-de-freno-delantera-ktm-hva-gasgas","og_locale":"en_GB","og_type":"article","og_title":"Pastilla de freno delantera KX 450F 2024 \/ KTM \/ HVA, GasGas, TM, Sherco, Yamaha Tener\u00e9 - MTR2 Live your style","og_description":"Las pastillas de freno MTR-2 son pastillas de freno de metal sinterizado de alto rendimiento, con una mezcla de materiales que ha sido formulada para prolongar la vida \u00fatil de la pastilla. Dise\u00f1ado para producir una potencia de frenado constante y progresiva en las condiciones off-road m\u00e1s extremas, motocross, supercross, enduro, rally\u2026","og_url":"http:\/\/www.mtr-2.com\/en\/product\/pastilla-de-freno-delantera-ktm-hva-gasgas","og_site_name":"MTR2 Live your style","article_publisher":"https:\/\/www.facebook.com\/mtr2worldwide\/","article_modified_time":"2026-04-20T09:27:02+00:00","og_image":[{"width":500,"height":500,"url":"https:\/\/i0.wp.com\/www.mtr-2.com\/wp-content\/uploads\/2021\/10\/MTR-2-BRAKE-PADS-MOTOCROSS-ENDURO-SINTERED-KTM-GASGAS-HUSQVARNA-8100073.jpg?fit=500%2C500","type":"image\/jpeg"}],"twitter_card":"summary_large_image","twitter_misc":{"Estimated reading time":"1 minute"},"schema":{"@context":"https:\/\/schema.org","@graph":[{"@type":"WebPage","@id":"http:\/\/www.mtr-2.com\/en\/product\/pastilla-de-freno-delantera-ktm-hva-gasgas","url":"http:\/\/www.mtr-2.com\/en\/product\/pastilla-de-freno-delantera-ktm-hva-gasgas","name":"Pastilla de freno delantera KX 450F 2024 \/ KTM \/ HVA, GasGas, TM, Sherco, Yamaha Tener\u00e9 - MTR2 Live your style","isPartOf":{"@id":"https:\/\/www.mtr-2.com\/en\/#website"},"primaryImageOfPage":{"@id":"http:\/\/www.mtr-2.com\/en\/product\/pastilla-de-freno-delantera-ktm-hva-gasgas#primaryimage"},"image":{"@id":"http:\/\/www.mtr-2.com\/en\/product\/pastilla-de-freno-delantera-ktm-hva-gasgas#primaryimage"},"thumbnailUrl":"https:\/\/i0.wp.com\/www.mtr-2.com\/wp-content\/uploads\/2021\/10\/MTR-2-BRAKE-PADS-MOTOCROSS-ENDURO-SINTERED-KTM-GASGAS-HUSQVARNA-8100073.jpg?fit=500%2C500","datePublished":"2021-07-15T09:12:24+00:00","dateModified":"2026-04-20T09:27:02+00:00","breadcrumb":{"@id":"http:\/\/www.mtr-2.com\/en\/product\/pastilla-de-freno-delantera-ktm-hva-gasgas#breadcrumb"},"inLanguage":"en-GB","potentialAction":[{"@type":"ReadAction","target":["http:\/\/www.mtr-2.com\/en\/product\/pastilla-de-freno-delantera-ktm-hva-gasgas"]}]},{"@type":"ImageObject","inLanguage":"en-GB","@id":"http:\/\/www.mtr-2.com\/en\/product\/pastilla-de-freno-delantera-ktm-hva-gasgas#primaryimage","url":"https:\/\/i0.wp.com\/www.mtr-2.com\/wp-content\/uploads\/2021\/10\/MTR-2-BRAKE-PADS-MOTOCROSS-ENDURO-SINTERED-KTM-GASGAS-HUSQVARNA-8100073.jpg?fit=500%2C500","contentUrl":"https:\/\/i0.wp.com\/www.mtr-2.com\/wp-content\/uploads\/2021\/10\/MTR-2-BRAKE-PADS-MOTOCROSS-ENDURO-SINTERED-KTM-GASGAS-HUSQVARNA-8100073.jpg?fit=500%2C500","width":500,"height":500},{"@type":"BreadcrumbList","@id":"http:\/\/www.mtr-2.com\/en\/product\/pastilla-de-freno-delantera-ktm-hva-gasgas#breadcrumb","itemListElement":[{"@type":"ListItem","position":1,"name":"Portada","item":"https:\/\/www.mtr-2.com\/en\/"},{"@type":"ListItem","position":2,"name":"Tienda","item":"https:\/\/www.mtr-2.com\/tienda"},{"@type":"ListItem","position":3,"name":"Pastilla de freno delantera KX 450F 2024 \/ KTM \/ HVA, GasGas, TM, Sherco, Yamaha Tener\u00e9"}]},{"@type":"WebSite","@id":"https:\/\/www.mtr-2.com\/en\/#website","url":"https:\/\/www.mtr-2.com\/en\/","name":"MTR2 Live your style","description":"Los dise\u00f1os m\u00e1s exclusivos en gafas, guantes, manillares y accesorios para motocross, enduro, downhill mtb, bmx...","publisher":{"@id":"https:\/\/www.mtr-2.com\/en\/#organization"},"alternateName":"MTR-2 Worldwide | Motocross, enduro, bmx, donwhill mtb, surf - Live Your Style","potentialAction":[{"@type":"SearchAction","target":{"@type":"EntryPoint","urlTemplate":"https:\/\/www.mtr-2.com\/en\/?s={search_term_string}"},"query-input":{"@type":"PropertyValueSpecification","valueRequired":true,"valueName":"search_term_string"}}],"inLanguage":"en-GB"},{"@type":"Organization","@id":"https:\/\/www.mtr-2.com\/en\/#organization","name":"MTR2 Live your style","url":"https:\/\/www.mtr-2.com\/en\/","logo":{"@type":"ImageObject","inLanguage":"en-GB","@id":"https:\/\/www.mtr-2.com\/en\/#\/schema\/logo\/image\/","url":"https:\/\/i0.wp.com\/www.mtr-2.com\/wp-content\/uploads\/2021\/06\/MTR2-Logo-official.webp?fit=350%2C77","contentUrl":"https:\/\/i0.wp.com\/www.mtr-2.com\/wp-content\/uploads\/2021\/06\/MTR2-Logo-official.webp?fit=350%2C77","width":350,"height":77,"caption":"MTR2 Live your style"},"image":{"@id":"https:\/\/www.mtr-2.com\/en\/#\/schema\/logo\/image\/"},"sameAs":["https:\/\/www.facebook.com\/mtr2worldwide\/","https:\/\/www.instagram.com\/mtr2worldwide\/"]}]}},"jetpack_sharing_enabled":true,"_links":{"self":[{"href":"http:\/\/www.mtr-2.com\/en\/wp-json\/wp\/v2\/product\/2888","targetHints":{"allow":["GET"]}}],"collection":[{"href":"http:\/\/www.mtr-2.com\/en\/wp-json\/wp\/v2\/product"}],"about":[{"href":"http:\/\/www.mtr-2.com\/en\/wp-json\/wp\/v2\/types\/product"}],"wp:featuredmedia":[{"embeddable":true,"href":"http:\/\/www.mtr-2.com\/en\/wp-json\/wp\/v2\/media\/5304"}],"wp:attachment":[{"href":"http:\/\/www.mtr-2.com\/en\/wp-json\/wp\/v2\/media?parent=2888"}],"wp:term":[{"taxonomy":"product_brand","embeddable":true,"href":"http:\/\/www.mtr-2.com\/en\/wp-json\/wp\/v2\/product_brand?post=2888"},{"taxonomy":"product_cat","embeddable":true,"href":"http:\/\/www.mtr-2.com\/en\/wp-json\/wp\/v2\/product_cat?post=2888"},{"taxonomy":"product_tag","embeddable":true,"href":"http:\/\/www.mtr-2.com\/en\/wp-json\/wp\/v2\/product_tag?post=2888"}],"curies":[{"name":"wp","href":"https:\/\/api.w.org\/{rel}","templated":true}]}}