{"id":2890,"date":"2021-07-15T11:12:25","date_gmt":"2021-07-15T09:12:25","guid":{"rendered":"http:\/\/s311126158.mialojamiento.es\/producto\/pastilla-de-freno-trasera-yamaha-kawasaki-suzuki"},"modified":"2026-04-20T11:27:02","modified_gmt":"2026-04-20T09:27:02","slug":"pastilla-de-freno-trasera-yamaha-kawasaki-suzuki","status":"publish","type":"product","link":"http:\/\/www.mtr-2.com\/en\/product\/pastilla-de-freno-trasera-yamaha-kawasaki-suzuki","title":{"rendered":"Rear brake pads Yamaha, Fantic, Kawasaki, Suzuki, TM , Rieju, GasGas"},"content":{"rendered":"<p>Kawasaki KX F 250-450 2004-2023<br \/>\nKawasaki KX 125-250 2T 95-08<br \/>\nSuzuki RMZ 250-450 2004&gt;\u2026<br \/>\nYamaha YZ\/YZF 125-450 2003&gt;\u2026<br \/>\nFantic Rally 450 2022>&#8230;<br \/>\nFantic XX\/F XE\/F 125-250-450 2020>&#8230;<br \/>\nGasGas EC 125-200-250 2011-2020<br \/>\nGasGas EC 300 2009-2020<br \/>\nGasGas EC 125-300 2011-2020<br \/>\nGasGas EC 250 F 2010-2020<br \/>\nGasGas EC 450 F 2015-2020<br \/>\nRieju MR 250-300 2020>&#8230;<br \/>\nTM EN\/F 125-250-450 2004>&#8230;<br \/>\nTM MX\/F 125-250-450 2005>&#8230;<\/p>","protected":false},"excerpt":{"rendered":"<p>MTR-2 brake pads are high performance sintered metal brake pads, with a mix of materials that have been formulated to extend the life of the pad. Designed to produce constant and progressive stopping power in the most extreme off-road conditions, motocross, supercross, enduro, rally ...<\/p>","protected":false},"featured_media":5301,"template":"","meta":[],"product_brand":[],"product_cat":[90],"product_tag":[],"class_list":{"0":"post-2890","1":"product","2":"type-product","3":"status-publish","4":"has-post-thumbnail","6":"product_cat-pastillas-freno","8":"first","9":"instock","10":"taxable","11":"shipping-taxable","12":"purchasable","13":"product-type-simple"},"yoast_head":"<!-- This site is optimized with the Yoast SEO plugin v27.5 - https:\/\/yoast.com\/product\/yoast-seo-wordpress\/ -->\n<title>Pastilla de freno trasera Yamaha, Fantic, Kawasaki, Suzuki, TM , Rieju, GasGas - MTR2 Live your style<\/title>\n<meta name=\"robots\" content=\"index, follow, max-snippet:-1, max-image-preview:large, max-video-preview:-1\" \/>\n<link rel=\"canonical\" href=\"https:\/\/www.mtr-2.com\/en\/product\/pastilla-de-freno-trasera-yamaha-kawasaki-suzuki\/\" \/>\n<meta property=\"og:locale\" content=\"en_GB\" \/>\n<meta property=\"og:type\" content=\"article\" \/>\n<meta property=\"og:title\" content=\"Pastilla de freno trasera Yamaha, Fantic, Kawasaki, Suzuki, TM , Rieju, GasGas - MTR2 Live your style\" \/>\n<meta property=\"og:description\" content=\"Las pastillas de freno MTR-2 son pastillas de freno de metal sinterizado de alto rendimiento, con una mezcla de materiales que ha sido formulada para prolongar la vida \u00fatil de la pastilla. Dise\u00f1ado para producir una potencia de frenado constante y progresiva en las condiciones off-road m\u00e1s extremas, motocross, supercross, enduro, rally\u2026\" \/>\n<meta property=\"og:url\" content=\"https:\/\/www.mtr-2.com\/en\/product\/pastilla-de-freno-trasera-yamaha-kawasaki-suzuki\/\" \/>\n<meta property=\"og:site_name\" content=\"MTR2 Live your style\" \/>\n<meta property=\"article:publisher\" content=\"https:\/\/www.facebook.com\/mtr2worldwide\/\" \/>\n<meta property=\"article:modified_time\" content=\"2026-04-20T09:27:02+00:00\" \/>\n<meta property=\"og:image\" content=\"https:\/\/i0.wp.com\/www.mtr-2.com\/wp-content\/uploads\/2021\/10\/MTR-2-BRAKE-PADS-MOTOCROSS-ENDURO-SINTERED-KAWASAKI-KXF-SUZUKI-RMZ-YAMAHA-YZF-8100157.jpg?fit=500%2C500&ssl=1\" \/>\n\t<meta property=\"og:image:width\" content=\"500\" \/>\n\t<meta property=\"og:image:height\" content=\"500\" \/>\n\t<meta property=\"og:image:type\" content=\"image\/jpeg\" \/>\n<meta name=\"twitter:card\" content=\"summary_large_image\" \/>\n<meta name=\"twitter:label1\" content=\"Estimated reading time\" \/>\n\t<meta name=\"twitter:data1\" content=\"1 minute\" \/>\n<script type=\"application\/ld+json\" class=\"yoast-schema-graph\">{\"@context\":\"https:\\\/\\\/schema.org\",\"@graph\":[{\"@type\":\"WebPage\",\"@id\":\"https:\\\/\\\/www.mtr-2.com\\\/producto\\\/pastilla-de-freno-trasera-yamaha-kawasaki-suzuki\",\"url\":\"https:\\\/\\\/www.mtr-2.com\\\/producto\\\/pastilla-de-freno-trasera-yamaha-kawasaki-suzuki\",\"name\":\"Pastilla de freno trasera Yamaha, Fantic, Kawasaki, Suzuki, TM , Rieju, GasGas - MTR2 Live your style\",\"isPartOf\":{\"@id\":\"http:\\\/\\\/www.mtr-2.com\\\/en\\\/#website\"},\"primaryImageOfPage\":{\"@id\":\"https:\\\/\\\/www.mtr-2.com\\\/producto\\\/pastilla-de-freno-trasera-yamaha-kawasaki-suzuki#primaryimage\"},\"image\":{\"@id\":\"https:\\\/\\\/www.mtr-2.com\\\/producto\\\/pastilla-de-freno-trasera-yamaha-kawasaki-suzuki#primaryimage\"},\"thumbnailUrl\":\"https:\\\/\\\/i0.wp.com\\\/www.mtr-2.com\\\/wp-content\\\/uploads\\\/2021\\\/10\\\/MTR-2-BRAKE-PADS-MOTOCROSS-ENDURO-SINTERED-KAWASAKI-KXF-SUZUKI-RMZ-YAMAHA-YZF-8100157.jpg?fit=500%2C500\",\"datePublished\":\"2021-07-15T09:12:25+00:00\",\"dateModified\":\"2026-04-20T09:27:02+00:00\",\"breadcrumb\":{\"@id\":\"https:\\\/\\\/www.mtr-2.com\\\/producto\\\/pastilla-de-freno-trasera-yamaha-kawasaki-suzuki#breadcrumb\"},\"inLanguage\":\"en-GB\",\"potentialAction\":[{\"@type\":\"ReadAction\",\"target\":[\"https:\\\/\\\/www.mtr-2.com\\\/producto\\\/pastilla-de-freno-trasera-yamaha-kawasaki-suzuki\"]}]},{\"@type\":\"ImageObject\",\"inLanguage\":\"en-GB\",\"@id\":\"https:\\\/\\\/www.mtr-2.com\\\/producto\\\/pastilla-de-freno-trasera-yamaha-kawasaki-suzuki#primaryimage\",\"url\":\"https:\\\/\\\/i0.wp.com\\\/www.mtr-2.com\\\/wp-content\\\/uploads\\\/2021\\\/10\\\/MTR-2-BRAKE-PADS-MOTOCROSS-ENDURO-SINTERED-KAWASAKI-KXF-SUZUKI-RMZ-YAMAHA-YZF-8100157.jpg?fit=500%2C500\",\"contentUrl\":\"https:\\\/\\\/i0.wp.com\\\/www.mtr-2.com\\\/wp-content\\\/uploads\\\/2021\\\/10\\\/MTR-2-BRAKE-PADS-MOTOCROSS-ENDURO-SINTERED-KAWASAKI-KXF-SUZUKI-RMZ-YAMAHA-YZF-8100157.jpg?fit=500%2C500\",\"width\":500,\"height\":500},{\"@type\":\"BreadcrumbList\",\"@id\":\"https:\\\/\\\/www.mtr-2.com\\\/producto\\\/pastilla-de-freno-trasera-yamaha-kawasaki-suzuki#breadcrumb\",\"itemListElement\":[{\"@type\":\"ListItem\",\"position\":1,\"name\":\"Portada\",\"item\":\"http:\\\/\\\/www.mtr-2.com\\\/en\\\/\"},{\"@type\":\"ListItem\",\"position\":2,\"name\":\"Tienda\",\"item\":\"http:\\\/\\\/www.mtr-2.com\\\/en\\\/tienda\"},{\"@type\":\"ListItem\",\"position\":3,\"name\":\"Pastilla de freno trasera Yamaha, Fantic, Kawasaki, Suzuki, TM , Rieju, GasGas\"}]},{\"@type\":\"WebSite\",\"@id\":\"http:\\\/\\\/www.mtr-2.com\\\/en\\\/#website\",\"url\":\"http:\\\/\\\/www.mtr-2.com\\\/en\\\/\",\"name\":\"MTR2 Live your style\",\"description\":\"Los dise\u00f1os m\u00e1s exclusivos en gafas, guantes, manillares y accesorios para motocross, enduro, downhill mtb, bmx...\",\"publisher\":{\"@id\":\"http:\\\/\\\/www.mtr-2.com\\\/en\\\/#organization\"},\"alternateName\":\"MTR-2 Worldwide | Motocross, enduro, bmx, donwhill mtb, surf - Live Your Style\",\"potentialAction\":[{\"@type\":\"SearchAction\",\"target\":{\"@type\":\"EntryPoint\",\"urlTemplate\":\"http:\\\/\\\/www.mtr-2.com\\\/en\\\/?s={search_term_string}\"},\"query-input\":{\"@type\":\"PropertyValueSpecification\",\"valueRequired\":true,\"valueName\":\"search_term_string\"}}],\"inLanguage\":\"en-GB\"},{\"@type\":\"Organization\",\"@id\":\"http:\\\/\\\/www.mtr-2.com\\\/en\\\/#organization\",\"name\":\"MTR2 Live your style\",\"url\":\"http:\\\/\\\/www.mtr-2.com\\\/en\\\/\",\"logo\":{\"@type\":\"ImageObject\",\"inLanguage\":\"en-GB\",\"@id\":\"http:\\\/\\\/www.mtr-2.com\\\/en\\\/#\\\/schema\\\/logo\\\/image\\\/\",\"url\":\"https:\\\/\\\/i0.wp.com\\\/www.mtr-2.com\\\/wp-content\\\/uploads\\\/2021\\\/06\\\/MTR2-Logo-official.webp?fit=350%2C77\",\"contentUrl\":\"https:\\\/\\\/i0.wp.com\\\/www.mtr-2.com\\\/wp-content\\\/uploads\\\/2021\\\/06\\\/MTR2-Logo-official.webp?fit=350%2C77\",\"width\":350,\"height\":77,\"caption\":\"MTR2 Live your style\"},\"image\":{\"@id\":\"http:\\\/\\\/www.mtr-2.com\\\/en\\\/#\\\/schema\\\/logo\\\/image\\\/\"},\"sameAs\":[\"https:\\\/\\\/www.facebook.com\\\/mtr2worldwide\\\/\",\"https:\\\/\\\/www.instagram.com\\\/mtr2worldwide\\\/\"]}]}<\/script>\n<!-- \/ Yoast SEO plugin. -->","yoast_head_json":{"title":"Pastilla de freno trasera Yamaha, Fantic, Kawasaki, Suzuki, TM , Rieju, GasGas - MTR2 Live your style","robots":{"index":"index","follow":"follow","max-snippet":"max-snippet:-1","max-image-preview":"max-image-preview:large","max-video-preview":"max-video-preview:-1"},"canonical":"https:\/\/www.mtr-2.com\/en\/product\/pastilla-de-freno-trasera-yamaha-kawasaki-suzuki\/","og_locale":"en_GB","og_type":"article","og_title":"Pastilla de freno trasera Yamaha, Fantic, Kawasaki, Suzuki, TM , Rieju, GasGas - MTR2 Live your style","og_description":"Las pastillas de freno MTR-2 son pastillas de freno de metal sinterizado de alto rendimiento, con una mezcla de materiales que ha sido formulada para prolongar la vida \u00fatil de la pastilla. Dise\u00f1ado para producir una potencia de frenado constante y progresiva en las condiciones off-road m\u00e1s extremas, motocross, supercross, enduro, rally\u2026","og_url":"https:\/\/www.mtr-2.com\/en\/product\/pastilla-de-freno-trasera-yamaha-kawasaki-suzuki\/","og_site_name":"MTR2 Live your style","article_publisher":"https:\/\/www.facebook.com\/mtr2worldwide\/","article_modified_time":"2026-04-20T09:27:02+00:00","og_image":[{"width":500,"height":500,"url":"https:\/\/i0.wp.com\/www.mtr-2.com\/wp-content\/uploads\/2021\/10\/MTR-2-BRAKE-PADS-MOTOCROSS-ENDURO-SINTERED-KAWASAKI-KXF-SUZUKI-RMZ-YAMAHA-YZF-8100157.jpg?fit=500%2C500&ssl=1","type":"image\/jpeg"}],"twitter_card":"summary_large_image","twitter_misc":{"Estimated reading time":"1 minute"},"schema":{"@context":"https:\/\/schema.org","@graph":[{"@type":"WebPage","@id":"https:\/\/www.mtr-2.com\/producto\/pastilla-de-freno-trasera-yamaha-kawasaki-suzuki","url":"https:\/\/www.mtr-2.com\/producto\/pastilla-de-freno-trasera-yamaha-kawasaki-suzuki","name":"Pastilla de freno trasera Yamaha, Fantic, Kawasaki, Suzuki, TM , Rieju, GasGas - MTR2 Live your style","isPartOf":{"@id":"http:\/\/www.mtr-2.com\/en\/#website"},"primaryImageOfPage":{"@id":"https:\/\/www.mtr-2.com\/producto\/pastilla-de-freno-trasera-yamaha-kawasaki-suzuki#primaryimage"},"image":{"@id":"https:\/\/www.mtr-2.com\/producto\/pastilla-de-freno-trasera-yamaha-kawasaki-suzuki#primaryimage"},"thumbnailUrl":"https:\/\/i0.wp.com\/www.mtr-2.com\/wp-content\/uploads\/2021\/10\/MTR-2-BRAKE-PADS-MOTOCROSS-ENDURO-SINTERED-KAWASAKI-KXF-SUZUKI-RMZ-YAMAHA-YZF-8100157.jpg?fit=500%2C500","datePublished":"2021-07-15T09:12:25+00:00","dateModified":"2026-04-20T09:27:02+00:00","breadcrumb":{"@id":"https:\/\/www.mtr-2.com\/producto\/pastilla-de-freno-trasera-yamaha-kawasaki-suzuki#breadcrumb"},"inLanguage":"en-GB","potentialAction":[{"@type":"ReadAction","target":["https:\/\/www.mtr-2.com\/producto\/pastilla-de-freno-trasera-yamaha-kawasaki-suzuki"]}]},{"@type":"ImageObject","inLanguage":"en-GB","@id":"https:\/\/www.mtr-2.com\/producto\/pastilla-de-freno-trasera-yamaha-kawasaki-suzuki#primaryimage","url":"https:\/\/i0.wp.com\/www.mtr-2.com\/wp-content\/uploads\/2021\/10\/MTR-2-BRAKE-PADS-MOTOCROSS-ENDURO-SINTERED-KAWASAKI-KXF-SUZUKI-RMZ-YAMAHA-YZF-8100157.jpg?fit=500%2C500","contentUrl":"https:\/\/i0.wp.com\/www.mtr-2.com\/wp-content\/uploads\/2021\/10\/MTR-2-BRAKE-PADS-MOTOCROSS-ENDURO-SINTERED-KAWASAKI-KXF-SUZUKI-RMZ-YAMAHA-YZF-8100157.jpg?fit=500%2C500","width":500,"height":500},{"@type":"BreadcrumbList","@id":"https:\/\/www.mtr-2.com\/producto\/pastilla-de-freno-trasera-yamaha-kawasaki-suzuki#breadcrumb","itemListElement":[{"@type":"ListItem","position":1,"name":"Portada","item":"http:\/\/www.mtr-2.com\/en\/"},{"@type":"ListItem","position":2,"name":"Tienda","item":"http:\/\/www.mtr-2.com\/en\/tienda"},{"@type":"ListItem","position":3,"name":"Pastilla de freno trasera Yamaha, Fantic, Kawasaki, Suzuki, TM , Rieju, GasGas"}]},{"@type":"WebSite","@id":"http:\/\/www.mtr-2.com\/en\/#website","url":"http:\/\/www.mtr-2.com\/en\/","name":"MTR2 Live your style","description":"Los dise\u00f1os m\u00e1s exclusivos en gafas, guantes, manillares y accesorios para motocross, enduro, downhill mtb, bmx...","publisher":{"@id":"http:\/\/www.mtr-2.com\/en\/#organization"},"alternateName":"MTR-2 Worldwide | Motocross, enduro, bmx, donwhill mtb, surf - Live Your Style","potentialAction":[{"@type":"SearchAction","target":{"@type":"EntryPoint","urlTemplate":"http:\/\/www.mtr-2.com\/en\/?s={search_term_string}"},"query-input":{"@type":"PropertyValueSpecification","valueRequired":true,"valueName":"search_term_string"}}],"inLanguage":"en-GB"},{"@type":"Organization","@id":"http:\/\/www.mtr-2.com\/en\/#organization","name":"MTR2 Live your style","url":"http:\/\/www.mtr-2.com\/en\/","logo":{"@type":"ImageObject","inLanguage":"en-GB","@id":"http:\/\/www.mtr-2.com\/en\/#\/schema\/logo\/image\/","url":"https:\/\/i0.wp.com\/www.mtr-2.com\/wp-content\/uploads\/2021\/06\/MTR2-Logo-official.webp?fit=350%2C77","contentUrl":"https:\/\/i0.wp.com\/www.mtr-2.com\/wp-content\/uploads\/2021\/06\/MTR2-Logo-official.webp?fit=350%2C77","width":350,"height":77,"caption":"MTR2 Live your style"},"image":{"@id":"http:\/\/www.mtr-2.com\/en\/#\/schema\/logo\/image\/"},"sameAs":["https:\/\/www.facebook.com\/mtr2worldwide\/","https:\/\/www.instagram.com\/mtr2worldwide\/"]}]}},"jetpack_sharing_enabled":true,"_links":{"self":[{"href":"http:\/\/www.mtr-2.com\/en\/wp-json\/wp\/v2\/product\/2890","targetHints":{"allow":["GET"]}}],"collection":[{"href":"http:\/\/www.mtr-2.com\/en\/wp-json\/wp\/v2\/product"}],"about":[{"href":"http:\/\/www.mtr-2.com\/en\/wp-json\/wp\/v2\/types\/product"}],"wp:featuredmedia":[{"embeddable":true,"href":"http:\/\/www.mtr-2.com\/en\/wp-json\/wp\/v2\/media\/5301"}],"wp:attachment":[{"href":"http:\/\/www.mtr-2.com\/en\/wp-json\/wp\/v2\/media?parent=2890"}],"wp:term":[{"taxonomy":"product_brand","embeddable":true,"href":"http:\/\/www.mtr-2.com\/en\/wp-json\/wp\/v2\/product_brand?post=2890"},{"taxonomy":"product_cat","embeddable":true,"href":"http:\/\/www.mtr-2.com\/en\/wp-json\/wp\/v2\/product_cat?post=2890"},{"taxonomy":"product_tag","embeddable":true,"href":"http:\/\/www.mtr-2.com\/en\/wp-json\/wp\/v2\/product_tag?post=2890"}],"curies":[{"name":"wp","href":"https:\/\/api.w.org\/{rel}","templated":true}]}}