{"id":3101,"date":"2021-07-29T14:37:16","date_gmt":"2021-07-29T12:37:16","guid":{"rendered":"http:\/\/s311126158.mialojamiento.es\/producto\/valvula-respiradero-oro"},"modified":"2025-10-16T14:28:32","modified_gmt":"2025-10-16T12:28:32","slug":"valvula-respiradero-oro","status":"publish","type":"product","link":"http:\/\/www.mtr-2.com\/en\/product\/valvula-respiradero-oro","title":{"rendered":"VENT HOSE VALVE"},"content":{"rendered":"","protected":false},"excerpt":{"rendered":"<p>Vent hose valve from the fuel cap. Its internal valve prevents the outflow of gasoline when the motorcycle falls to the ground. <\/p>\n<p>Valid for most Off-Road models <\/p>\n<p>Color gold.<\/p>","protected":false},"featured_media":5330,"template":"","meta":[],"product_brand":[],"product_cat":[107],"product_tag":[],"class_list":{"0":"post-3101","1":"product","2":"type-product","3":"status-publish","4":"has-post-thumbnail","6":"product_cat-valvula-respiradero","8":"first","9":"instock","10":"taxable","11":"shipping-taxable","12":"purchasable","13":"product-type-simple"},"yoast_head":"<!-- This site is optimized with the Yoast SEO plugin v27.5 - https:\/\/yoast.com\/product\/yoast-seo-wordpress\/ -->\n<title>V\u00e1lvula respiradero - MTR2 Live your style<\/title>\n<meta name=\"robots\" content=\"index, follow, max-snippet:-1, max-image-preview:large, max-video-preview:-1\" \/>\n<link rel=\"canonical\" href=\"http:\/\/www.mtr-2.com\/en\/product\/valvula-respiradero-oro\/\" \/>\n<meta property=\"og:locale\" content=\"en_GB\" \/>\n<meta property=\"og:type\" content=\"article\" \/>\n<meta property=\"og:title\" content=\"V\u00e1lvula respiradero - MTR2 Live your style\" \/>\n<meta property=\"og:description\" content=\"V\u00e1lvula respiradero del tap\u00f3n de gasolina. Su v\u00e1lvula interior evita la salida de gasolina al caer la moto al suelo.  V\u00e1lido para la mayor\u00eda de modelos Off-Road  Color oro.\" \/>\n<meta property=\"og:url\" content=\"http:\/\/www.mtr-2.com\/en\/product\/valvula-respiradero-oro\/\" \/>\n<meta property=\"og:site_name\" content=\"MTR2 Live your style\" \/>\n<meta property=\"article:publisher\" content=\"https:\/\/www.facebook.com\/mtr2worldwide\/\" \/>\n<meta property=\"article:modified_time\" content=\"2025-10-16T12:28:32+00:00\" \/>\n<meta property=\"og:image\" content=\"https:\/\/i0.wp.com\/www.mtr-2.com\/wp-content\/uploads\/2021\/10\/VALVULA-RESPIRADERO-GASOLINA-YELLOW-PROSTUF-MOTOCROSS-ENDURO.jpg?fit=500%2C500\" \/>\n\t<meta property=\"og:image:width\" content=\"500\" \/>\n\t<meta property=\"og:image:height\" content=\"500\" \/>\n\t<meta property=\"og:image:type\" content=\"image\/jpeg\" \/>\n<meta name=\"twitter:card\" content=\"summary_large_image\" \/>\n<script type=\"application\/ld+json\" class=\"yoast-schema-graph\">{\"@context\":\"https:\\\/\\\/schema.org\",\"@graph\":[{\"@type\":\"WebPage\",\"@id\":\"http:\\\/\\\/www.mtr-2.com\\\/producto\\\/valvula-respiradero-oro\",\"url\":\"http:\\\/\\\/www.mtr-2.com\\\/producto\\\/valvula-respiradero-oro\",\"name\":\"V\u00e1lvula respiradero - MTR2 Live your style\",\"isPartOf\":{\"@id\":\"http:\\\/\\\/www.mtr-2.com\\\/en\\\/#website\"},\"primaryImageOfPage\":{\"@id\":\"http:\\\/\\\/www.mtr-2.com\\\/producto\\\/valvula-respiradero-oro#primaryimage\"},\"image\":{\"@id\":\"http:\\\/\\\/www.mtr-2.com\\\/producto\\\/valvula-respiradero-oro#primaryimage\"},\"thumbnailUrl\":\"https:\\\/\\\/i0.wp.com\\\/www.mtr-2.com\\\/wp-content\\\/uploads\\\/2021\\\/10\\\/VALVULA-RESPIRADERO-GASOLINA-YELLOW-PROSTUF-MOTOCROSS-ENDURO.jpg?fit=500%2C500\",\"datePublished\":\"2021-07-29T12:37:16+00:00\",\"dateModified\":\"2025-10-16T12:28:32+00:00\",\"breadcrumb\":{\"@id\":\"http:\\\/\\\/www.mtr-2.com\\\/producto\\\/valvula-respiradero-oro#breadcrumb\"},\"inLanguage\":\"en-GB\",\"potentialAction\":[{\"@type\":\"ReadAction\",\"target\":[\"http:\\\/\\\/www.mtr-2.com\\\/producto\\\/valvula-respiradero-oro\"]}]},{\"@type\":\"ImageObject\",\"inLanguage\":\"en-GB\",\"@id\":\"http:\\\/\\\/www.mtr-2.com\\\/producto\\\/valvula-respiradero-oro#primaryimage\",\"url\":\"https:\\\/\\\/i0.wp.com\\\/www.mtr-2.com\\\/wp-content\\\/uploads\\\/2021\\\/10\\\/VALVULA-RESPIRADERO-GASOLINA-YELLOW-PROSTUF-MOTOCROSS-ENDURO.jpg?fit=500%2C500\",\"contentUrl\":\"https:\\\/\\\/i0.wp.com\\\/www.mtr-2.com\\\/wp-content\\\/uploads\\\/2021\\\/10\\\/VALVULA-RESPIRADERO-GASOLINA-YELLOW-PROSTUF-MOTOCROSS-ENDURO.jpg?fit=500%2C500\",\"width\":500,\"height\":500},{\"@type\":\"BreadcrumbList\",\"@id\":\"http:\\\/\\\/www.mtr-2.com\\\/producto\\\/valvula-respiradero-oro#breadcrumb\",\"itemListElement\":[{\"@type\":\"ListItem\",\"position\":1,\"name\":\"Portada\",\"item\":\"http:\\\/\\\/www.mtr-2.com\\\/en\\\/\"},{\"@type\":\"ListItem\",\"position\":2,\"name\":\"Tienda\",\"item\":\"http:\\\/\\\/www.mtr-2.com\\\/en\\\/tienda\"},{\"@type\":\"ListItem\",\"position\":3,\"name\":\"V\u00e1lvula respiradero\"}]},{\"@type\":\"WebSite\",\"@id\":\"http:\\\/\\\/www.mtr-2.com\\\/en\\\/#website\",\"url\":\"http:\\\/\\\/www.mtr-2.com\\\/en\\\/\",\"name\":\"MTR2 Live your style\",\"description\":\"Los dise\u00f1os m\u00e1s exclusivos en gafas, guantes, manillares y accesorios para motocross, enduro, downhill mtb, bmx...\",\"publisher\":{\"@id\":\"http:\\\/\\\/www.mtr-2.com\\\/en\\\/#organization\"},\"alternateName\":\"MTR-2 Worldwide | Motocross, enduro, bmx, donwhill mtb, surf - Live Your Style\",\"potentialAction\":[{\"@type\":\"SearchAction\",\"target\":{\"@type\":\"EntryPoint\",\"urlTemplate\":\"http:\\\/\\\/www.mtr-2.com\\\/en\\\/?s={search_term_string}\"},\"query-input\":{\"@type\":\"PropertyValueSpecification\",\"valueRequired\":true,\"valueName\":\"search_term_string\"}}],\"inLanguage\":\"en-GB\"},{\"@type\":\"Organization\",\"@id\":\"http:\\\/\\\/www.mtr-2.com\\\/en\\\/#organization\",\"name\":\"MTR2 Live your style\",\"url\":\"http:\\\/\\\/www.mtr-2.com\\\/en\\\/\",\"logo\":{\"@type\":\"ImageObject\",\"inLanguage\":\"en-GB\",\"@id\":\"http:\\\/\\\/www.mtr-2.com\\\/en\\\/#\\\/schema\\\/logo\\\/image\\\/\",\"url\":\"https:\\\/\\\/i0.wp.com\\\/www.mtr-2.com\\\/wp-content\\\/uploads\\\/2021\\\/06\\\/MTR2-Logo-official.webp?fit=350%2C77\",\"contentUrl\":\"https:\\\/\\\/i0.wp.com\\\/www.mtr-2.com\\\/wp-content\\\/uploads\\\/2021\\\/06\\\/MTR2-Logo-official.webp?fit=350%2C77\",\"width\":350,\"height\":77,\"caption\":\"MTR2 Live your style\"},\"image\":{\"@id\":\"http:\\\/\\\/www.mtr-2.com\\\/en\\\/#\\\/schema\\\/logo\\\/image\\\/\"},\"sameAs\":[\"https:\\\/\\\/www.facebook.com\\\/mtr2worldwide\\\/\",\"https:\\\/\\\/www.instagram.com\\\/mtr2worldwide\\\/\"]}]}<\/script>\n<!-- \/ Yoast SEO plugin. -->","yoast_head_json":{"title":"V\u00e1lvula respiradero - MTR2 Live your style","robots":{"index":"index","follow":"follow","max-snippet":"max-snippet:-1","max-image-preview":"max-image-preview:large","max-video-preview":"max-video-preview:-1"},"canonical":"http:\/\/www.mtr-2.com\/en\/product\/valvula-respiradero-oro\/","og_locale":"en_GB","og_type":"article","og_title":"V\u00e1lvula respiradero - MTR2 Live your style","og_description":"V\u00e1lvula respiradero del tap\u00f3n de gasolina. Su v\u00e1lvula interior evita la salida de gasolina al caer la moto al suelo.  V\u00e1lido para la mayor\u00eda de modelos Off-Road  Color oro.","og_url":"http:\/\/www.mtr-2.com\/en\/product\/valvula-respiradero-oro\/","og_site_name":"MTR2 Live your style","article_publisher":"https:\/\/www.facebook.com\/mtr2worldwide\/","article_modified_time":"2025-10-16T12:28:32+00:00","og_image":[{"width":500,"height":500,"url":"https:\/\/i0.wp.com\/www.mtr-2.com\/wp-content\/uploads\/2021\/10\/VALVULA-RESPIRADERO-GASOLINA-YELLOW-PROSTUF-MOTOCROSS-ENDURO.jpg?fit=500%2C500","type":"image\/jpeg"}],"twitter_card":"summary_large_image","schema":{"@context":"https:\/\/schema.org","@graph":[{"@type":"WebPage","@id":"http:\/\/www.mtr-2.com\/producto\/valvula-respiradero-oro","url":"http:\/\/www.mtr-2.com\/producto\/valvula-respiradero-oro","name":"V\u00e1lvula respiradero - MTR2 Live your style","isPartOf":{"@id":"http:\/\/www.mtr-2.com\/en\/#website"},"primaryImageOfPage":{"@id":"http:\/\/www.mtr-2.com\/producto\/valvula-respiradero-oro#primaryimage"},"image":{"@id":"http:\/\/www.mtr-2.com\/producto\/valvula-respiradero-oro#primaryimage"},"thumbnailUrl":"https:\/\/i0.wp.com\/www.mtr-2.com\/wp-content\/uploads\/2021\/10\/VALVULA-RESPIRADERO-GASOLINA-YELLOW-PROSTUF-MOTOCROSS-ENDURO.jpg?fit=500%2C500","datePublished":"2021-07-29T12:37:16+00:00","dateModified":"2025-10-16T12:28:32+00:00","breadcrumb":{"@id":"http:\/\/www.mtr-2.com\/producto\/valvula-respiradero-oro#breadcrumb"},"inLanguage":"en-GB","potentialAction":[{"@type":"ReadAction","target":["http:\/\/www.mtr-2.com\/producto\/valvula-respiradero-oro"]}]},{"@type":"ImageObject","inLanguage":"en-GB","@id":"http:\/\/www.mtr-2.com\/producto\/valvula-respiradero-oro#primaryimage","url":"https:\/\/i0.wp.com\/www.mtr-2.com\/wp-content\/uploads\/2021\/10\/VALVULA-RESPIRADERO-GASOLINA-YELLOW-PROSTUF-MOTOCROSS-ENDURO.jpg?fit=500%2C500","contentUrl":"https:\/\/i0.wp.com\/www.mtr-2.com\/wp-content\/uploads\/2021\/10\/VALVULA-RESPIRADERO-GASOLINA-YELLOW-PROSTUF-MOTOCROSS-ENDURO.jpg?fit=500%2C500","width":500,"height":500},{"@type":"BreadcrumbList","@id":"http:\/\/www.mtr-2.com\/producto\/valvula-respiradero-oro#breadcrumb","itemListElement":[{"@type":"ListItem","position":1,"name":"Portada","item":"http:\/\/www.mtr-2.com\/en\/"},{"@type":"ListItem","position":2,"name":"Tienda","item":"http:\/\/www.mtr-2.com\/en\/tienda"},{"@type":"ListItem","position":3,"name":"V\u00e1lvula respiradero"}]},{"@type":"WebSite","@id":"http:\/\/www.mtr-2.com\/en\/#website","url":"http:\/\/www.mtr-2.com\/en\/","name":"MTR2 Live your style","description":"Los dise\u00f1os m\u00e1s exclusivos en gafas, guantes, manillares y accesorios para motocross, enduro, downhill mtb, bmx...","publisher":{"@id":"http:\/\/www.mtr-2.com\/en\/#organization"},"alternateName":"MTR-2 Worldwide | Motocross, enduro, bmx, donwhill mtb, surf - Live Your Style","potentialAction":[{"@type":"SearchAction","target":{"@type":"EntryPoint","urlTemplate":"http:\/\/www.mtr-2.com\/en\/?s={search_term_string}"},"query-input":{"@type":"PropertyValueSpecification","valueRequired":true,"valueName":"search_term_string"}}],"inLanguage":"en-GB"},{"@type":"Organization","@id":"http:\/\/www.mtr-2.com\/en\/#organization","name":"MTR2 Live your style","url":"http:\/\/www.mtr-2.com\/en\/","logo":{"@type":"ImageObject","inLanguage":"en-GB","@id":"http:\/\/www.mtr-2.com\/en\/#\/schema\/logo\/image\/","url":"https:\/\/i0.wp.com\/www.mtr-2.com\/wp-content\/uploads\/2021\/06\/MTR2-Logo-official.webp?fit=350%2C77","contentUrl":"https:\/\/i0.wp.com\/www.mtr-2.com\/wp-content\/uploads\/2021\/06\/MTR2-Logo-official.webp?fit=350%2C77","width":350,"height":77,"caption":"MTR2 Live your style"},"image":{"@id":"http:\/\/www.mtr-2.com\/en\/#\/schema\/logo\/image\/"},"sameAs":["https:\/\/www.facebook.com\/mtr2worldwide\/","https:\/\/www.instagram.com\/mtr2worldwide\/"]}]}},"jetpack_sharing_enabled":true,"_links":{"self":[{"href":"http:\/\/www.mtr-2.com\/en\/wp-json\/wp\/v2\/product\/3101","targetHints":{"allow":["GET"]}}],"collection":[{"href":"http:\/\/www.mtr-2.com\/en\/wp-json\/wp\/v2\/product"}],"about":[{"href":"http:\/\/www.mtr-2.com\/en\/wp-json\/wp\/v2\/types\/product"}],"wp:featuredmedia":[{"embeddable":true,"href":"http:\/\/www.mtr-2.com\/en\/wp-json\/wp\/v2\/media\/5330"}],"wp:attachment":[{"href":"http:\/\/www.mtr-2.com\/en\/wp-json\/wp\/v2\/media?parent=3101"}],"wp:term":[{"taxonomy":"product_brand","embeddable":true,"href":"http:\/\/www.mtr-2.com\/en\/wp-json\/wp\/v2\/product_brand?post=3101"},{"taxonomy":"product_cat","embeddable":true,"href":"http:\/\/www.mtr-2.com\/en\/wp-json\/wp\/v2\/product_cat?post=3101"},{"taxonomy":"product_tag","embeddable":true,"href":"http:\/\/www.mtr-2.com\/en\/wp-json\/wp\/v2\/product_tag?post=3101"}],"curies":[{"name":"wp","href":"https:\/\/api.w.org\/{rel}","templated":true}]}}