{"id":3718,"date":"2021-08-06T13:23:09","date_gmt":"2021-08-06T11:23:09","guid":{"rendered":"http:\/\/s311126158.mialojamiento.es\/?page_id=3718"},"modified":"2024-06-14T12:44:03","modified_gmt":"2024-06-14T10:44:03","slug":"condiciones-generales","status":"publish","type":"page","link":"https:\/\/www.mtr-2.com\/en\/condiciones-generales","title":{"rendered":"General conditions"},"content":{"rendered":"<div data-elementor-type=\"wp-page\" data-elementor-id=\"3718\" class=\"elementor elementor-3718\" data-elementor-post-type=\"page\">\n\t\t\t\t\t\t<section class=\"elementor-section elementor-top-section elementor-element elementor-element-67feacf6 elementor-section-full_width elementor-section-height-default elementor-section-height-default\" data-id=\"67feacf6\" data-element_type=\"section\" data-e-type=\"section\">\n\t\t\t\t\t\t<div class=\"elementor-container elementor-column-gap-default\">\n\t\t\t\t\t<div class=\"elementor-column elementor-col-100 elementor-top-column elementor-element elementor-element-10265ff5\" data-id=\"10265ff5\" data-element_type=\"column\" data-e-type=\"column\">\n\t\t\t<div class=\"elementor-widget-wrap elementor-element-populated\">\n\t\t\t\t\t\t<div class=\"elementor-element elementor-element-46ecfe03 elementor-widget elementor-widget-woocommerce-breadcrumb\" data-id=\"46ecfe03\" data-element_type=\"widget\" data-e-type=\"widget\" data-widget_type=\"woocommerce-breadcrumb.default\">\n\t\t\t\t<div class=\"elementor-widget-container\">\n\t\t\t\t\t<nav class=\"woocommerce-breadcrumb\" aria-label=\"Breadcrumb\" data-no-translation=\"\" data-trp-gettext=\"\">Home<\/nav>\t\t\t\t<\/div>\n\t\t\t\t<\/div>\n\t\t\t\t\t<\/div>\n\t\t<\/div>\n\t\t\t\t\t<\/div>\n\t\t<\/section>\n\t\t\t\t<section class=\"elementor-section elementor-top-section elementor-element elementor-element-5661b2c elementor-section-boxed elementor-section-height-default elementor-section-height-default\" data-id=\"5661b2c\" data-element_type=\"section\" data-e-type=\"section\">\n\t\t\t\t\t\t<div class=\"elementor-container elementor-column-gap-default\">\n\t\t\t\t\t<div class=\"elementor-column elementor-col-100 elementor-top-column elementor-element elementor-element-88be1dd\" data-id=\"88be1dd\" data-element_type=\"column\" data-e-type=\"column\">\n\t\t\t<div class=\"elementor-widget-wrap elementor-element-populated\">\n\t\t\t\t\t\t<div class=\"elementor-element elementor-element-99e6fa0 elementor-widget elementor-widget-text-editor\" data-id=\"99e6fa0\" data-element_type=\"widget\" data-e-type=\"widget\" data-widget_type=\"text-editor.default\">\n\t\t\t\t<div class=\"elementor-widget-container\">\n\t\t\t\t\t\t\t\t\t<h1>General conditions of purchase<\/h1><h3>Price lists<\/h3><p>In relation to Value Added Tax, as a general rule the tax rate of 21% will be applied for the territory of the European Union where this tax is applicable.<\/p><p>The prices displayed at www.mtr-2.com may be reviewed and modified if the conditions require it at any time.<\/p><h3>Payment Methods<\/h3><p>All purchases can be paid by:<\/p><ul><li><strong>Credit\/debit card.<\/strong><\/li><\/ul><p>Payment by credit or debit card is made through Stripe secure payment gateway. Through this payment method, \u201cMTR-2\u201d Jos\u00e9 Luis Matar\u00e1n Satorres never collects or manipulates any customer data related to their card number. All data is processed directly by Stripe, so that MTR-2 can always offer the greatest security, transparency and confidentiality in the transaction.<\/p><ul><li><strong>Cash on delivery<\/strong><\/li><\/ul><p>With this form of payment, the total amount of the order will be paid when the delivery is made. This form of payment has certain territorial restrictions and implies an increase in the total amount of your order of 5% with a minimum of 3 \u20ac + VAT (Service only available for Spain in shipments by the GLS agency, not including islands).<\/p><ul><li><strong>Ingreso\/transferencia.<\/strong><\/li><\/ul><p>It is the most economical way. Our data to make the deposit or transfer will be provided at the time of order confirmation.<\/p><ul><li><strong>Bizum.<\/strong><\/li><\/ul><p>bizum.\nIt is the fastest way. Our telephone number to make the payment through Bizum is the same as our website +34 645 244 919, this number will be provided by e-mail, which as confirmation of your order will also be sent to your e-mail with a delivery note your order.<\/p><p>The billing information will be used only for the shipment of the purchased product\/s. This information will not be used for commercial purposes nor will it be disclosed to third parties.<\/p><h3>Warranty<\/h3><p>MTR-2 customers benefit from a 2-year warranty on items.<\/p><p>Defects or damage due to improper use or handling of the material or wear caused by normal use of the same, are not included in this warranty.<\/p><p>Losses in the functionality of the items, due to their design limitations, are also excluded from the coverage of this warranty.<\/p><p>Consult the specialized advice of our Customer Service.<\/p><p><strong>**Attention the images are an example of the product.<\/strong><br \/>They may vary or not correspond exactly to the reference model, in the case of specific products.<\/p><h3>General data protection<\/h3><p class=\"translation-block\">You can consult our privacy policy in the section \u201c<a href=\"http:\/\/s311126158.mialojamiento.es\/polica-de-privacidad\" target=\"_self\"> Privacy Policy <\/a>\u201d for this purpose<\/p><h3>Legislation and jurisdiction (Spain only)<\/h3><p>These general conditions will be interpreted in accordance with the legislation in force in Spain on the matter, which will be applied subsidiarily in everything that has not been provided for therein. (Basically Law 34\/2002 of July 11 on information services and electronic commerce).<\/p><h3>Modifications<\/h3><p>MTR-2 reserves the right to modify the SERVICES provided through the website www.mtr-2.com at any time, introducing or eliminating certain services or contents that contribute to offering a better service.<\/p><h1>Shipping &amp; Returns<\/h1><h3>Shipping methods and delivery times<\/h3><p>www.mtr-2.com will deliver orders in peninsula Spain, the delivery time is 24\/72 business hours from the date of receipt of the order. In other cases such as islands, the approximate shipping time will be detailed. Shipments to the rest of Europe, the approximate shipping time will be detailed.<\/p><p>Orders will be sent directly from www.mtr-2.com through its logistics operators.<\/p><p>The calculation of shipping costs will be detailed in the final proforma invoice that will be sent to you, once you send your order online.<\/p><p>In the event that there is no person responsible for receiving the package at the indicated delivery address, a notice will be left with a telephone number that you must call to confirm at what time the merchandise can be delivered. The transport agency will keep your package in its warehouses approximately 5 days before proceeding to return it to our facilities.<\/p><p class=\"translation-block\">If you do not receive your purchase within the estimated time, you should contact the Customer Service at www.mtr-2.com. You can write to <a href=\"mailto:info@mtr-2.com\" target=\"_self\"> info@mtr-2.com <\/a> or call 0034 645244919. From the moment we have your notification We will take the necessary steps to find out why you have not received it in the agreed time.<\/p><p class=\"translation-block\">Transport guarantee: All our shipments travel covered by an insurance of 100% of the value of the merchandise. Remember that you have 24 hours to make a claim if your order has suffered damage caused by transport. If the box presents blows, you must record it with the carrier. If you have any further questions, feel free to email us at <a href=\"mailto:info@mtr-2.com\" target=\"_self\"> info@mtr-2.com <\/a><\/p><h3>Returns<\/h3><p class=\"translation-block\">If you find a defective product in the received order, you should contact <a href=\"mailto:info@mtr-2.com\" target=\"_self\"> info@mtr-2.com <\/a> or call 0034 645244919.<\/p><p class=\"translation-block\">You can return the merchandise to us as long as you communicate your intention within 14 days after receiving the order and as long as you keep your packaging in optimal condition. To do this you must contact us at <a href=\"mailto:info@mtr-2.com\" target=\"_self\"> info@mtr-2.com <\/a>, call 0034 645244919 or you can also use our contact section.<\/p><p>Provided that the return responds to product defects, MTR-2 assumes the shipping costs incurred for the return. You can replace it for the same item.<\/p><p>If the reasons for return are unrelated to MTR-2, that is, if the merchandise is in perfect condition but you still want to return it, you must send the product in its original packaging and in perfect condition, to the address that we detail . The expenses incurred for the return will NOT be borne by www.mtr-2.com.<\/p>\t\t\t\t\t\t\t\t<\/div>\n\t\t\t\t<\/div>\n\t\t\t\t\t<\/div>\n\t\t<\/div>\n\t\t\t\t\t<\/div>\n\t\t<\/section>\n\t\t\t\t<\/div>","protected":false},"excerpt":{"rendered":"<p>Condiciones generales de compra Listas de precios En relaci\u00f3n al Impuesto sobre el Valor A\u00f1adido, como regla general se aplicar\u00e1 el tipo impositivo del 21% para el territorio de la Uni\u00f3n Europea donde es aplicable este impuesto. Los precios expuestos en\u00a0www.mtr-2.com\u00a0podr\u00e1n ser revisados y modificados si las condiciones lo requieren en cualquier momento. Formas de [&hellip;]<\/p>\n","protected":false},"author":1,"featured_media":0,"parent":0,"menu_order":0,"comment_status":"closed","ping_status":"closed","template":"","meta":{"footnotes":""},"class_list":["post-3718","page","type-page","status-publish","hentry"],"yoast_head":"<!-- This site is optimized with the Yoast SEO plugin v27.4 - https:\/\/yoast.com\/product\/yoast-seo-wordpress\/ -->\n<title>Condiciones generales - MTR2 Live your style<\/title>\n<meta name=\"robots\" content=\"index, follow, max-snippet:-1, max-image-preview:large, max-video-preview:-1\" \/>\n<link rel=\"canonical\" href=\"http:\/\/www.mtr-2.com\/en\/condiciones-generales\/\" \/>\n<meta property=\"og:locale\" content=\"en_GB\" \/>\n<meta property=\"og:type\" content=\"article\" \/>\n<meta property=\"og:title\" content=\"Condiciones generales - MTR2 Live your style\" \/>\n<meta property=\"og:description\" content=\"Condiciones generales de compra Listas de precios En relaci\u00f3n al Impuesto sobre el Valor A\u00f1adido, como regla general se aplicar\u00e1 el tipo impositivo del 21% para el territorio de la Uni\u00f3n Europea donde es aplicable este impuesto. Los precios expuestos en\u00a0www.mtr-2.com\u00a0podr\u00e1n ser revisados y modificados si las condiciones lo requieren en cualquier momento. Formas de [&hellip;]\" \/>\n<meta property=\"og:url\" content=\"http:\/\/www.mtr-2.com\/en\/condiciones-generales\/\" \/>\n<meta property=\"og:site_name\" content=\"MTR2 Live your style\" \/>\n<meta property=\"article:publisher\" content=\"https:\/\/www.facebook.com\/mtr2worldwide\/\" \/>\n<meta property=\"article:modified_time\" content=\"2024-06-14T10:44:03+00:00\" \/>\n<meta name=\"twitter:card\" content=\"summary_large_image\" \/>\n<meta name=\"twitter:label1\" content=\"Estimated reading time\" \/>\n\t<meta name=\"twitter:data1\" content=\"5 minutes\" \/>\n<script type=\"application\/ld+json\" class=\"yoast-schema-graph\">{\"@context\":\"https:\\\/\\\/schema.org\",\"@graph\":[{\"@type\":\"WebPage\",\"@id\":\"http:\\\/\\\/www.mtr-2.com\\\/condiciones-generales\",\"url\":\"http:\\\/\\\/www.mtr-2.com\\\/condiciones-generales\",\"name\":\"Condiciones generales - MTR2 Live your style\",\"isPartOf\":{\"@id\":\"https:\\\/\\\/www.mtr-2.com\\\/#website\"},\"datePublished\":\"2021-08-06T11:23:09+00:00\",\"dateModified\":\"2024-06-14T10:44:03+00:00\",\"breadcrumb\":{\"@id\":\"http:\\\/\\\/www.mtr-2.com\\\/condiciones-generales#breadcrumb\"},\"inLanguage\":\"en-GB\",\"potentialAction\":[{\"@type\":\"ReadAction\",\"target\":[\"http:\\\/\\\/www.mtr-2.com\\\/condiciones-generales\"]}]},{\"@type\":\"BreadcrumbList\",\"@id\":\"http:\\\/\\\/www.mtr-2.com\\\/condiciones-generales#breadcrumb\",\"itemListElement\":[{\"@type\":\"ListItem\",\"position\":1,\"name\":\"Portada\",\"item\":\"https:\\\/\\\/www.mtr-2.com\\\/\"},{\"@type\":\"ListItem\",\"position\":2,\"name\":\"Condiciones generales\"}]},{\"@type\":\"WebSite\",\"@id\":\"https:\\\/\\\/www.mtr-2.com\\\/#website\",\"url\":\"https:\\\/\\\/www.mtr-2.com\\\/\",\"name\":\"MTR2 Live your style\",\"description\":\"Los dise\u00f1os m\u00e1s exclusivos en gafas, guantes, manillares y accesorios para motocross, enduro, downhill mtb, bmx...\",\"publisher\":{\"@id\":\"https:\\\/\\\/www.mtr-2.com\\\/#organization\"},\"alternateName\":\"MTR-2 Worldwide | Motocross, enduro, bmx, donwhill mtb, surf - Live Your Style\",\"potentialAction\":[{\"@type\":\"SearchAction\",\"target\":{\"@type\":\"EntryPoint\",\"urlTemplate\":\"https:\\\/\\\/www.mtr-2.com\\\/?s={search_term_string}\"},\"query-input\":{\"@type\":\"PropertyValueSpecification\",\"valueRequired\":true,\"valueName\":\"search_term_string\"}}],\"inLanguage\":\"en-GB\"},{\"@type\":\"Organization\",\"@id\":\"https:\\\/\\\/www.mtr-2.com\\\/#organization\",\"name\":\"MTR2 Live your style\",\"url\":\"https:\\\/\\\/www.mtr-2.com\\\/\",\"logo\":{\"@type\":\"ImageObject\",\"inLanguage\":\"en-GB\",\"@id\":\"https:\\\/\\\/www.mtr-2.com\\\/#\\\/schema\\\/logo\\\/image\\\/\",\"url\":\"https:\\\/\\\/i0.wp.com\\\/www.mtr-2.com\\\/wp-content\\\/uploads\\\/2021\\\/06\\\/MTR2-Logo-official.webp?fit=350%2C77&ssl=1\",\"contentUrl\":\"https:\\\/\\\/i0.wp.com\\\/www.mtr-2.com\\\/wp-content\\\/uploads\\\/2021\\\/06\\\/MTR2-Logo-official.webp?fit=350%2C77&ssl=1\",\"width\":350,\"height\":77,\"caption\":\"MTR2 Live your style\"},\"image\":{\"@id\":\"https:\\\/\\\/www.mtr-2.com\\\/#\\\/schema\\\/logo\\\/image\\\/\"},\"sameAs\":[\"https:\\\/\\\/www.facebook.com\\\/mtr2worldwide\\\/\",\"https:\\\/\\\/www.instagram.com\\\/mtr2worldwide\\\/\"]}]}<\/script>\n<!-- \/ Yoast SEO plugin. -->","yoast_head_json":{"title":"Condiciones generales - MTR2 Live your style","robots":{"index":"index","follow":"follow","max-snippet":"max-snippet:-1","max-image-preview":"max-image-preview:large","max-video-preview":"max-video-preview:-1"},"canonical":"http:\/\/www.mtr-2.com\/en\/condiciones-generales\/","og_locale":"en_GB","og_type":"article","og_title":"Condiciones generales - MTR2 Live your style","og_description":"Condiciones generales de compra Listas de precios En relaci\u00f3n al Impuesto sobre el Valor A\u00f1adido, como regla general se aplicar\u00e1 el tipo impositivo del 21% para el territorio de la Uni\u00f3n Europea donde es aplicable este impuesto. Los precios expuestos en\u00a0www.mtr-2.com\u00a0podr\u00e1n ser revisados y modificados si las condiciones lo requieren en cualquier momento. Formas de [&hellip;]","og_url":"http:\/\/www.mtr-2.com\/en\/condiciones-generales\/","og_site_name":"MTR2 Live your style","article_publisher":"https:\/\/www.facebook.com\/mtr2worldwide\/","article_modified_time":"2024-06-14T10:44:03+00:00","twitter_card":"summary_large_image","twitter_misc":{"Estimated reading time":"5 minutes"},"schema":{"@context":"https:\/\/schema.org","@graph":[{"@type":"WebPage","@id":"http:\/\/www.mtr-2.com\/condiciones-generales","url":"http:\/\/www.mtr-2.com\/condiciones-generales","name":"Condiciones generales - MTR2 Live your style","isPartOf":{"@id":"https:\/\/www.mtr-2.com\/#website"},"datePublished":"2021-08-06T11:23:09+00:00","dateModified":"2024-06-14T10:44:03+00:00","breadcrumb":{"@id":"http:\/\/www.mtr-2.com\/condiciones-generales#breadcrumb"},"inLanguage":"en-GB","potentialAction":[{"@type":"ReadAction","target":["http:\/\/www.mtr-2.com\/condiciones-generales"]}]},{"@type":"BreadcrumbList","@id":"http:\/\/www.mtr-2.com\/condiciones-generales#breadcrumb","itemListElement":[{"@type":"ListItem","position":1,"name":"Portada","item":"https:\/\/www.mtr-2.com\/"},{"@type":"ListItem","position":2,"name":"Condiciones generales"}]},{"@type":"WebSite","@id":"https:\/\/www.mtr-2.com\/#website","url":"https:\/\/www.mtr-2.com\/","name":"MTR2 Live your style","description":"Los dise\u00f1os m\u00e1s exclusivos en gafas, guantes, manillares y accesorios para motocross, enduro, downhill mtb, bmx...","publisher":{"@id":"https:\/\/www.mtr-2.com\/#organization"},"alternateName":"MTR-2 Worldwide | Motocross, enduro, bmx, donwhill mtb, surf - Live Your Style","potentialAction":[{"@type":"SearchAction","target":{"@type":"EntryPoint","urlTemplate":"https:\/\/www.mtr-2.com\/?s={search_term_string}"},"query-input":{"@type":"PropertyValueSpecification","valueRequired":true,"valueName":"search_term_string"}}],"inLanguage":"en-GB"},{"@type":"Organization","@id":"https:\/\/www.mtr-2.com\/#organization","name":"MTR2 Live your style","url":"https:\/\/www.mtr-2.com\/","logo":{"@type":"ImageObject","inLanguage":"en-GB","@id":"https:\/\/www.mtr-2.com\/#\/schema\/logo\/image\/","url":"https:\/\/i0.wp.com\/www.mtr-2.com\/wp-content\/uploads\/2021\/06\/MTR2-Logo-official.webp?fit=350%2C77&ssl=1","contentUrl":"https:\/\/i0.wp.com\/www.mtr-2.com\/wp-content\/uploads\/2021\/06\/MTR2-Logo-official.webp?fit=350%2C77&ssl=1","width":350,"height":77,"caption":"MTR2 Live your style"},"image":{"@id":"https:\/\/www.mtr-2.com\/#\/schema\/logo\/image\/"},"sameAs":["https:\/\/www.facebook.com\/mtr2worldwide\/","https:\/\/www.instagram.com\/mtr2worldwide\/"]}]}},"jetpack_sharing_enabled":true,"_links":{"self":[{"href":"https:\/\/www.mtr-2.com\/en\/wp-json\/wp\/v2\/pages\/3718","targetHints":{"allow":["GET"]}}],"collection":[{"href":"https:\/\/www.mtr-2.com\/en\/wp-json\/wp\/v2\/pages"}],"about":[{"href":"https:\/\/www.mtr-2.com\/en\/wp-json\/wp\/v2\/types\/page"}],"author":[{"embeddable":true,"href":"https:\/\/www.mtr-2.com\/en\/wp-json\/wp\/v2\/users\/1"}],"replies":[{"embeddable":true,"href":"https:\/\/www.mtr-2.com\/en\/wp-json\/wp\/v2\/comments?post=3718"}],"version-history":[{"count":65,"href":"https:\/\/www.mtr-2.com\/en\/wp-json\/wp\/v2\/pages\/3718\/revisions"}],"predecessor-version":[{"id":9740,"href":"https:\/\/www.mtr-2.com\/en\/wp-json\/wp\/v2\/pages\/3718\/revisions\/9740"}],"wp:attachment":[{"href":"https:\/\/www.mtr-2.com\/en\/wp-json\/wp\/v2\/media?parent=3718"}],"curies":[{"name":"wp","href":"https:\/\/api.w.org\/{rel}","templated":true}]}}