{"id":10640,"date":"2024-11-15T14:44:24","date_gmt":"2024-11-15T13:44:24","guid":{"rendered":"https:\/\/www.mtr-2.com\/?post_type=product&#038;p=10640"},"modified":"2025-12-21T18:51:22","modified_gmt":"2025-12-21T17:51:22","slug":"tapon-de-goma-guardapolvos-frenos","status":"publish","type":"product","link":"https:\/\/www.mtr-2.com\/en\/product\/tapon-de-goma-guardapolvos-frenos","title":{"rendered":"Rubber dust cap brakes"},"content":{"rendered":"","protected":false},"excerpt":{"rendered":"<p>Rubber dust cap for brake caliper bleeding valve.<\/p>","protected":false},"featured_media":10641,"template":"","meta":[],"product_brand":[],"product_cat":[90,95],"product_tag":[],"class_list":{"0":"post-10640","1":"product","2":"type-product","3":"status-publish","4":"has-post-thumbnail","6":"product_cat-pastillas-freno","7":"product_cat-varios","9":"first","10":"instock","11":"taxable","12":"shipping-taxable","13":"purchasable","14":"product-type-simple"},"yoast_head":"<!-- This site is optimized with the Yoast SEO plugin v27.5 - https:\/\/yoast.com\/product\/yoast-seo-wordpress\/ -->\n<title>Tap\u00f3n de goma guardapolvos frenos - MTR2 Live your style<\/title>\n<meta name=\"robots\" content=\"index, follow, max-snippet:-1, max-image-preview:large, max-video-preview:-1\" \/>\n<link rel=\"canonical\" href=\"https:\/\/www.mtr-2.com\/en\/product\/tapon-de-goma-guardapolvos-frenos\/\" \/>\n<meta property=\"og:locale\" content=\"en_GB\" \/>\n<meta property=\"og:type\" content=\"article\" \/>\n<meta property=\"og:title\" content=\"Tap\u00f3n de goma guardapolvos frenos - MTR2 Live your style\" \/>\n<meta property=\"og:description\" content=\"Tap\u00f3n de goma guardapolvos para la v\u00e1lvula de sangrado pinzas de freno.\" \/>\n<meta property=\"og:url\" content=\"https:\/\/www.mtr-2.com\/en\/product\/tapon-de-goma-guardapolvos-frenos\/\" \/>\n<meta property=\"og:site_name\" content=\"MTR2 Live your style\" \/>\n<meta property=\"article:publisher\" content=\"https:\/\/www.facebook.com\/mtr2worldwide\/\" \/>\n<meta property=\"article:modified_time\" content=\"2025-12-21T17:51:22+00:00\" \/>\n<meta property=\"og:image\" content=\"https:\/\/i0.wp.com\/www.mtr-2.com\/wp-content\/uploads\/2024\/11\/BRAKE-BLEEDER-CAPS-RUBBER-ENDURO-MTR-2.webp?fit=1000%2C1000&ssl=1\" \/>\n\t<meta property=\"og:image:width\" content=\"1000\" \/>\n\t<meta property=\"og:image:height\" content=\"1000\" \/>\n\t<meta property=\"og:image:type\" content=\"image\/webp\" \/>\n<meta name=\"twitter:card\" content=\"summary_large_image\" \/>\n<meta name=\"twitter:label1\" content=\"Estimated reading time\" \/>\n\t<meta name=\"twitter:data1\" content=\"1 minute\" \/>\n<script type=\"application\/ld+json\" class=\"yoast-schema-graph\">{\"@context\":\"https:\\\/\\\/schema.org\",\"@graph\":[{\"@type\":\"WebPage\",\"@id\":\"https:\\\/\\\/www.mtr-2.com\\\/producto\\\/tapon-de-goma-guardapolvos-frenos\",\"url\":\"https:\\\/\\\/www.mtr-2.com\\\/producto\\\/tapon-de-goma-guardapolvos-frenos\",\"name\":\"Tap\u00f3n de goma guardapolvos frenos - MTR2 Live your style\",\"isPartOf\":{\"@id\":\"https:\\\/\\\/www.mtr-2.com\\\/#website\"},\"primaryImageOfPage\":{\"@id\":\"https:\\\/\\\/www.mtr-2.com\\\/producto\\\/tapon-de-goma-guardapolvos-frenos#primaryimage\"},\"image\":{\"@id\":\"https:\\\/\\\/www.mtr-2.com\\\/producto\\\/tapon-de-goma-guardapolvos-frenos#primaryimage\"},\"thumbnailUrl\":\"https:\\\/\\\/i0.wp.com\\\/www.mtr-2.com\\\/wp-content\\\/uploads\\\/2024\\\/11\\\/BRAKE-BLEEDER-CAPS-RUBBER-ENDURO-MTR-2.webp?fit=1000%2C1000&ssl=1\",\"datePublished\":\"2024-11-15T13:44:24+00:00\",\"dateModified\":\"2025-12-21T17:51:22+00:00\",\"breadcrumb\":{\"@id\":\"https:\\\/\\\/www.mtr-2.com\\\/producto\\\/tapon-de-goma-guardapolvos-frenos#breadcrumb\"},\"inLanguage\":\"en-GB\",\"potentialAction\":[{\"@type\":\"ReadAction\",\"target\":[\"https:\\\/\\\/www.mtr-2.com\\\/producto\\\/tapon-de-goma-guardapolvos-frenos\"]}]},{\"@type\":\"ImageObject\",\"inLanguage\":\"en-GB\",\"@id\":\"https:\\\/\\\/www.mtr-2.com\\\/producto\\\/tapon-de-goma-guardapolvos-frenos#primaryimage\",\"url\":\"https:\\\/\\\/i0.wp.com\\\/www.mtr-2.com\\\/wp-content\\\/uploads\\\/2024\\\/11\\\/BRAKE-BLEEDER-CAPS-RUBBER-ENDURO-MTR-2.webp?fit=1000%2C1000&ssl=1\",\"contentUrl\":\"https:\\\/\\\/i0.wp.com\\\/www.mtr-2.com\\\/wp-content\\\/uploads\\\/2024\\\/11\\\/BRAKE-BLEEDER-CAPS-RUBBER-ENDURO-MTR-2.webp?fit=1000%2C1000&ssl=1\",\"width\":1000,\"height\":1000},{\"@type\":\"BreadcrumbList\",\"@id\":\"https:\\\/\\\/www.mtr-2.com\\\/producto\\\/tapon-de-goma-guardapolvos-frenos#breadcrumb\",\"itemListElement\":[{\"@type\":\"ListItem\",\"position\":1,\"name\":\"Portada\",\"item\":\"https:\\\/\\\/www.mtr-2.com\\\/\"},{\"@type\":\"ListItem\",\"position\":2,\"name\":\"Tienda\",\"item\":\"https:\\\/\\\/www.mtr-2.com\\\/tienda\"},{\"@type\":\"ListItem\",\"position\":3,\"name\":\"Tap\u00f3n de goma guardapolvos frenos\"}]},{\"@type\":\"WebSite\",\"@id\":\"https:\\\/\\\/www.mtr-2.com\\\/#website\",\"url\":\"https:\\\/\\\/www.mtr-2.com\\\/\",\"name\":\"MTR2 Live your style\",\"description\":\"Los dise\u00f1os m\u00e1s exclusivos en gafas, guantes, manillares y accesorios para motocross, enduro, downhill mtb, bmx...\",\"publisher\":{\"@id\":\"https:\\\/\\\/www.mtr-2.com\\\/#organization\"},\"alternateName\":\"MTR-2 Worldwide | Motocross, enduro, bmx, donwhill mtb, surf - Live Your Style\",\"potentialAction\":[{\"@type\":\"SearchAction\",\"target\":{\"@type\":\"EntryPoint\",\"urlTemplate\":\"https:\\\/\\\/www.mtr-2.com\\\/?s={search_term_string}\"},\"query-input\":{\"@type\":\"PropertyValueSpecification\",\"valueRequired\":true,\"valueName\":\"search_term_string\"}}],\"inLanguage\":\"en-GB\"},{\"@type\":\"Organization\",\"@id\":\"https:\\\/\\\/www.mtr-2.com\\\/#organization\",\"name\":\"MTR2 Live your style\",\"url\":\"https:\\\/\\\/www.mtr-2.com\\\/\",\"logo\":{\"@type\":\"ImageObject\",\"inLanguage\":\"en-GB\",\"@id\":\"https:\\\/\\\/www.mtr-2.com\\\/#\\\/schema\\\/logo\\\/image\\\/\",\"url\":\"https:\\\/\\\/i0.wp.com\\\/www.mtr-2.com\\\/wp-content\\\/uploads\\\/2021\\\/06\\\/MTR2-Logo-official.webp?fit=350%2C77&ssl=1\",\"contentUrl\":\"https:\\\/\\\/i0.wp.com\\\/www.mtr-2.com\\\/wp-content\\\/uploads\\\/2021\\\/06\\\/MTR2-Logo-official.webp?fit=350%2C77&ssl=1\",\"width\":350,\"height\":77,\"caption\":\"MTR2 Live your style\"},\"image\":{\"@id\":\"https:\\\/\\\/www.mtr-2.com\\\/#\\\/schema\\\/logo\\\/image\\\/\"},\"sameAs\":[\"https:\\\/\\\/www.facebook.com\\\/mtr2worldwide\\\/\",\"https:\\\/\\\/www.instagram.com\\\/mtr2worldwide\\\/\"]}]}<\/script>\n<!-- \/ Yoast SEO plugin. -->","yoast_head_json":{"title":"Tap\u00f3n de goma guardapolvos frenos - MTR2 Live your style","robots":{"index":"index","follow":"follow","max-snippet":"max-snippet:-1","max-image-preview":"max-image-preview:large","max-video-preview":"max-video-preview:-1"},"canonical":"https:\/\/www.mtr-2.com\/en\/product\/tapon-de-goma-guardapolvos-frenos\/","og_locale":"en_GB","og_type":"article","og_title":"Tap\u00f3n de goma guardapolvos frenos - MTR2 Live your style","og_description":"Tap\u00f3n de goma guardapolvos para la v\u00e1lvula de sangrado pinzas de freno.","og_url":"https:\/\/www.mtr-2.com\/en\/product\/tapon-de-goma-guardapolvos-frenos\/","og_site_name":"MTR2 Live your style","article_publisher":"https:\/\/www.facebook.com\/mtr2worldwide\/","article_modified_time":"2025-12-21T17:51:22+00:00","og_image":[{"width":1000,"height":1000,"url":"https:\/\/i0.wp.com\/www.mtr-2.com\/wp-content\/uploads\/2024\/11\/BRAKE-BLEEDER-CAPS-RUBBER-ENDURO-MTR-2.webp?fit=1000%2C1000&ssl=1","type":"image\/webp"}],"twitter_card":"summary_large_image","twitter_misc":{"Estimated reading time":"1 minute"},"schema":{"@context":"https:\/\/schema.org","@graph":[{"@type":"WebPage","@id":"https:\/\/www.mtr-2.com\/producto\/tapon-de-goma-guardapolvos-frenos","url":"https:\/\/www.mtr-2.com\/producto\/tapon-de-goma-guardapolvos-frenos","name":"Tap\u00f3n de goma guardapolvos frenos - MTR2 Live your style","isPartOf":{"@id":"https:\/\/www.mtr-2.com\/#website"},"primaryImageOfPage":{"@id":"https:\/\/www.mtr-2.com\/producto\/tapon-de-goma-guardapolvos-frenos#primaryimage"},"image":{"@id":"https:\/\/www.mtr-2.com\/producto\/tapon-de-goma-guardapolvos-frenos#primaryimage"},"thumbnailUrl":"https:\/\/i0.wp.com\/www.mtr-2.com\/wp-content\/uploads\/2024\/11\/BRAKE-BLEEDER-CAPS-RUBBER-ENDURO-MTR-2.webp?fit=1000%2C1000&ssl=1","datePublished":"2024-11-15T13:44:24+00:00","dateModified":"2025-12-21T17:51:22+00:00","breadcrumb":{"@id":"https:\/\/www.mtr-2.com\/producto\/tapon-de-goma-guardapolvos-frenos#breadcrumb"},"inLanguage":"en-GB","potentialAction":[{"@type":"ReadAction","target":["https:\/\/www.mtr-2.com\/producto\/tapon-de-goma-guardapolvos-frenos"]}]},{"@type":"ImageObject","inLanguage":"en-GB","@id":"https:\/\/www.mtr-2.com\/producto\/tapon-de-goma-guardapolvos-frenos#primaryimage","url":"https:\/\/i0.wp.com\/www.mtr-2.com\/wp-content\/uploads\/2024\/11\/BRAKE-BLEEDER-CAPS-RUBBER-ENDURO-MTR-2.webp?fit=1000%2C1000&ssl=1","contentUrl":"https:\/\/i0.wp.com\/www.mtr-2.com\/wp-content\/uploads\/2024\/11\/BRAKE-BLEEDER-CAPS-RUBBER-ENDURO-MTR-2.webp?fit=1000%2C1000&ssl=1","width":1000,"height":1000},{"@type":"BreadcrumbList","@id":"https:\/\/www.mtr-2.com\/producto\/tapon-de-goma-guardapolvos-frenos#breadcrumb","itemListElement":[{"@type":"ListItem","position":1,"name":"Portada","item":"https:\/\/www.mtr-2.com\/"},{"@type":"ListItem","position":2,"name":"Tienda","item":"https:\/\/www.mtr-2.com\/tienda"},{"@type":"ListItem","position":3,"name":"Tap\u00f3n de goma guardapolvos frenos"}]},{"@type":"WebSite","@id":"https:\/\/www.mtr-2.com\/#website","url":"https:\/\/www.mtr-2.com\/","name":"MTR2 Live your style","description":"Los dise\u00f1os m\u00e1s exclusivos en gafas, guantes, manillares y accesorios para motocross, enduro, downhill mtb, bmx...","publisher":{"@id":"https:\/\/www.mtr-2.com\/#organization"},"alternateName":"MTR-2 Worldwide | Motocross, enduro, bmx, donwhill mtb, surf - Live Your Style","potentialAction":[{"@type":"SearchAction","target":{"@type":"EntryPoint","urlTemplate":"https:\/\/www.mtr-2.com\/?s={search_term_string}"},"query-input":{"@type":"PropertyValueSpecification","valueRequired":true,"valueName":"search_term_string"}}],"inLanguage":"en-GB"},{"@type":"Organization","@id":"https:\/\/www.mtr-2.com\/#organization","name":"MTR2 Live your style","url":"https:\/\/www.mtr-2.com\/","logo":{"@type":"ImageObject","inLanguage":"en-GB","@id":"https:\/\/www.mtr-2.com\/#\/schema\/logo\/image\/","url":"https:\/\/i0.wp.com\/www.mtr-2.com\/wp-content\/uploads\/2021\/06\/MTR2-Logo-official.webp?fit=350%2C77&ssl=1","contentUrl":"https:\/\/i0.wp.com\/www.mtr-2.com\/wp-content\/uploads\/2021\/06\/MTR2-Logo-official.webp?fit=350%2C77&ssl=1","width":350,"height":77,"caption":"MTR2 Live your style"},"image":{"@id":"https:\/\/www.mtr-2.com\/#\/schema\/logo\/image\/"},"sameAs":["https:\/\/www.facebook.com\/mtr2worldwide\/","https:\/\/www.instagram.com\/mtr2worldwide\/"]}]}},"jetpack_sharing_enabled":true,"_links":{"self":[{"href":"https:\/\/www.mtr-2.com\/en\/wp-json\/wp\/v2\/product\/10640","targetHints":{"allow":["GET"]}}],"collection":[{"href":"https:\/\/www.mtr-2.com\/en\/wp-json\/wp\/v2\/product"}],"about":[{"href":"https:\/\/www.mtr-2.com\/en\/wp-json\/wp\/v2\/types\/product"}],"wp:featuredmedia":[{"embeddable":true,"href":"https:\/\/www.mtr-2.com\/en\/wp-json\/wp\/v2\/media\/10641"}],"wp:attachment":[{"href":"https:\/\/www.mtr-2.com\/en\/wp-json\/wp\/v2\/media?parent=10640"}],"wp:term":[{"taxonomy":"product_brand","embeddable":true,"href":"https:\/\/www.mtr-2.com\/en\/wp-json\/wp\/v2\/product_brand?post=10640"},{"taxonomy":"product_cat","embeddable":true,"href":"https:\/\/www.mtr-2.com\/en\/wp-json\/wp\/v2\/product_cat?post=10640"},{"taxonomy":"product_tag","embeddable":true,"href":"https:\/\/www.mtr-2.com\/en\/wp-json\/wp\/v2\/product_tag?post=10640"}],"curies":[{"name":"wp","href":"https:\/\/api.w.org\/{rel}","templated":true}]}}