{"id":10644,"date":"2024-11-20T17:18:38","date_gmt":"2024-11-20T16:18:38","guid":{"rendered":"https:\/\/www.mtr-2.com\/?post_type=product&#038;p=10644"},"modified":"2026-03-06T12:05:29","modified_gmt":"2026-03-06T11:05:29","slug":"cable-protector-pedal-de-freno-trasero","status":"publish","type":"product","link":"https:\/\/www.mtr-2.com\/en\/product\/cable-protector-pedal-de-freno-trasero","title":{"rendered":"Rear brake pedal saver cable"},"content":{"rendered":"","protected":false},"excerpt":{"rendered":"<p>The rear brake pedal saver cable is designed to prevent the lever from getting caught on branches or moving outwards.<\/p>\n<p>It is installed on the end of the brake lever and on an engine mount bolt.<\/p>\n<p>Made of stainless steel wire.<br \/>\nPlastic outer cover for protection.<br \/>\nFits OEM levers, small drill may be required to attach cable if needed.<\/p>","protected":false},"featured_media":10645,"template":"","meta":[],"product_brand":[],"product_cat":[90,95],"product_tag":[628,631,630,626,632,629,634,633,624,625,627],"class_list":{"0":"post-10644","1":"product","2":"type-product","3":"status-publish","4":"has-post-thumbnail","6":"product_cat-pastillas-freno","7":"product_cat-varios","8":"product_tag-brake-pedal-enduro","9":"product_tag-brake-pedal-enduro-husqvarna","10":"product_tag-brake-pedal-gasgas","11":"product_tag-brake-pedal-saver-cable","12":"product_tag-breake-pedal-beta","13":"product_tag-breake-pedal-ktm","14":"product_tag-breake-pedal-saver-sherco","15":"product_tag-breake-pedal-sherco","16":"product_tag-protector-cable-de-freno-trasero","17":"product_tag-rear-brake-pedal-saber","18":"product_tag-rear-brake-pedal-saver","20":"first","21":"instock","22":"taxable","23":"shipping-taxable","24":"purchasable","25":"product-type-simple"},"yoast_head":"<!-- This site is optimized with the Yoast SEO plugin v27.4 - https:\/\/yoast.com\/product\/yoast-seo-wordpress\/ -->\n<title>Cable protector pedal de freno trasero - MTR2 Live your style<\/title>\n<meta name=\"robots\" content=\"index, follow, max-snippet:-1, max-image-preview:large, max-video-preview:-1\" \/>\n<link rel=\"canonical\" href=\"https:\/\/www.mtr-2.com\/en\/product\/cable-protector-pedal-de-freno-trasero\/\" \/>\n<meta property=\"og:locale\" content=\"en_GB\" \/>\n<meta property=\"og:type\" content=\"article\" \/>\n<meta property=\"og:title\" content=\"Cable protector pedal de freno trasero - MTR2 Live your style\" \/>\n<meta property=\"og:description\" content=\"El cable protector de palanca de freno trasero se ha dise\u00f1ado para evitar que la palanca quede bloqueada con las ramas o evitar que se desplace hacia el exterior.  Se instala en la parte final de la palanca de freno y en un perno del soporte motor.  Fabricado con alambre de acero inoxidable. Funda exterior de pl\u00e1stico para protecci\u00f3n. Se adapta a las palancas &quot;OEM&quot;, en su caso puede ser necesario un peque\u00f1o taladro para enganchar el cable.\" \/>\n<meta property=\"og:url\" content=\"https:\/\/www.mtr-2.com\/en\/product\/cable-protector-pedal-de-freno-trasero\/\" \/>\n<meta property=\"og:site_name\" content=\"MTR2 Live your style\" \/>\n<meta property=\"article:publisher\" content=\"https:\/\/www.facebook.com\/mtr2worldwide\/\" \/>\n<meta property=\"article:modified_time\" content=\"2026-03-06T11:05:29+00:00\" \/>\n<meta property=\"og:image\" content=\"https:\/\/i0.wp.com\/www.mtr-2.com\/wp-content\/uploads\/2024\/11\/REAR-BRAKE-PEDAL-SAVER-CABLE-ENDURO.webp?fit=1000%2C1000&ssl=1\" \/>\n\t<meta property=\"og:image:width\" content=\"1000\" \/>\n\t<meta property=\"og:image:height\" content=\"1000\" \/>\n\t<meta property=\"og:image:type\" content=\"image\/webp\" \/>\n<meta name=\"twitter:card\" content=\"summary_large_image\" \/>\n<meta name=\"twitter:label1\" content=\"Estimated reading time\" \/>\n\t<meta name=\"twitter:data1\" content=\"1 minute\" \/>\n<script type=\"application\/ld+json\" class=\"yoast-schema-graph\">{\"@context\":\"https:\\\/\\\/schema.org\",\"@graph\":[{\"@type\":\"WebPage\",\"@id\":\"https:\\\/\\\/www.mtr-2.com\\\/producto\\\/cable-protector-pedal-de-freno-trasero\",\"url\":\"https:\\\/\\\/www.mtr-2.com\\\/producto\\\/cable-protector-pedal-de-freno-trasero\",\"name\":\"Cable protector pedal de freno trasero - MTR2 Live your style\",\"isPartOf\":{\"@id\":\"https:\\\/\\\/www.mtr-2.com\\\/#website\"},\"primaryImageOfPage\":{\"@id\":\"https:\\\/\\\/www.mtr-2.com\\\/producto\\\/cable-protector-pedal-de-freno-trasero#primaryimage\"},\"image\":{\"@id\":\"https:\\\/\\\/www.mtr-2.com\\\/producto\\\/cable-protector-pedal-de-freno-trasero#primaryimage\"},\"thumbnailUrl\":\"https:\\\/\\\/i0.wp.com\\\/www.mtr-2.com\\\/wp-content\\\/uploads\\\/2024\\\/11\\\/REAR-BRAKE-PEDAL-SAVER-CABLE-ENDURO.webp?fit=1000%2C1000&ssl=1\",\"datePublished\":\"2024-11-20T16:18:38+00:00\",\"dateModified\":\"2026-03-06T11:05:29+00:00\",\"breadcrumb\":{\"@id\":\"https:\\\/\\\/www.mtr-2.com\\\/producto\\\/cable-protector-pedal-de-freno-trasero#breadcrumb\"},\"inLanguage\":\"en-GB\",\"potentialAction\":[{\"@type\":\"ReadAction\",\"target\":[\"https:\\\/\\\/www.mtr-2.com\\\/producto\\\/cable-protector-pedal-de-freno-trasero\"]}]},{\"@type\":\"ImageObject\",\"inLanguage\":\"en-GB\",\"@id\":\"https:\\\/\\\/www.mtr-2.com\\\/producto\\\/cable-protector-pedal-de-freno-trasero#primaryimage\",\"url\":\"https:\\\/\\\/i0.wp.com\\\/www.mtr-2.com\\\/wp-content\\\/uploads\\\/2024\\\/11\\\/REAR-BRAKE-PEDAL-SAVER-CABLE-ENDURO.webp?fit=1000%2C1000&ssl=1\",\"contentUrl\":\"https:\\\/\\\/i0.wp.com\\\/www.mtr-2.com\\\/wp-content\\\/uploads\\\/2024\\\/11\\\/REAR-BRAKE-PEDAL-SAVER-CABLE-ENDURO.webp?fit=1000%2C1000&ssl=1\",\"width\":1000,\"height\":1000},{\"@type\":\"BreadcrumbList\",\"@id\":\"https:\\\/\\\/www.mtr-2.com\\\/producto\\\/cable-protector-pedal-de-freno-trasero#breadcrumb\",\"itemListElement\":[{\"@type\":\"ListItem\",\"position\":1,\"name\":\"Portada\",\"item\":\"https:\\\/\\\/www.mtr-2.com\\\/\"},{\"@type\":\"ListItem\",\"position\":2,\"name\":\"Tienda\",\"item\":\"http:\\\/\\\/www.mtr-2.com\\\/tienda\"},{\"@type\":\"ListItem\",\"position\":3,\"name\":\"Cable protector pedal de freno trasero\"}]},{\"@type\":\"WebSite\",\"@id\":\"https:\\\/\\\/www.mtr-2.com\\\/#website\",\"url\":\"https:\\\/\\\/www.mtr-2.com\\\/\",\"name\":\"MTR2 Live your style\",\"description\":\"Los dise\u00f1os m\u00e1s exclusivos en gafas, guantes, manillares y accesorios para motocross, enduro, downhill mtb, bmx...\",\"publisher\":{\"@id\":\"https:\\\/\\\/www.mtr-2.com\\\/#organization\"},\"alternateName\":\"MTR-2 Worldwide | Motocross, enduro, bmx, donwhill mtb, surf - Live Your Style\",\"potentialAction\":[{\"@type\":\"SearchAction\",\"target\":{\"@type\":\"EntryPoint\",\"urlTemplate\":\"https:\\\/\\\/www.mtr-2.com\\\/?s={search_term_string}\"},\"query-input\":{\"@type\":\"PropertyValueSpecification\",\"valueRequired\":true,\"valueName\":\"search_term_string\"}}],\"inLanguage\":\"en-GB\"},{\"@type\":\"Organization\",\"@id\":\"https:\\\/\\\/www.mtr-2.com\\\/#organization\",\"name\":\"MTR2 Live your style\",\"url\":\"https:\\\/\\\/www.mtr-2.com\\\/\",\"logo\":{\"@type\":\"ImageObject\",\"inLanguage\":\"en-GB\",\"@id\":\"https:\\\/\\\/www.mtr-2.com\\\/#\\\/schema\\\/logo\\\/image\\\/\",\"url\":\"https:\\\/\\\/i0.wp.com\\\/www.mtr-2.com\\\/wp-content\\\/uploads\\\/2021\\\/06\\\/MTR2-Logo-official.webp?fit=350%2C77&ssl=1\",\"contentUrl\":\"https:\\\/\\\/i0.wp.com\\\/www.mtr-2.com\\\/wp-content\\\/uploads\\\/2021\\\/06\\\/MTR2-Logo-official.webp?fit=350%2C77&ssl=1\",\"width\":350,\"height\":77,\"caption\":\"MTR2 Live your style\"},\"image\":{\"@id\":\"https:\\\/\\\/www.mtr-2.com\\\/#\\\/schema\\\/logo\\\/image\\\/\"},\"sameAs\":[\"https:\\\/\\\/www.facebook.com\\\/mtr2worldwide\\\/\",\"https:\\\/\\\/www.instagram.com\\\/mtr2worldwide\\\/\"]}]}<\/script>\n<!-- \/ Yoast SEO plugin. -->","yoast_head_json":{"title":"Cable protector pedal de freno trasero - MTR2 Live your style","robots":{"index":"index","follow":"follow","max-snippet":"max-snippet:-1","max-image-preview":"max-image-preview:large","max-video-preview":"max-video-preview:-1"},"canonical":"https:\/\/www.mtr-2.com\/en\/product\/cable-protector-pedal-de-freno-trasero\/","og_locale":"en_GB","og_type":"article","og_title":"Cable protector pedal de freno trasero - MTR2 Live your style","og_description":"El cable protector de palanca de freno trasero se ha dise\u00f1ado para evitar que la palanca quede bloqueada con las ramas o evitar que se desplace hacia el exterior.  Se instala en la parte final de la palanca de freno y en un perno del soporte motor.  Fabricado con alambre de acero inoxidable. Funda exterior de pl\u00e1stico para protecci\u00f3n. Se adapta a las palancas \"OEM\", en su caso puede ser necesario un peque\u00f1o taladro para enganchar el cable.","og_url":"https:\/\/www.mtr-2.com\/en\/product\/cable-protector-pedal-de-freno-trasero\/","og_site_name":"MTR2 Live your style","article_publisher":"https:\/\/www.facebook.com\/mtr2worldwide\/","article_modified_time":"2026-03-06T11:05:29+00:00","og_image":[{"width":1000,"height":1000,"url":"https:\/\/i0.wp.com\/www.mtr-2.com\/wp-content\/uploads\/2024\/11\/REAR-BRAKE-PEDAL-SAVER-CABLE-ENDURO.webp?fit=1000%2C1000&ssl=1","type":"image\/webp"}],"twitter_card":"summary_large_image","twitter_misc":{"Estimated reading time":"1 minute"},"schema":{"@context":"https:\/\/schema.org","@graph":[{"@type":"WebPage","@id":"https:\/\/www.mtr-2.com\/producto\/cable-protector-pedal-de-freno-trasero","url":"https:\/\/www.mtr-2.com\/producto\/cable-protector-pedal-de-freno-trasero","name":"Cable protector pedal de freno trasero - MTR2 Live your style","isPartOf":{"@id":"https:\/\/www.mtr-2.com\/#website"},"primaryImageOfPage":{"@id":"https:\/\/www.mtr-2.com\/producto\/cable-protector-pedal-de-freno-trasero#primaryimage"},"image":{"@id":"https:\/\/www.mtr-2.com\/producto\/cable-protector-pedal-de-freno-trasero#primaryimage"},"thumbnailUrl":"https:\/\/i0.wp.com\/www.mtr-2.com\/wp-content\/uploads\/2024\/11\/REAR-BRAKE-PEDAL-SAVER-CABLE-ENDURO.webp?fit=1000%2C1000&ssl=1","datePublished":"2024-11-20T16:18:38+00:00","dateModified":"2026-03-06T11:05:29+00:00","breadcrumb":{"@id":"https:\/\/www.mtr-2.com\/producto\/cable-protector-pedal-de-freno-trasero#breadcrumb"},"inLanguage":"en-GB","potentialAction":[{"@type":"ReadAction","target":["https:\/\/www.mtr-2.com\/producto\/cable-protector-pedal-de-freno-trasero"]}]},{"@type":"ImageObject","inLanguage":"en-GB","@id":"https:\/\/www.mtr-2.com\/producto\/cable-protector-pedal-de-freno-trasero#primaryimage","url":"https:\/\/i0.wp.com\/www.mtr-2.com\/wp-content\/uploads\/2024\/11\/REAR-BRAKE-PEDAL-SAVER-CABLE-ENDURO.webp?fit=1000%2C1000&ssl=1","contentUrl":"https:\/\/i0.wp.com\/www.mtr-2.com\/wp-content\/uploads\/2024\/11\/REAR-BRAKE-PEDAL-SAVER-CABLE-ENDURO.webp?fit=1000%2C1000&ssl=1","width":1000,"height":1000},{"@type":"BreadcrumbList","@id":"https:\/\/www.mtr-2.com\/producto\/cable-protector-pedal-de-freno-trasero#breadcrumb","itemListElement":[{"@type":"ListItem","position":1,"name":"Portada","item":"https:\/\/www.mtr-2.com\/"},{"@type":"ListItem","position":2,"name":"Tienda","item":"http:\/\/www.mtr-2.com\/tienda"},{"@type":"ListItem","position":3,"name":"Cable protector pedal de freno trasero"}]},{"@type":"WebSite","@id":"https:\/\/www.mtr-2.com\/#website","url":"https:\/\/www.mtr-2.com\/","name":"MTR2 Live your style","description":"Los dise\u00f1os m\u00e1s exclusivos en gafas, guantes, manillares y accesorios para motocross, enduro, downhill mtb, bmx...","publisher":{"@id":"https:\/\/www.mtr-2.com\/#organization"},"alternateName":"MTR-2 Worldwide | Motocross, enduro, bmx, donwhill mtb, surf - Live Your Style","potentialAction":[{"@type":"SearchAction","target":{"@type":"EntryPoint","urlTemplate":"https:\/\/www.mtr-2.com\/?s={search_term_string}"},"query-input":{"@type":"PropertyValueSpecification","valueRequired":true,"valueName":"search_term_string"}}],"inLanguage":"en-GB"},{"@type":"Organization","@id":"https:\/\/www.mtr-2.com\/#organization","name":"MTR2 Live your style","url":"https:\/\/www.mtr-2.com\/","logo":{"@type":"ImageObject","inLanguage":"en-GB","@id":"https:\/\/www.mtr-2.com\/#\/schema\/logo\/image\/","url":"https:\/\/i0.wp.com\/www.mtr-2.com\/wp-content\/uploads\/2021\/06\/MTR2-Logo-official.webp?fit=350%2C77&ssl=1","contentUrl":"https:\/\/i0.wp.com\/www.mtr-2.com\/wp-content\/uploads\/2021\/06\/MTR2-Logo-official.webp?fit=350%2C77&ssl=1","width":350,"height":77,"caption":"MTR2 Live your style"},"image":{"@id":"https:\/\/www.mtr-2.com\/#\/schema\/logo\/image\/"},"sameAs":["https:\/\/www.facebook.com\/mtr2worldwide\/","https:\/\/www.instagram.com\/mtr2worldwide\/"]}]}},"jetpack_sharing_enabled":true,"_links":{"self":[{"href":"https:\/\/www.mtr-2.com\/en\/wp-json\/wp\/v2\/product\/10644","targetHints":{"allow":["GET"]}}],"collection":[{"href":"https:\/\/www.mtr-2.com\/en\/wp-json\/wp\/v2\/product"}],"about":[{"href":"https:\/\/www.mtr-2.com\/en\/wp-json\/wp\/v2\/types\/product"}],"wp:featuredmedia":[{"embeddable":true,"href":"https:\/\/www.mtr-2.com\/en\/wp-json\/wp\/v2\/media\/10645"}],"wp:attachment":[{"href":"https:\/\/www.mtr-2.com\/en\/wp-json\/wp\/v2\/media?parent=10644"}],"wp:term":[{"taxonomy":"product_brand","embeddable":true,"href":"https:\/\/www.mtr-2.com\/en\/wp-json\/wp\/v2\/product_brand?post=10644"},{"taxonomy":"product_cat","embeddable":true,"href":"https:\/\/www.mtr-2.com\/en\/wp-json\/wp\/v2\/product_cat?post=10644"},{"taxonomy":"product_tag","embeddable":true,"href":"https:\/\/www.mtr-2.com\/en\/wp-json\/wp\/v2\/product_tag?post=10644"}],"curies":[{"name":"wp","href":"https:\/\/api.w.org\/{rel}","templated":true}]}}