{"id":11237,"date":"2025-06-16T09:16:09","date_gmt":"2025-06-16T07:16:09","guid":{"rendered":"https:\/\/www.mtr-2.com\/producto\/punos-lock-on-race-doble-compuesto-gris-oscuro-negro-half-waffle"},"modified":"2026-03-16T12:26:11","modified_gmt":"2026-03-16T11:26:11","slug":"punos-lock-on-race-doble-compuesto-gris-oscuro-negro-half-waffle","status":"publish","type":"product","link":"https:\/\/www.mtr-2.com\/en\/product\/punos-lock-on-race-doble-compuesto-gris-oscuro-negro-half-waffle","title":{"rendered":"Lock-On Race Dual Compound Grips Dark Grey\/Black \u201cHalf-Waffle\u201d"},"content":{"rendered":"<p><strong>Compatible models<\/strong><\/p>\n<p>C &#8211; Yamaha YZ 125\/250 2T 1997-2025 Fantic XX 125\/250 2021-2025<\/p>\n<p>B &#8211; Honda CRF 250\/450 2002-2025 Honda CRFX 250\/450 2004-2025<\/p>\n<p>K- Kawasaki KXF 250 2004-2025 Kawasaki KXF 450 2006-2025<br \/>\nSuzuki RMZ 250 2004-2025 Suzuki RMZ 450 2005-2025<br \/>\nYamaha YZ F 250\/400\/450 1998-2025<\/p>\n<p>KH-790D2 \u2013 KTM SXF 250\/350\/450 2016-2025<br \/>\nHusqvarna FC\/FE 250\/350\/450 2016-2025<br \/>\nGasGas MC\/EC 250\/450 2021-2025<\/p>\n<p>KH-504 \u2013 KTM SX-EXC 85\/105\/125\/150\/250\/300 2017-2025<br \/>\nHusqvarna TC\/TE 125\/150\/250\/300 2014-2025 TC 85 2017-2025<br \/>\nGASGAS EC\/MC 85\/125\/250 2021-2025<\/p>","protected":false},"excerpt":{"rendered":"<p>The MTR2 Race Lock-On grips feature dual-density rubber, two compounds that ensure greater grip, durability, and riding comfort. The surface compound provides traction and comfort with a softer density, while the inner core and sides are composed of a harder material, offering greater resistance in the event of a crash.<\/p>\n<p>Oversized diamond-shaped pattern offers a more comfortable feel without losing grip.<\/p>\n<p>Its diameter has been designed to provide a perfect grip on the handlebars and prevent forearm fatigue.<\/p>\n<p>Lock-On system for quick installation to the handlebar using a screw. The kit includes 5 throttle levers for different models.<br \/>\nVea abajo los modelos compatibles. (Opciones levas A y D se pueden comprar por separado).<\/p>","protected":false},"featured_media":11262,"template":"","meta":[],"product_brand":[],"product_cat":[92],"product_tag":[795,796,797,798,799,800,801,802,803,804,805,806,807,808,809,810,811,812],"class_list":{"0":"post-11237","1":"product","2":"type-product","3":"status-publish","4":"has-post-thumbnail","6":"product_cat-punos","7":"product_tag-grips-ktm-odi","8":"product_tag-grips-motocross","9":"product_tag-grips-neken","10":"product_tag-grips-odi","11":"product_tag-grips-protper","12":"product_tag-lock-on-grips","13":"product_tag-lock-on-odi","14":"product_tag-lock-on-punos","15":"product_tag-lock-on-punos-ktm","16":"product_tag-lock-on-punos-motocross","17":"product_tag-lock-on-punos-mtr2","18":"product_tag-lock-on-punos-odi","19":"product_tag-lock-on-punos-protaper","20":"product_tag-lock-on-punos-renthal","21":"product_tag-punos-enduro","22":"product_tag-punos-moto","23":"product_tag-punos-motocross","24":"product_tag-punos-renthal","26":"first","27":"instock","28":"taxable","29":"shipping-taxable","30":"purchasable","31":"product-type-simple"},"yoast_head":"<!-- This site is optimized with the Yoast SEO plugin v27.5 - https:\/\/yoast.com\/product\/yoast-seo-wordpress\/ -->\n<title>Pu\u00f1os motocross STD Compuesto simple - MTR2 Live your style<\/title>\n<meta name=\"description\" content=\"Pu\u00f1os para motocross o enduro, gran variedad de modelos y diferentes compuestos disponibles. Pu\u00f1os cl\u00e1sicos o con cierre Lock-On.\" \/>\n<meta name=\"robots\" content=\"index, follow, max-snippet:-1, max-image-preview:large, max-video-preview:-1\" \/>\n<link rel=\"canonical\" href=\"https:\/\/www.mtr-2.com\/en\/product\/punos-lock-on-race-doble-compuesto-gris-oscuro-negro-half-waffle\/\" \/>\n<meta property=\"og:locale\" content=\"en_GB\" \/>\n<meta property=\"og:type\" content=\"article\" \/>\n<meta property=\"og:title\" content=\"Pu\u00f1os motocross STD Compuesto simple - MTR2 Live your style\" \/>\n<meta property=\"og:description\" content=\"Pu\u00f1os para motocross o enduro, gran variedad de modelos y diferentes compuestos disponibles. Pu\u00f1os cl\u00e1sicos o con cierre Lock-On.\" \/>\n<meta property=\"og:url\" content=\"https:\/\/www.mtr-2.com\/en\/product\/punos-lock-on-race-doble-compuesto-gris-oscuro-negro-half-waffle\/\" \/>\n<meta property=\"og:site_name\" content=\"MTR2 Live your style\" \/>\n<meta property=\"article:publisher\" content=\"https:\/\/www.facebook.com\/mtr2worldwide\/\" \/>\n<meta property=\"article:modified_time\" content=\"2026-03-16T11:26:11+00:00\" \/>\n<meta property=\"og:image\" content=\"https:\/\/i0.wp.com\/www.mtr-2.com\/wp-content\/uploads\/2025\/06\/GRIPS-RACE-LOCK-ON-SINGLE-COMPOUND-GREY-BLACK-MOTOCROSS-ENDURO-Half-waffle-MTR-2-8001220.webp?fit=1000%2C1000&ssl=1\" \/>\n\t<meta property=\"og:image:width\" content=\"1000\" \/>\n\t<meta property=\"og:image:height\" content=\"1000\" \/>\n\t<meta property=\"og:image:type\" content=\"image\/webp\" \/>\n<meta name=\"twitter:card\" content=\"summary_large_image\" \/>\n<meta name=\"twitter:label1\" content=\"Estimated reading time\" \/>\n\t<meta name=\"twitter:data1\" content=\"1 minute\" \/>\n<script type=\"application\/ld+json\" class=\"yoast-schema-graph\">{\"@context\":\"https:\\\/\\\/schema.org\",\"@graph\":[{\"@type\":\"WebPage\",\"@id\":\"https:\\\/\\\/www.mtr-2.com\\\/producto\\\/punos-lock-on-race-doble-compuesto-gris-oscuro-negro-half-waffle\",\"url\":\"https:\\\/\\\/www.mtr-2.com\\\/producto\\\/punos-lock-on-race-doble-compuesto-gris-oscuro-negro-half-waffle\",\"name\":\"Pu\u00f1os motocross STD Compuesto simple - MTR2 Live your style\",\"isPartOf\":{\"@id\":\"https:\\\/\\\/www.mtr-2.com\\\/#website\"},\"primaryImageOfPage\":{\"@id\":\"https:\\\/\\\/www.mtr-2.com\\\/producto\\\/punos-lock-on-race-doble-compuesto-gris-oscuro-negro-half-waffle#primaryimage\"},\"image\":{\"@id\":\"https:\\\/\\\/www.mtr-2.com\\\/producto\\\/punos-lock-on-race-doble-compuesto-gris-oscuro-negro-half-waffle#primaryimage\"},\"thumbnailUrl\":\"https:\\\/\\\/i0.wp.com\\\/www.mtr-2.com\\\/wp-content\\\/uploads\\\/2025\\\/06\\\/GRIPS-RACE-LOCK-ON-SINGLE-COMPOUND-GREY-BLACK-MOTOCROSS-ENDURO-Half-waffle-MTR-2-8001220.webp?fit=1000%2C1000&ssl=1\",\"datePublished\":\"2025-06-16T07:16:09+00:00\",\"dateModified\":\"2026-03-16T11:26:11+00:00\",\"description\":\"Pu\u00f1os para motocross o enduro, gran variedad de modelos y diferentes compuestos disponibles. Pu\u00f1os cl\u00e1sicos o con cierre Lock-On.\",\"breadcrumb\":{\"@id\":\"https:\\\/\\\/www.mtr-2.com\\\/producto\\\/punos-lock-on-race-doble-compuesto-gris-oscuro-negro-half-waffle#breadcrumb\"},\"inLanguage\":\"en-GB\",\"potentialAction\":[{\"@type\":\"ReadAction\",\"target\":[\"https:\\\/\\\/www.mtr-2.com\\\/producto\\\/punos-lock-on-race-doble-compuesto-gris-oscuro-negro-half-waffle\"]}]},{\"@type\":\"ImageObject\",\"inLanguage\":\"en-GB\",\"@id\":\"https:\\\/\\\/www.mtr-2.com\\\/producto\\\/punos-lock-on-race-doble-compuesto-gris-oscuro-negro-half-waffle#primaryimage\",\"url\":\"https:\\\/\\\/i0.wp.com\\\/www.mtr-2.com\\\/wp-content\\\/uploads\\\/2025\\\/06\\\/GRIPS-RACE-LOCK-ON-SINGLE-COMPOUND-GREY-BLACK-MOTOCROSS-ENDURO-Half-waffle-MTR-2-8001220.webp?fit=1000%2C1000&ssl=1\",\"contentUrl\":\"https:\\\/\\\/i0.wp.com\\\/www.mtr-2.com\\\/wp-content\\\/uploads\\\/2025\\\/06\\\/GRIPS-RACE-LOCK-ON-SINGLE-COMPOUND-GREY-BLACK-MOTOCROSS-ENDURO-Half-waffle-MTR-2-8001220.webp?fit=1000%2C1000&ssl=1\",\"width\":1000,\"height\":1000},{\"@type\":\"BreadcrumbList\",\"@id\":\"https:\\\/\\\/www.mtr-2.com\\\/producto\\\/punos-lock-on-race-doble-compuesto-gris-oscuro-negro-half-waffle#breadcrumb\",\"itemListElement\":[{\"@type\":\"ListItem\",\"position\":1,\"name\":\"Portada\",\"item\":\"https:\\\/\\\/www.mtr-2.com\\\/\"},{\"@type\":\"ListItem\",\"position\":2,\"name\":\"Tienda\",\"item\":\"https:\\\/\\\/www.mtr-2.com\\\/tienda\"},{\"@type\":\"ListItem\",\"position\":3,\"name\":\"Pu\u00f1os Lock-On Race doble compuesto Gris Oscuro\\\/Negro &#8220;Half-Waffle&#8221;\"}]},{\"@type\":\"WebSite\",\"@id\":\"https:\\\/\\\/www.mtr-2.com\\\/#website\",\"url\":\"https:\\\/\\\/www.mtr-2.com\\\/\",\"name\":\"MTR2 Live your style\",\"description\":\"Los dise\u00f1os m\u00e1s exclusivos en gafas, guantes, manillares y accesorios para motocross, enduro, downhill mtb, bmx...\",\"publisher\":{\"@id\":\"https:\\\/\\\/www.mtr-2.com\\\/#organization\"},\"alternateName\":\"MTR-2 Worldwide | Motocross, enduro, bmx, donwhill mtb, surf - Live Your Style\",\"potentialAction\":[{\"@type\":\"SearchAction\",\"target\":{\"@type\":\"EntryPoint\",\"urlTemplate\":\"https:\\\/\\\/www.mtr-2.com\\\/?s={search_term_string}\"},\"query-input\":{\"@type\":\"PropertyValueSpecification\",\"valueRequired\":true,\"valueName\":\"search_term_string\"}}],\"inLanguage\":\"en-GB\"},{\"@type\":\"Organization\",\"@id\":\"https:\\\/\\\/www.mtr-2.com\\\/#organization\",\"name\":\"MTR2 Live your style\",\"url\":\"https:\\\/\\\/www.mtr-2.com\\\/\",\"logo\":{\"@type\":\"ImageObject\",\"inLanguage\":\"en-GB\",\"@id\":\"https:\\\/\\\/www.mtr-2.com\\\/#\\\/schema\\\/logo\\\/image\\\/\",\"url\":\"https:\\\/\\\/i0.wp.com\\\/www.mtr-2.com\\\/wp-content\\\/uploads\\\/2021\\\/06\\\/MTR2-Logo-official.webp?fit=350%2C77&ssl=1\",\"contentUrl\":\"https:\\\/\\\/i0.wp.com\\\/www.mtr-2.com\\\/wp-content\\\/uploads\\\/2021\\\/06\\\/MTR2-Logo-official.webp?fit=350%2C77&ssl=1\",\"width\":350,\"height\":77,\"caption\":\"MTR2 Live your style\"},\"image\":{\"@id\":\"https:\\\/\\\/www.mtr-2.com\\\/#\\\/schema\\\/logo\\\/image\\\/\"},\"sameAs\":[\"https:\\\/\\\/www.facebook.com\\\/mtr2worldwide\\\/\",\"https:\\\/\\\/www.instagram.com\\\/mtr2worldwide\\\/\"]}]}<\/script>\n<!-- \/ Yoast SEO plugin. -->","yoast_head_json":{"title":"Pu\u00f1os motocross STD Compuesto simple - MTR2 Live your style","description":"Pu\u00f1os para motocross o enduro, gran variedad de modelos y diferentes compuestos disponibles. Pu\u00f1os cl\u00e1sicos o con cierre Lock-On.","robots":{"index":"index","follow":"follow","max-snippet":"max-snippet:-1","max-image-preview":"max-image-preview:large","max-video-preview":"max-video-preview:-1"},"canonical":"https:\/\/www.mtr-2.com\/en\/product\/punos-lock-on-race-doble-compuesto-gris-oscuro-negro-half-waffle\/","og_locale":"en_GB","og_type":"article","og_title":"Pu\u00f1os motocross STD Compuesto simple - MTR2 Live your style","og_description":"Pu\u00f1os para motocross o enduro, gran variedad de modelos y diferentes compuestos disponibles. Pu\u00f1os cl\u00e1sicos o con cierre Lock-On.","og_url":"https:\/\/www.mtr-2.com\/en\/product\/punos-lock-on-race-doble-compuesto-gris-oscuro-negro-half-waffle\/","og_site_name":"MTR2 Live your style","article_publisher":"https:\/\/www.facebook.com\/mtr2worldwide\/","article_modified_time":"2026-03-16T11:26:11+00:00","og_image":[{"width":1000,"height":1000,"url":"https:\/\/i0.wp.com\/www.mtr-2.com\/wp-content\/uploads\/2025\/06\/GRIPS-RACE-LOCK-ON-SINGLE-COMPOUND-GREY-BLACK-MOTOCROSS-ENDURO-Half-waffle-MTR-2-8001220.webp?fit=1000%2C1000&ssl=1","type":"image\/webp"}],"twitter_card":"summary_large_image","twitter_misc":{"Estimated reading time":"1 minute"},"schema":{"@context":"https:\/\/schema.org","@graph":[{"@type":"WebPage","@id":"https:\/\/www.mtr-2.com\/producto\/punos-lock-on-race-doble-compuesto-gris-oscuro-negro-half-waffle","url":"https:\/\/www.mtr-2.com\/producto\/punos-lock-on-race-doble-compuesto-gris-oscuro-negro-half-waffle","name":"Pu\u00f1os motocross STD Compuesto simple - MTR2 Live your style","isPartOf":{"@id":"https:\/\/www.mtr-2.com\/#website"},"primaryImageOfPage":{"@id":"https:\/\/www.mtr-2.com\/producto\/punos-lock-on-race-doble-compuesto-gris-oscuro-negro-half-waffle#primaryimage"},"image":{"@id":"https:\/\/www.mtr-2.com\/producto\/punos-lock-on-race-doble-compuesto-gris-oscuro-negro-half-waffle#primaryimage"},"thumbnailUrl":"https:\/\/i0.wp.com\/www.mtr-2.com\/wp-content\/uploads\/2025\/06\/GRIPS-RACE-LOCK-ON-SINGLE-COMPOUND-GREY-BLACK-MOTOCROSS-ENDURO-Half-waffle-MTR-2-8001220.webp?fit=1000%2C1000&ssl=1","datePublished":"2025-06-16T07:16:09+00:00","dateModified":"2026-03-16T11:26:11+00:00","description":"Pu\u00f1os para motocross o enduro, gran variedad de modelos y diferentes compuestos disponibles. Pu\u00f1os cl\u00e1sicos o con cierre Lock-On.","breadcrumb":{"@id":"https:\/\/www.mtr-2.com\/producto\/punos-lock-on-race-doble-compuesto-gris-oscuro-negro-half-waffle#breadcrumb"},"inLanguage":"en-GB","potentialAction":[{"@type":"ReadAction","target":["https:\/\/www.mtr-2.com\/producto\/punos-lock-on-race-doble-compuesto-gris-oscuro-negro-half-waffle"]}]},{"@type":"ImageObject","inLanguage":"en-GB","@id":"https:\/\/www.mtr-2.com\/producto\/punos-lock-on-race-doble-compuesto-gris-oscuro-negro-half-waffle#primaryimage","url":"https:\/\/i0.wp.com\/www.mtr-2.com\/wp-content\/uploads\/2025\/06\/GRIPS-RACE-LOCK-ON-SINGLE-COMPOUND-GREY-BLACK-MOTOCROSS-ENDURO-Half-waffle-MTR-2-8001220.webp?fit=1000%2C1000&ssl=1","contentUrl":"https:\/\/i0.wp.com\/www.mtr-2.com\/wp-content\/uploads\/2025\/06\/GRIPS-RACE-LOCK-ON-SINGLE-COMPOUND-GREY-BLACK-MOTOCROSS-ENDURO-Half-waffle-MTR-2-8001220.webp?fit=1000%2C1000&ssl=1","width":1000,"height":1000},{"@type":"BreadcrumbList","@id":"https:\/\/www.mtr-2.com\/producto\/punos-lock-on-race-doble-compuesto-gris-oscuro-negro-half-waffle#breadcrumb","itemListElement":[{"@type":"ListItem","position":1,"name":"Portada","item":"https:\/\/www.mtr-2.com\/"},{"@type":"ListItem","position":2,"name":"Tienda","item":"https:\/\/www.mtr-2.com\/tienda"},{"@type":"ListItem","position":3,"name":"Pu\u00f1os Lock-On Race doble compuesto Gris Oscuro\/Negro &#8220;Half-Waffle&#8221;"}]},{"@type":"WebSite","@id":"https:\/\/www.mtr-2.com\/#website","url":"https:\/\/www.mtr-2.com\/","name":"MTR2 Live your style","description":"Los dise\u00f1os m\u00e1s exclusivos en gafas, guantes, manillares y accesorios para motocross, enduro, downhill mtb, bmx...","publisher":{"@id":"https:\/\/www.mtr-2.com\/#organization"},"alternateName":"MTR-2 Worldwide | Motocross, enduro, bmx, donwhill mtb, surf - Live Your Style","potentialAction":[{"@type":"SearchAction","target":{"@type":"EntryPoint","urlTemplate":"https:\/\/www.mtr-2.com\/?s={search_term_string}"},"query-input":{"@type":"PropertyValueSpecification","valueRequired":true,"valueName":"search_term_string"}}],"inLanguage":"en-GB"},{"@type":"Organization","@id":"https:\/\/www.mtr-2.com\/#organization","name":"MTR2 Live your style","url":"https:\/\/www.mtr-2.com\/","logo":{"@type":"ImageObject","inLanguage":"en-GB","@id":"https:\/\/www.mtr-2.com\/#\/schema\/logo\/image\/","url":"https:\/\/i0.wp.com\/www.mtr-2.com\/wp-content\/uploads\/2021\/06\/MTR2-Logo-official.webp?fit=350%2C77&ssl=1","contentUrl":"https:\/\/i0.wp.com\/www.mtr-2.com\/wp-content\/uploads\/2021\/06\/MTR2-Logo-official.webp?fit=350%2C77&ssl=1","width":350,"height":77,"caption":"MTR2 Live your style"},"image":{"@id":"https:\/\/www.mtr-2.com\/#\/schema\/logo\/image\/"},"sameAs":["https:\/\/www.facebook.com\/mtr2worldwide\/","https:\/\/www.instagram.com\/mtr2worldwide\/"]}]}},"jetpack_sharing_enabled":true,"_links":{"self":[{"href":"https:\/\/www.mtr-2.com\/en\/wp-json\/wp\/v2\/product\/11237","targetHints":{"allow":["GET"]}}],"collection":[{"href":"https:\/\/www.mtr-2.com\/en\/wp-json\/wp\/v2\/product"}],"about":[{"href":"https:\/\/www.mtr-2.com\/en\/wp-json\/wp\/v2\/types\/product"}],"wp:featuredmedia":[{"embeddable":true,"href":"https:\/\/www.mtr-2.com\/en\/wp-json\/wp\/v2\/media\/11262"}],"wp:attachment":[{"href":"https:\/\/www.mtr-2.com\/en\/wp-json\/wp\/v2\/media?parent=11237"}],"wp:term":[{"taxonomy":"product_brand","embeddable":true,"href":"https:\/\/www.mtr-2.com\/en\/wp-json\/wp\/v2\/product_brand?post=11237"},{"taxonomy":"product_cat","embeddable":true,"href":"https:\/\/www.mtr-2.com\/en\/wp-json\/wp\/v2\/product_cat?post=11237"},{"taxonomy":"product_tag","embeddable":true,"href":"https:\/\/www.mtr-2.com\/en\/wp-json\/wp\/v2\/product_tag?post=11237"}],"curies":[{"name":"wp","href":"https:\/\/api.w.org\/{rel}","templated":true}]}}