{"id":11245,"date":"2025-06-16T09:16:12","date_gmt":"2025-06-16T07:16:12","guid":{"rendered":"https:\/\/www.mtr-2.com\/producto\/punos-mtr2-race-doble-compuesto-grisrojo-half-waffle-medio"},"modified":"2026-03-25T11:52:17","modified_gmt":"2026-03-25T10:52:17","slug":"punos-mtr2-race-doble-compuesto-grisrojo-half-waffle-medio","status":"publish","type":"product","link":"https:\/\/www.mtr-2.com\/en\/product\/punos-mtr2-race-doble-compuesto-grisrojo-half-waffle-medio","title":{"rendered":"RACE Dual Compound Grips Grey\/Red \u201cHalf-Waffle\u201d Medium"},"content":{"rendered":"","protected":false},"excerpt":{"rendered":"<p>The MTR2 Race Lock-On grips feature dual-density rubber, two compounds that ensure greater grip, durability, and riding comfort. The surface compound provides traction and comfort with a softer density, while the inner core and sides are composed of a harder material, offering greater resistance in the event of a crash.<\/p>\n<p>Its diameter has been designed to provide a perfect grip on the handlebars and prevent forearm fatigue.<\/p>","protected":false},"featured_media":11255,"template":"","meta":[],"product_brand":[],"product_cat":[92],"product_tag":[795,796,797,798,799,800,801,802,803,804,805,806,807,808,809,810,811,812],"class_list":{"0":"post-11245","1":"product","2":"type-product","3":"status-publish","4":"has-post-thumbnail","6":"product_cat-punos","7":"product_tag-grips-ktm-odi","8":"product_tag-grips-motocross","9":"product_tag-grips-neken","10":"product_tag-grips-odi","11":"product_tag-grips-protper","12":"product_tag-lock-on-grips","13":"product_tag-lock-on-odi","14":"product_tag-lock-on-punos","15":"product_tag-lock-on-punos-ktm","16":"product_tag-lock-on-punos-motocross","17":"product_tag-lock-on-punos-mtr2","18":"product_tag-lock-on-punos-odi","19":"product_tag-lock-on-punos-protaper","20":"product_tag-lock-on-punos-renthal","21":"product_tag-punos-enduro","22":"product_tag-punos-moto","23":"product_tag-punos-motocross","24":"product_tag-punos-renthal","26":"first","27":"instock","28":"taxable","29":"shipping-taxable","30":"purchasable","31":"product-type-simple"},"yoast_head":"<!-- This site is optimized with the Yoast SEO plugin v27.4 - https:\/\/yoast.com\/product\/yoast-seo-wordpress\/ -->\n<title>Pu\u00f1os motocross STD Compuesto simple - MTR2 Live your style<\/title>\n<meta name=\"description\" content=\"Pu\u00f1os para motocross o enduro, gran variedad de modelos y diferentes compuestos disponibles. Pu\u00f1os cl\u00e1sicos o con cierre Lock-On.\" \/>\n<meta name=\"robots\" content=\"index, follow, max-snippet:-1, max-image-preview:large, max-video-preview:-1\" \/>\n<link rel=\"canonical\" href=\"https:\/\/www.mtr-2.com\/en\/product\/punos-mtr2-race-doble-compuesto-grisrojo-half-waffle-medio\/\" \/>\n<meta property=\"og:locale\" content=\"en_GB\" \/>\n<meta property=\"og:type\" content=\"article\" \/>\n<meta property=\"og:title\" content=\"Pu\u00f1os motocross STD Compuesto simple - MTR2 Live your style\" \/>\n<meta property=\"og:description\" content=\"Pu\u00f1os para motocross o enduro, gran variedad de modelos y diferentes compuestos disponibles. Pu\u00f1os cl\u00e1sicos o con cierre Lock-On.\" \/>\n<meta property=\"og:url\" content=\"https:\/\/www.mtr-2.com\/en\/product\/punos-mtr2-race-doble-compuesto-grisrojo-half-waffle-medio\/\" \/>\n<meta property=\"og:site_name\" content=\"MTR2 Live your style\" \/>\n<meta property=\"article:publisher\" content=\"https:\/\/www.facebook.com\/mtr2worldwide\/\" \/>\n<meta property=\"article:modified_time\" content=\"2026-03-25T10:52:17+00:00\" \/>\n<meta property=\"og:image\" content=\"http:\/\/www.mtr-2.com\/wp-content\/uploads\/2025\/06\/GRIPS-RACE-DOUBLE-COMPOUND-GREY-RED-Half-waffle-MTR-2-8001122-2.webp\" \/>\n\t<meta property=\"og:image:width\" content=\"1000\" \/>\n\t<meta property=\"og:image:height\" content=\"1000\" \/>\n\t<meta property=\"og:image:type\" content=\"image\/webp\" \/>\n<meta name=\"twitter:card\" content=\"summary_large_image\" \/>\n<meta name=\"twitter:label1\" content=\"Estimated reading time\" \/>\n\t<meta name=\"twitter:data1\" content=\"1 minute\" \/>\n<script type=\"application\/ld+json\" class=\"yoast-schema-graph\">{\"@context\":\"https:\\\/\\\/schema.org\",\"@graph\":[{\"@type\":\"WebPage\",\"@id\":\"https:\\\/\\\/www.mtr-2.com\\\/producto\\\/punos-mtr2-race-doble-compuesto-grisrojo-half-waffle-medio\",\"url\":\"https:\\\/\\\/www.mtr-2.com\\\/producto\\\/punos-mtr2-race-doble-compuesto-grisrojo-half-waffle-medio\",\"name\":\"Pu\u00f1os motocross STD Compuesto simple - MTR2 Live your style\",\"isPartOf\":{\"@id\":\"https:\\\/\\\/www.mtr-2.com\\\/#website\"},\"primaryImageOfPage\":{\"@id\":\"https:\\\/\\\/www.mtr-2.com\\\/producto\\\/punos-mtr2-race-doble-compuesto-grisrojo-half-waffle-medio#primaryimage\"},\"image\":{\"@id\":\"https:\\\/\\\/www.mtr-2.com\\\/producto\\\/punos-mtr2-race-doble-compuesto-grisrojo-half-waffle-medio#primaryimage\"},\"thumbnailUrl\":\"https:\\\/\\\/i0.wp.com\\\/www.mtr-2.com\\\/wp-content\\\/uploads\\\/2025\\\/06\\\/GRIPS-RACE-DOUBLE-COMPOUND-GREY-RED-Half-waffle-MTR-2-8001122-2.webp?fit=1000%2C1000&ssl=1\",\"datePublished\":\"2025-06-16T07:16:12+00:00\",\"dateModified\":\"2026-03-25T10:52:17+00:00\",\"description\":\"Pu\u00f1os para motocross o enduro, gran variedad de modelos y diferentes compuestos disponibles. Pu\u00f1os cl\u00e1sicos o con cierre Lock-On.\",\"breadcrumb\":{\"@id\":\"https:\\\/\\\/www.mtr-2.com\\\/producto\\\/punos-mtr2-race-doble-compuesto-grisrojo-half-waffle-medio#breadcrumb\"},\"inLanguage\":\"en-GB\",\"potentialAction\":[{\"@type\":\"ReadAction\",\"target\":[\"https:\\\/\\\/www.mtr-2.com\\\/producto\\\/punos-mtr2-race-doble-compuesto-grisrojo-half-waffle-medio\"]}]},{\"@type\":\"ImageObject\",\"inLanguage\":\"en-GB\",\"@id\":\"https:\\\/\\\/www.mtr-2.com\\\/producto\\\/punos-mtr2-race-doble-compuesto-grisrojo-half-waffle-medio#primaryimage\",\"url\":\"https:\\\/\\\/i0.wp.com\\\/www.mtr-2.com\\\/wp-content\\\/uploads\\\/2025\\\/06\\\/GRIPS-RACE-DOUBLE-COMPOUND-GREY-RED-Half-waffle-MTR-2-8001122-2.webp?fit=1000%2C1000&ssl=1\",\"contentUrl\":\"https:\\\/\\\/i0.wp.com\\\/www.mtr-2.com\\\/wp-content\\\/uploads\\\/2025\\\/06\\\/GRIPS-RACE-DOUBLE-COMPOUND-GREY-RED-Half-waffle-MTR-2-8001122-2.webp?fit=1000%2C1000&ssl=1\",\"width\":1000,\"height\":1000},{\"@type\":\"BreadcrumbList\",\"@id\":\"https:\\\/\\\/www.mtr-2.com\\\/producto\\\/punos-mtr2-race-doble-compuesto-grisrojo-half-waffle-medio#breadcrumb\",\"itemListElement\":[{\"@type\":\"ListItem\",\"position\":1,\"name\":\"Portada\",\"item\":\"https:\\\/\\\/www.mtr-2.com\\\/\"},{\"@type\":\"ListItem\",\"position\":2,\"name\":\"Tienda\",\"item\":\"http:\\\/\\\/www.mtr-2.com\\\/tienda\"},{\"@type\":\"ListItem\",\"position\":3,\"name\":\"Pu\u00f1os RACE doble compuesto Gris\\\/Rojo &#8220;Half-Waffle&#8221; Medio\"}]},{\"@type\":\"WebSite\",\"@id\":\"https:\\\/\\\/www.mtr-2.com\\\/#website\",\"url\":\"https:\\\/\\\/www.mtr-2.com\\\/\",\"name\":\"MTR2 Live your style\",\"description\":\"Los dise\u00f1os m\u00e1s exclusivos en gafas, guantes, manillares y accesorios para motocross, enduro, downhill mtb, bmx...\",\"publisher\":{\"@id\":\"https:\\\/\\\/www.mtr-2.com\\\/#organization\"},\"alternateName\":\"MTR-2 Worldwide | Motocross, enduro, bmx, donwhill mtb, surf - Live Your Style\",\"potentialAction\":[{\"@type\":\"SearchAction\",\"target\":{\"@type\":\"EntryPoint\",\"urlTemplate\":\"https:\\\/\\\/www.mtr-2.com\\\/?s={search_term_string}\"},\"query-input\":{\"@type\":\"PropertyValueSpecification\",\"valueRequired\":true,\"valueName\":\"search_term_string\"}}],\"inLanguage\":\"en-GB\"},{\"@type\":\"Organization\",\"@id\":\"https:\\\/\\\/www.mtr-2.com\\\/#organization\",\"name\":\"MTR2 Live your style\",\"url\":\"https:\\\/\\\/www.mtr-2.com\\\/\",\"logo\":{\"@type\":\"ImageObject\",\"inLanguage\":\"en-GB\",\"@id\":\"https:\\\/\\\/www.mtr-2.com\\\/#\\\/schema\\\/logo\\\/image\\\/\",\"url\":\"https:\\\/\\\/i0.wp.com\\\/www.mtr-2.com\\\/wp-content\\\/uploads\\\/2021\\\/06\\\/MTR2-Logo-official.webp?fit=350%2C77&ssl=1\",\"contentUrl\":\"https:\\\/\\\/i0.wp.com\\\/www.mtr-2.com\\\/wp-content\\\/uploads\\\/2021\\\/06\\\/MTR2-Logo-official.webp?fit=350%2C77&ssl=1\",\"width\":350,\"height\":77,\"caption\":\"MTR2 Live your style\"},\"image\":{\"@id\":\"https:\\\/\\\/www.mtr-2.com\\\/#\\\/schema\\\/logo\\\/image\\\/\"},\"sameAs\":[\"https:\\\/\\\/www.facebook.com\\\/mtr2worldwide\\\/\",\"https:\\\/\\\/www.instagram.com\\\/mtr2worldwide\\\/\"]}]}<\/script>\n<!-- \/ Yoast SEO plugin. -->","yoast_head_json":{"title":"Pu\u00f1os motocross STD Compuesto simple - MTR2 Live your style","description":"Pu\u00f1os para motocross o enduro, gran variedad de modelos y diferentes compuestos disponibles. Pu\u00f1os cl\u00e1sicos o con cierre Lock-On.","robots":{"index":"index","follow":"follow","max-snippet":"max-snippet:-1","max-image-preview":"max-image-preview:large","max-video-preview":"max-video-preview:-1"},"canonical":"https:\/\/www.mtr-2.com\/en\/product\/punos-mtr2-race-doble-compuesto-grisrojo-half-waffle-medio\/","og_locale":"en_GB","og_type":"article","og_title":"Pu\u00f1os motocross STD Compuesto simple - MTR2 Live your style","og_description":"Pu\u00f1os para motocross o enduro, gran variedad de modelos y diferentes compuestos disponibles. Pu\u00f1os cl\u00e1sicos o con cierre Lock-On.","og_url":"https:\/\/www.mtr-2.com\/en\/product\/punos-mtr2-race-doble-compuesto-grisrojo-half-waffle-medio\/","og_site_name":"MTR2 Live your style","article_publisher":"https:\/\/www.facebook.com\/mtr2worldwide\/","article_modified_time":"2026-03-25T10:52:17+00:00","og_image":[{"width":1000,"height":1000,"url":"http:\/\/www.mtr-2.com\/wp-content\/uploads\/2025\/06\/GRIPS-RACE-DOUBLE-COMPOUND-GREY-RED-Half-waffle-MTR-2-8001122-2.webp","type":"image\/webp"}],"twitter_card":"summary_large_image","twitter_misc":{"Estimated reading time":"1 minute"},"schema":{"@context":"https:\/\/schema.org","@graph":[{"@type":"WebPage","@id":"https:\/\/www.mtr-2.com\/producto\/punos-mtr2-race-doble-compuesto-grisrojo-half-waffle-medio","url":"https:\/\/www.mtr-2.com\/producto\/punos-mtr2-race-doble-compuesto-grisrojo-half-waffle-medio","name":"Pu\u00f1os motocross STD Compuesto simple - MTR2 Live your style","isPartOf":{"@id":"https:\/\/www.mtr-2.com\/#website"},"primaryImageOfPage":{"@id":"https:\/\/www.mtr-2.com\/producto\/punos-mtr2-race-doble-compuesto-grisrojo-half-waffle-medio#primaryimage"},"image":{"@id":"https:\/\/www.mtr-2.com\/producto\/punos-mtr2-race-doble-compuesto-grisrojo-half-waffle-medio#primaryimage"},"thumbnailUrl":"https:\/\/i0.wp.com\/www.mtr-2.com\/wp-content\/uploads\/2025\/06\/GRIPS-RACE-DOUBLE-COMPOUND-GREY-RED-Half-waffle-MTR-2-8001122-2.webp?fit=1000%2C1000&ssl=1","datePublished":"2025-06-16T07:16:12+00:00","dateModified":"2026-03-25T10:52:17+00:00","description":"Pu\u00f1os para motocross o enduro, gran variedad de modelos y diferentes compuestos disponibles. Pu\u00f1os cl\u00e1sicos o con cierre Lock-On.","breadcrumb":{"@id":"https:\/\/www.mtr-2.com\/producto\/punos-mtr2-race-doble-compuesto-grisrojo-half-waffle-medio#breadcrumb"},"inLanguage":"en-GB","potentialAction":[{"@type":"ReadAction","target":["https:\/\/www.mtr-2.com\/producto\/punos-mtr2-race-doble-compuesto-grisrojo-half-waffle-medio"]}]},{"@type":"ImageObject","inLanguage":"en-GB","@id":"https:\/\/www.mtr-2.com\/producto\/punos-mtr2-race-doble-compuesto-grisrojo-half-waffle-medio#primaryimage","url":"https:\/\/i0.wp.com\/www.mtr-2.com\/wp-content\/uploads\/2025\/06\/GRIPS-RACE-DOUBLE-COMPOUND-GREY-RED-Half-waffle-MTR-2-8001122-2.webp?fit=1000%2C1000&ssl=1","contentUrl":"https:\/\/i0.wp.com\/www.mtr-2.com\/wp-content\/uploads\/2025\/06\/GRIPS-RACE-DOUBLE-COMPOUND-GREY-RED-Half-waffle-MTR-2-8001122-2.webp?fit=1000%2C1000&ssl=1","width":1000,"height":1000},{"@type":"BreadcrumbList","@id":"https:\/\/www.mtr-2.com\/producto\/punos-mtr2-race-doble-compuesto-grisrojo-half-waffle-medio#breadcrumb","itemListElement":[{"@type":"ListItem","position":1,"name":"Portada","item":"https:\/\/www.mtr-2.com\/"},{"@type":"ListItem","position":2,"name":"Tienda","item":"http:\/\/www.mtr-2.com\/tienda"},{"@type":"ListItem","position":3,"name":"Pu\u00f1os RACE doble compuesto Gris\/Rojo &#8220;Half-Waffle&#8221; Medio"}]},{"@type":"WebSite","@id":"https:\/\/www.mtr-2.com\/#website","url":"https:\/\/www.mtr-2.com\/","name":"MTR2 Live your style","description":"Los dise\u00f1os m\u00e1s exclusivos en gafas, guantes, manillares y accesorios para motocross, enduro, downhill mtb, bmx...","publisher":{"@id":"https:\/\/www.mtr-2.com\/#organization"},"alternateName":"MTR-2 Worldwide | Motocross, enduro, bmx, donwhill mtb, surf - Live Your Style","potentialAction":[{"@type":"SearchAction","target":{"@type":"EntryPoint","urlTemplate":"https:\/\/www.mtr-2.com\/?s={search_term_string}"},"query-input":{"@type":"PropertyValueSpecification","valueRequired":true,"valueName":"search_term_string"}}],"inLanguage":"en-GB"},{"@type":"Organization","@id":"https:\/\/www.mtr-2.com\/#organization","name":"MTR2 Live your style","url":"https:\/\/www.mtr-2.com\/","logo":{"@type":"ImageObject","inLanguage":"en-GB","@id":"https:\/\/www.mtr-2.com\/#\/schema\/logo\/image\/","url":"https:\/\/i0.wp.com\/www.mtr-2.com\/wp-content\/uploads\/2021\/06\/MTR2-Logo-official.webp?fit=350%2C77&ssl=1","contentUrl":"https:\/\/i0.wp.com\/www.mtr-2.com\/wp-content\/uploads\/2021\/06\/MTR2-Logo-official.webp?fit=350%2C77&ssl=1","width":350,"height":77,"caption":"MTR2 Live your style"},"image":{"@id":"https:\/\/www.mtr-2.com\/#\/schema\/logo\/image\/"},"sameAs":["https:\/\/www.facebook.com\/mtr2worldwide\/","https:\/\/www.instagram.com\/mtr2worldwide\/"]}]}},"jetpack_sharing_enabled":true,"_links":{"self":[{"href":"https:\/\/www.mtr-2.com\/en\/wp-json\/wp\/v2\/product\/11245","targetHints":{"allow":["GET"]}}],"collection":[{"href":"https:\/\/www.mtr-2.com\/en\/wp-json\/wp\/v2\/product"}],"about":[{"href":"https:\/\/www.mtr-2.com\/en\/wp-json\/wp\/v2\/types\/product"}],"wp:featuredmedia":[{"embeddable":true,"href":"https:\/\/www.mtr-2.com\/en\/wp-json\/wp\/v2\/media\/11255"}],"wp:attachment":[{"href":"https:\/\/www.mtr-2.com\/en\/wp-json\/wp\/v2\/media?parent=11245"}],"wp:term":[{"taxonomy":"product_brand","embeddable":true,"href":"https:\/\/www.mtr-2.com\/en\/wp-json\/wp\/v2\/product_brand?post=11245"},{"taxonomy":"product_cat","embeddable":true,"href":"https:\/\/www.mtr-2.com\/en\/wp-json\/wp\/v2\/product_cat?post=11245"},{"taxonomy":"product_tag","embeddable":true,"href":"https:\/\/www.mtr-2.com\/en\/wp-json\/wp\/v2\/product_tag?post=11245"}],"curies":[{"name":"wp","href":"https:\/\/api.w.org\/{rel}","templated":true}]}}