{"id":12336,"date":"2026-04-28T12:47:26","date_gmt":"2026-04-28T10:47:26","guid":{"rendered":"https:\/\/www.mtr-2.com\/producto\/palanca-de-cambio-yamaha-yz-f-250-19-26-450-18-26"},"modified":"2026-04-28T12:47:27","modified_gmt":"2026-04-28T10:47:27","slug":"palanca-de-cambio-yamaha-yz-f-250-19-26-450-18-26","status":"publish","type":"product","link":"https:\/\/www.mtr-2.com\/en\/product\/palanca-de-cambio-yamaha-yz-f-250-19-26-450-18-26","title":{"rendered":"Palanca de cambio Yamaha YZ F 250 19-26 450 18-26"},"content":{"rendered":"","protected":false},"excerpt":{"rendered":"<p>Las palancas de cambio MTR2 est\u00e1n fabricadas en aluminio 6061 de alta resistencia, ofreciendo una combinaci\u00f3n perfecta de ligereza y durabilidad superior frente a las palancas est\u00e1ndar. Incorporan una punta flexible con sistema de resorte, dise\u00f1ada para flexionar y reducir el riesgo de rotura en caso de ca\u00edda.<\/p>\n<p>Adem\u00e1s, la punta cuenta con un dise\u00f1o de 4 ranuras que mejora significativamente el agarre de la bota, proporcionando un accionamiento m\u00e1s preciso, seguro y c\u00f3modo en cualquier condici\u00f3n.<\/p>","protected":false},"featured_media":12325,"template":"","meta":[],"product_brand":[],"product_cat":[973],"product_tag":[974,975,976,989,987,979,988,1008,1003,1006,1005,1010,1009,1004,1002,1007,981,985,984,982,983,986,994,991,995,999,996,1001,998,990,992,997,993,1000,977,978,980],"class_list":{"0":"post-12336","1":"product","2":"type-product","3":"status-publish","4":"has-post-thumbnail","6":"product_cat-palancas-de-cambio","7":"product_tag-gear-lever-enduro","8":"product_tag-gear-lever-gasgas","9":"product_tag-gear-lever-honda-cr","10":"product_tag-gear-lever-triumph","11":"product_tag-gear-shift-lever-enduro","12":"product_tag-gear-shift-lever-ktm","13":"product_tag-gear-shift-lever-motocross","14":"product_tag-leva-cambio-ducati","15":"product_tag-leva-cambio-enduro","16":"product_tag-leva-cambio-gasgas-mc","17":"product_tag-leva-cambio-honda-crf","18":"product_tag-leva-cambio-husqvarna-fe","19":"product_tag-leva-cambio-kawasaki-kxf","20":"product_tag-leva-cambio-ktm-sxf","21":"product_tag-leva-cambio-motocross","22":"product_tag-leva-cambio-triumph-tf","23":"product_tag-palanca-de-cambio-motocross","24":"product_tag-palanca-de-cambios-enduro","25":"product_tag-palanca-de-cambios-honda-cr","26":"product_tag-palanca-de-cambios-honda-crf","27":"product_tag-palanca-de-cambios-ktm","28":"product_tag-palanca-de-cambios-motocross","29":"product_tag-selecteur-de-vitesse-ducati","30":"product_tag-selecteur-de-vitesse-enduro","31":"product_tag-selecteur-de-vitesse-honda-crf","32":"product_tag-selecteur-de-vitesse-husqvarna","33":"product_tag-selecteur-de-vitesse-kawasaki-kx","34":"product_tag-selecteur-de-vitesse-ktm-excf","35":"product_tag-selecteur-de-vitesse-ktm-sxf","36":"product_tag-selecteur-de-vitesse-motocross","37":"product_tag-selecteur-de-vitesse-stark","38":"product_tag-selecteur-de-vitesse-suzuki-rm","39":"product_tag-selecteur-de-vitesse-triumph","40":"product_tag-selecteur-de-vitesse-yamaha-yz","41":"product_tag-shifter-lever-honda-crf","42":"product_tag-shifter-lever-kawasaki-kxf","43":"product_tag-shifter-lever-motocross","45":"first","46":"instock","47":"taxable","48":"shipping-taxable","49":"purchasable","50":"product-type-simple"},"yoast_head":"<!-- This site is optimized with the Yoast SEO plugin v27.4 - https:\/\/yoast.com\/product\/yoast-seo-wordpress\/ -->\n<title>Palanca de cambio Yamaha YZ F 250 19-26 450 18-26 - MTR2 Live your style<\/title>\n<meta name=\"description\" content=\"Palancas de cambio de alta resistencia para motocross o enduro, disponibles para los modelos actuales. Consigue ahora todo lo necesario para tu moto de campo.\" \/>\n<meta name=\"robots\" content=\"index, follow, max-snippet:-1, max-image-preview:large, max-video-preview:-1\" \/>\n<link rel=\"canonical\" href=\"https:\/\/www.mtr-2.com\/en\/product\/palanca-de-cambio-yamaha-yz-f-250-19-26-450-18-26\/\" \/>\n<meta property=\"og:locale\" content=\"en_GB\" \/>\n<meta property=\"og:type\" content=\"article\" \/>\n<meta property=\"og:title\" content=\"Palanca de cambio Yamaha YZ F 250 19-26 450 18-26 - MTR2 Live your style\" \/>\n<meta property=\"og:description\" content=\"Palancas de cambio de alta resistencia para motocross o enduro, disponibles para los modelos actuales. Consigue ahora todo lo necesario para tu moto de campo.\" \/>\n<meta property=\"og:url\" content=\"https:\/\/www.mtr-2.com\/en\/product\/palanca-de-cambio-yamaha-yz-f-250-19-26-450-18-26\/\" \/>\n<meta property=\"og:site_name\" content=\"MTR2 Live your style\" \/>\n<meta property=\"article:publisher\" content=\"https:\/\/www.facebook.com\/mtr2worldwide\/\" \/>\n<meta property=\"article:modified_time\" content=\"2026-04-28T10:47:27+00:00\" \/>\n<meta property=\"og:image\" content=\"http:\/\/www.mtr-2.com\/wp-content\/uploads\/2026\/04\/GEAR-LEVER-BLACK-YAMAHA-YZ-F-250-450-FANTIC-XXF-TRIUMPH-TF-250-MTR-2-8006130.webp\" \/>\n\t<meta property=\"og:image:width\" content=\"1500\" \/>\n\t<meta property=\"og:image:height\" content=\"1500\" \/>\n\t<meta property=\"og:image:type\" content=\"image\/webp\" \/>\n<meta name=\"twitter:card\" content=\"summary_large_image\" \/>\n<script type=\"application\/ld+json\" class=\"yoast-schema-graph\">{\"@context\":\"https:\\\/\\\/schema.org\",\"@graph\":[{\"@type\":\"WebPage\",\"@id\":\"https:\\\/\\\/www.mtr-2.com\\\/producto\\\/palanca-de-cambio-yamaha-yz-f-250-19-26-450-18-26\",\"url\":\"https:\\\/\\\/www.mtr-2.com\\\/producto\\\/palanca-de-cambio-yamaha-yz-f-250-19-26-450-18-26\",\"name\":\"Palanca de cambio Yamaha YZ F 250 19-26 450 18-26 - MTR2 Live your style\",\"isPartOf\":{\"@id\":\"https:\\\/\\\/www.mtr-2.com\\\/#website\"},\"primaryImageOfPage\":{\"@id\":\"https:\\\/\\\/www.mtr-2.com\\\/producto\\\/palanca-de-cambio-yamaha-yz-f-250-19-26-450-18-26#primaryimage\"},\"image\":{\"@id\":\"https:\\\/\\\/www.mtr-2.com\\\/producto\\\/palanca-de-cambio-yamaha-yz-f-250-19-26-450-18-26#primaryimage\"},\"thumbnailUrl\":\"https:\\\/\\\/i0.wp.com\\\/www.mtr-2.com\\\/wp-content\\\/uploads\\\/2026\\\/04\\\/GEAR-LEVER-BLACK-YAMAHA-YZ-F-250-450-FANTIC-XXF-TRIUMPH-TF-250-MTR-2-8006130.webp?fit=1500%2C1500&ssl=1\",\"datePublished\":\"2026-04-28T10:47:26+00:00\",\"dateModified\":\"2026-04-28T10:47:27+00:00\",\"description\":\"Palancas de cambio de alta resistencia para motocross o enduro, disponibles para los modelos actuales. Consigue ahora todo lo necesario para tu moto de campo.\",\"breadcrumb\":{\"@id\":\"https:\\\/\\\/www.mtr-2.com\\\/producto\\\/palanca-de-cambio-yamaha-yz-f-250-19-26-450-18-26#breadcrumb\"},\"inLanguage\":\"en-GB\",\"potentialAction\":[{\"@type\":\"ReadAction\",\"target\":[\"https:\\\/\\\/www.mtr-2.com\\\/producto\\\/palanca-de-cambio-yamaha-yz-f-250-19-26-450-18-26\"]}]},{\"@type\":\"ImageObject\",\"inLanguage\":\"en-GB\",\"@id\":\"https:\\\/\\\/www.mtr-2.com\\\/producto\\\/palanca-de-cambio-yamaha-yz-f-250-19-26-450-18-26#primaryimage\",\"url\":\"https:\\\/\\\/i0.wp.com\\\/www.mtr-2.com\\\/wp-content\\\/uploads\\\/2026\\\/04\\\/GEAR-LEVER-BLACK-YAMAHA-YZ-F-250-450-FANTIC-XXF-TRIUMPH-TF-250-MTR-2-8006130.webp?fit=1500%2C1500&ssl=1\",\"contentUrl\":\"https:\\\/\\\/i0.wp.com\\\/www.mtr-2.com\\\/wp-content\\\/uploads\\\/2026\\\/04\\\/GEAR-LEVER-BLACK-YAMAHA-YZ-F-250-450-FANTIC-XXF-TRIUMPH-TF-250-MTR-2-8006130.webp?fit=1500%2C1500&ssl=1\",\"width\":1500,\"height\":1500},{\"@type\":\"BreadcrumbList\",\"@id\":\"https:\\\/\\\/www.mtr-2.com\\\/producto\\\/palanca-de-cambio-yamaha-yz-f-250-19-26-450-18-26#breadcrumb\",\"itemListElement\":[{\"@type\":\"ListItem\",\"position\":1,\"name\":\"Portada\",\"item\":\"https:\\\/\\\/www.mtr-2.com\\\/\"},{\"@type\":\"ListItem\",\"position\":2,\"name\":\"Tienda\",\"item\":\"http:\\\/\\\/www.mtr-2.com\\\/tienda\"},{\"@type\":\"ListItem\",\"position\":3,\"name\":\"Palanca de cambio Yamaha YZ F 250 19-26 450 18-26\"}]},{\"@type\":\"WebSite\",\"@id\":\"https:\\\/\\\/www.mtr-2.com\\\/#website\",\"url\":\"https:\\\/\\\/www.mtr-2.com\\\/\",\"name\":\"MTR2 Live your style\",\"description\":\"Los dise\u00f1os m\u00e1s exclusivos en gafas, guantes, manillares y accesorios para motocross, enduro, downhill mtb, bmx...\",\"publisher\":{\"@id\":\"https:\\\/\\\/www.mtr-2.com\\\/#organization\"},\"alternateName\":\"MTR-2 Worldwide | Motocross, enduro, bmx, donwhill mtb, surf - Live Your Style\",\"potentialAction\":[{\"@type\":\"SearchAction\",\"target\":{\"@type\":\"EntryPoint\",\"urlTemplate\":\"https:\\\/\\\/www.mtr-2.com\\\/?s={search_term_string}\"},\"query-input\":{\"@type\":\"PropertyValueSpecification\",\"valueRequired\":true,\"valueName\":\"search_term_string\"}}],\"inLanguage\":\"en-GB\"},{\"@type\":\"Organization\",\"@id\":\"https:\\\/\\\/www.mtr-2.com\\\/#organization\",\"name\":\"MTR2 Live your style\",\"url\":\"https:\\\/\\\/www.mtr-2.com\\\/\",\"logo\":{\"@type\":\"ImageObject\",\"inLanguage\":\"en-GB\",\"@id\":\"https:\\\/\\\/www.mtr-2.com\\\/#\\\/schema\\\/logo\\\/image\\\/\",\"url\":\"https:\\\/\\\/i0.wp.com\\\/www.mtr-2.com\\\/wp-content\\\/uploads\\\/2021\\\/06\\\/MTR2-Logo-official.webp?fit=350%2C77&ssl=1\",\"contentUrl\":\"https:\\\/\\\/i0.wp.com\\\/www.mtr-2.com\\\/wp-content\\\/uploads\\\/2021\\\/06\\\/MTR2-Logo-official.webp?fit=350%2C77&ssl=1\",\"width\":350,\"height\":77,\"caption\":\"MTR2 Live your style\"},\"image\":{\"@id\":\"https:\\\/\\\/www.mtr-2.com\\\/#\\\/schema\\\/logo\\\/image\\\/\"},\"sameAs\":[\"https:\\\/\\\/www.facebook.com\\\/mtr2worldwide\\\/\",\"https:\\\/\\\/www.instagram.com\\\/mtr2worldwide\\\/\"]}]}<\/script>\n<!-- \/ Yoast SEO plugin. -->","yoast_head_json":{"title":"Palanca de cambio Yamaha YZ F 250 19-26 450 18-26 - MTR2 Live your style","description":"Palancas de cambio de alta resistencia para motocross o enduro, disponibles para los modelos actuales. Consigue ahora todo lo necesario para tu moto de campo.","robots":{"index":"index","follow":"follow","max-snippet":"max-snippet:-1","max-image-preview":"max-image-preview:large","max-video-preview":"max-video-preview:-1"},"canonical":"https:\/\/www.mtr-2.com\/en\/product\/palanca-de-cambio-yamaha-yz-f-250-19-26-450-18-26\/","og_locale":"en_GB","og_type":"article","og_title":"Palanca de cambio Yamaha YZ F 250 19-26 450 18-26 - MTR2 Live your style","og_description":"Palancas de cambio de alta resistencia para motocross o enduro, disponibles para los modelos actuales. Consigue ahora todo lo necesario para tu moto de campo.","og_url":"https:\/\/www.mtr-2.com\/en\/product\/palanca-de-cambio-yamaha-yz-f-250-19-26-450-18-26\/","og_site_name":"MTR2 Live your style","article_publisher":"https:\/\/www.facebook.com\/mtr2worldwide\/","article_modified_time":"2026-04-28T10:47:27+00:00","og_image":[{"width":1500,"height":1500,"url":"http:\/\/www.mtr-2.com\/wp-content\/uploads\/2026\/04\/GEAR-LEVER-BLACK-YAMAHA-YZ-F-250-450-FANTIC-XXF-TRIUMPH-TF-250-MTR-2-8006130.webp","type":"image\/webp"}],"twitter_card":"summary_large_image","schema":{"@context":"https:\/\/schema.org","@graph":[{"@type":"WebPage","@id":"https:\/\/www.mtr-2.com\/producto\/palanca-de-cambio-yamaha-yz-f-250-19-26-450-18-26","url":"https:\/\/www.mtr-2.com\/producto\/palanca-de-cambio-yamaha-yz-f-250-19-26-450-18-26","name":"Palanca de cambio Yamaha YZ F 250 19-26 450 18-26 - MTR2 Live your style","isPartOf":{"@id":"https:\/\/www.mtr-2.com\/#website"},"primaryImageOfPage":{"@id":"https:\/\/www.mtr-2.com\/producto\/palanca-de-cambio-yamaha-yz-f-250-19-26-450-18-26#primaryimage"},"image":{"@id":"https:\/\/www.mtr-2.com\/producto\/palanca-de-cambio-yamaha-yz-f-250-19-26-450-18-26#primaryimage"},"thumbnailUrl":"https:\/\/i0.wp.com\/www.mtr-2.com\/wp-content\/uploads\/2026\/04\/GEAR-LEVER-BLACK-YAMAHA-YZ-F-250-450-FANTIC-XXF-TRIUMPH-TF-250-MTR-2-8006130.webp?fit=1500%2C1500&ssl=1","datePublished":"2026-04-28T10:47:26+00:00","dateModified":"2026-04-28T10:47:27+00:00","description":"Palancas de cambio de alta resistencia para motocross o enduro, disponibles para los modelos actuales. Consigue ahora todo lo necesario para tu moto de campo.","breadcrumb":{"@id":"https:\/\/www.mtr-2.com\/producto\/palanca-de-cambio-yamaha-yz-f-250-19-26-450-18-26#breadcrumb"},"inLanguage":"en-GB","potentialAction":[{"@type":"ReadAction","target":["https:\/\/www.mtr-2.com\/producto\/palanca-de-cambio-yamaha-yz-f-250-19-26-450-18-26"]}]},{"@type":"ImageObject","inLanguage":"en-GB","@id":"https:\/\/www.mtr-2.com\/producto\/palanca-de-cambio-yamaha-yz-f-250-19-26-450-18-26#primaryimage","url":"https:\/\/i0.wp.com\/www.mtr-2.com\/wp-content\/uploads\/2026\/04\/GEAR-LEVER-BLACK-YAMAHA-YZ-F-250-450-FANTIC-XXF-TRIUMPH-TF-250-MTR-2-8006130.webp?fit=1500%2C1500&ssl=1","contentUrl":"https:\/\/i0.wp.com\/www.mtr-2.com\/wp-content\/uploads\/2026\/04\/GEAR-LEVER-BLACK-YAMAHA-YZ-F-250-450-FANTIC-XXF-TRIUMPH-TF-250-MTR-2-8006130.webp?fit=1500%2C1500&ssl=1","width":1500,"height":1500},{"@type":"BreadcrumbList","@id":"https:\/\/www.mtr-2.com\/producto\/palanca-de-cambio-yamaha-yz-f-250-19-26-450-18-26#breadcrumb","itemListElement":[{"@type":"ListItem","position":1,"name":"Portada","item":"https:\/\/www.mtr-2.com\/"},{"@type":"ListItem","position":2,"name":"Tienda","item":"http:\/\/www.mtr-2.com\/tienda"},{"@type":"ListItem","position":3,"name":"Palanca de cambio Yamaha YZ F 250 19-26 450 18-26"}]},{"@type":"WebSite","@id":"https:\/\/www.mtr-2.com\/#website","url":"https:\/\/www.mtr-2.com\/","name":"MTR2 Live your style","description":"Los dise\u00f1os m\u00e1s exclusivos en gafas, guantes, manillares y accesorios para motocross, enduro, downhill mtb, bmx...","publisher":{"@id":"https:\/\/www.mtr-2.com\/#organization"},"alternateName":"MTR-2 Worldwide | Motocross, enduro, bmx, donwhill mtb, surf - Live Your Style","potentialAction":[{"@type":"SearchAction","target":{"@type":"EntryPoint","urlTemplate":"https:\/\/www.mtr-2.com\/?s={search_term_string}"},"query-input":{"@type":"PropertyValueSpecification","valueRequired":true,"valueName":"search_term_string"}}],"inLanguage":"en-GB"},{"@type":"Organization","@id":"https:\/\/www.mtr-2.com\/#organization","name":"MTR2 Live your style","url":"https:\/\/www.mtr-2.com\/","logo":{"@type":"ImageObject","inLanguage":"en-GB","@id":"https:\/\/www.mtr-2.com\/#\/schema\/logo\/image\/","url":"https:\/\/i0.wp.com\/www.mtr-2.com\/wp-content\/uploads\/2021\/06\/MTR2-Logo-official.webp?fit=350%2C77&ssl=1","contentUrl":"https:\/\/i0.wp.com\/www.mtr-2.com\/wp-content\/uploads\/2021\/06\/MTR2-Logo-official.webp?fit=350%2C77&ssl=1","width":350,"height":77,"caption":"MTR2 Live your style"},"image":{"@id":"https:\/\/www.mtr-2.com\/#\/schema\/logo\/image\/"},"sameAs":["https:\/\/www.facebook.com\/mtr2worldwide\/","https:\/\/www.instagram.com\/mtr2worldwide\/"]}]}},"jetpack_sharing_enabled":true,"_links":{"self":[{"href":"https:\/\/www.mtr-2.com\/en\/wp-json\/wp\/v2\/product\/12336","targetHints":{"allow":["GET"]}}],"collection":[{"href":"https:\/\/www.mtr-2.com\/en\/wp-json\/wp\/v2\/product"}],"about":[{"href":"https:\/\/www.mtr-2.com\/en\/wp-json\/wp\/v2\/types\/product"}],"wp:featuredmedia":[{"embeddable":true,"href":"https:\/\/www.mtr-2.com\/en\/wp-json\/wp\/v2\/media\/12325"}],"wp:attachment":[{"href":"https:\/\/www.mtr-2.com\/en\/wp-json\/wp\/v2\/media?parent=12336"}],"wp:term":[{"taxonomy":"product_brand","embeddable":true,"href":"https:\/\/www.mtr-2.com\/en\/wp-json\/wp\/v2\/product_brand?post=12336"},{"taxonomy":"product_cat","embeddable":true,"href":"https:\/\/www.mtr-2.com\/en\/wp-json\/wp\/v2\/product_cat?post=12336"},{"taxonomy":"product_tag","embeddable":true,"href":"https:\/\/www.mtr-2.com\/en\/wp-json\/wp\/v2\/product_tag?post=12336"}],"curies":[{"name":"wp","href":"https:\/\/api.w.org\/{rel}","templated":true}]}}