{"id":2963,"date":"2021-07-16T12:12:40","date_gmt":"2021-07-16T10:12:40","guid":{"rendered":"http:\/\/s311126158.mialojamiento.es\/producto\/ki-salida-ktm-husqvarna-gasgas"},"modified":"2026-03-19T12:07:22","modified_gmt":"2026-03-19T11:07:22","slug":"ki-salida-ktm-husqvarna-gasgas","status":"publish","type":"product","link":"https:\/\/www.mtr-2.com\/en\/product\/ki-salida-ktm-husqvarna-gasgas","title":{"rendered":"Launch control KTM\/Husqvarna\/GasGas"},"content":{"rendered":"","protected":false},"excerpt":{"rendered":"<p>The launch control allows the front suspension to be lowered and locked to prevent the front wheel from lifting when accelerating hard from the starting grid.<\/p>\n<p>CNC machined from high resistance aluminum and featuring a hinge design to eliminate fork bar pullout during installation, steel fastener to reduce wear, and a four-bolt clamping plunger to resist damage from stones.<\/p>\n<p>KTM SX\/SXF\/EXC\/EXC-F 125-525 2003>\u2026 <\/p>\n<p>Husqvarna TC\/FC\/TE\/FE 125-450 2014>\u2026<\/p>\n<p>GasGas EC\/MC 125-450 2021>\u2026<\/p>","protected":false},"featured_media":2994,"template":"","meta":[],"product_brand":[],"product_cat":[98],"product_tag":[],"class_list":{"0":"post-2963","1":"product","2":"type-product","3":"status-publish","4":"has-post-thumbnail","6":"product_cat-control-salidas","8":"first","9":"instock","10":"taxable","11":"shipping-taxable","12":"purchasable","13":"product-type-simple"},"yoast_head":"<!-- This site is optimized with the Yoast SEO plugin v27.4 - https:\/\/yoast.com\/product\/yoast-seo-wordpress\/ -->\n<title>Kit salida KTM\/Husqvarna\/GasGas - MTR2 Live your style<\/title>\n<meta name=\"robots\" content=\"index, follow, max-snippet:-1, max-image-preview:large, max-video-preview:-1\" \/>\n<link rel=\"canonical\" href=\"http:\/\/www.mtr-2.com\/en\/product\/ki-salida-ktm-husqvarna-gasgas\/\" \/>\n<meta property=\"og:locale\" content=\"en_GB\" \/>\n<meta property=\"og:type\" content=\"article\" \/>\n<meta property=\"og:title\" content=\"Kit salida KTM\/Husqvarna\/GasGas - MTR2 Live your style\" \/>\n<meta property=\"og:description\" content=\"El control de salida permite bajar y bloquear la suspensi\u00f3n delantera para evitar la elevaci\u00f3n de la rueda delantera cuando se acelera fuertemente desde la parrilla de salida. Mecanizado con CNC a partir de aluminio de alta resistencia y con un dise\u00f1o de bisagras para eliminar la extracci\u00f3n de la barra de horquilla durante la instalaci\u00f3n, cierre de acero para reducir el desgaste y un \u00e9mbolo con sujeci\u00f3n de cuatro tornillos para resistir el da\u00f1o por las piedras. KTM SX\/SXF\/EXC\/EXC-F 125-525 2003&gt;\u2026  Husqvarna TC\/FC\/TE\/FE 125-450 2014&gt;\u2026 GasGas EC\/MC 125-450 2021&gt;\u2026\" \/>\n<meta property=\"og:url\" content=\"http:\/\/www.mtr-2.com\/en\/product\/ki-salida-ktm-husqvarna-gasgas\/\" \/>\n<meta property=\"og:site_name\" content=\"MTR2 Live your style\" \/>\n<meta property=\"article:publisher\" content=\"https:\/\/www.facebook.com\/mtr2worldwide\/\" \/>\n<meta property=\"article:modified_time\" content=\"2026-03-19T11:07:22+00:00\" \/>\n<meta property=\"og:image\" content=\"https:\/\/i0.wp.com\/www.mtr-2.com\/wp-content\/uploads\/2021\/07\/MTR2-LAUNCH-CONTROL-HOLESHOT-MOTOCROSS-ENDURO.jpg?fit=500%2C500\" \/>\n\t<meta property=\"og:image:width\" content=\"500\" \/>\n\t<meta property=\"og:image:height\" content=\"500\" \/>\n\t<meta property=\"og:image:type\" content=\"image\/jpeg\" \/>\n<meta name=\"twitter:card\" content=\"summary_large_image\" \/>\n<script type=\"application\/ld+json\" class=\"yoast-schema-graph\">{\"@context\":\"https:\\\/\\\/schema.org\",\"@graph\":[{\"@type\":\"WebPage\",\"@id\":\"http:\\\/\\\/www.mtr-2.com\\\/producto\\\/ki-salida-ktm-husqvarna-gasgas\",\"url\":\"http:\\\/\\\/www.mtr-2.com\\\/producto\\\/ki-salida-ktm-husqvarna-gasgas\",\"name\":\"Kit salida KTM\\\/Husqvarna\\\/GasGas - MTR2 Live your style\",\"isPartOf\":{\"@id\":\"https:\\\/\\\/www.mtr-2.com\\\/#website\"},\"primaryImageOfPage\":{\"@id\":\"http:\\\/\\\/www.mtr-2.com\\\/producto\\\/ki-salida-ktm-husqvarna-gasgas#primaryimage\"},\"image\":{\"@id\":\"http:\\\/\\\/www.mtr-2.com\\\/producto\\\/ki-salida-ktm-husqvarna-gasgas#primaryimage\"},\"thumbnailUrl\":\"https:\\\/\\\/i0.wp.com\\\/www.mtr-2.com\\\/wp-content\\\/uploads\\\/2021\\\/07\\\/MTR2-LAUNCH-CONTROL-HOLESHOT-MOTOCROSS-ENDURO.jpg?fit=500%2C500&ssl=1\",\"datePublished\":\"2021-07-16T10:12:40+00:00\",\"dateModified\":\"2026-03-19T11:07:22+00:00\",\"breadcrumb\":{\"@id\":\"http:\\\/\\\/www.mtr-2.com\\\/producto\\\/ki-salida-ktm-husqvarna-gasgas#breadcrumb\"},\"inLanguage\":\"en-GB\",\"potentialAction\":[{\"@type\":\"ReadAction\",\"target\":[\"http:\\\/\\\/www.mtr-2.com\\\/producto\\\/ki-salida-ktm-husqvarna-gasgas\"]}]},{\"@type\":\"ImageObject\",\"inLanguage\":\"en-GB\",\"@id\":\"http:\\\/\\\/www.mtr-2.com\\\/producto\\\/ki-salida-ktm-husqvarna-gasgas#primaryimage\",\"url\":\"https:\\\/\\\/i0.wp.com\\\/www.mtr-2.com\\\/wp-content\\\/uploads\\\/2021\\\/07\\\/MTR2-LAUNCH-CONTROL-HOLESHOT-MOTOCROSS-ENDURO.jpg?fit=500%2C500&ssl=1\",\"contentUrl\":\"https:\\\/\\\/i0.wp.com\\\/www.mtr-2.com\\\/wp-content\\\/uploads\\\/2021\\\/07\\\/MTR2-LAUNCH-CONTROL-HOLESHOT-MOTOCROSS-ENDURO.jpg?fit=500%2C500&ssl=1\",\"width\":500,\"height\":500},{\"@type\":\"BreadcrumbList\",\"@id\":\"http:\\\/\\\/www.mtr-2.com\\\/producto\\\/ki-salida-ktm-husqvarna-gasgas#breadcrumb\",\"itemListElement\":[{\"@type\":\"ListItem\",\"position\":1,\"name\":\"Portada\",\"item\":\"https:\\\/\\\/www.mtr-2.com\\\/\"},{\"@type\":\"ListItem\",\"position\":2,\"name\":\"Tienda\",\"item\":\"http:\\\/\\\/www.mtr-2.com\\\/tienda\"},{\"@type\":\"ListItem\",\"position\":3,\"name\":\"Kit salida KTM\\\/Husqvarna\\\/GasGas\"}]},{\"@type\":\"WebSite\",\"@id\":\"https:\\\/\\\/www.mtr-2.com\\\/#website\",\"url\":\"https:\\\/\\\/www.mtr-2.com\\\/\",\"name\":\"MTR2 Live your style\",\"description\":\"Los dise\u00f1os m\u00e1s exclusivos en gafas, guantes, manillares y accesorios para motocross, enduro, downhill mtb, bmx...\",\"publisher\":{\"@id\":\"https:\\\/\\\/www.mtr-2.com\\\/#organization\"},\"alternateName\":\"MTR-2 Worldwide | Motocross, enduro, bmx, donwhill mtb, surf - Live Your Style\",\"potentialAction\":[{\"@type\":\"SearchAction\",\"target\":{\"@type\":\"EntryPoint\",\"urlTemplate\":\"https:\\\/\\\/www.mtr-2.com\\\/?s={search_term_string}\"},\"query-input\":{\"@type\":\"PropertyValueSpecification\",\"valueRequired\":true,\"valueName\":\"search_term_string\"}}],\"inLanguage\":\"en-GB\"},{\"@type\":\"Organization\",\"@id\":\"https:\\\/\\\/www.mtr-2.com\\\/#organization\",\"name\":\"MTR2 Live your style\",\"url\":\"https:\\\/\\\/www.mtr-2.com\\\/\",\"logo\":{\"@type\":\"ImageObject\",\"inLanguage\":\"en-GB\",\"@id\":\"https:\\\/\\\/www.mtr-2.com\\\/#\\\/schema\\\/logo\\\/image\\\/\",\"url\":\"https:\\\/\\\/i0.wp.com\\\/www.mtr-2.com\\\/wp-content\\\/uploads\\\/2021\\\/06\\\/MTR2-Logo-official.webp?fit=350%2C77&ssl=1\",\"contentUrl\":\"https:\\\/\\\/i0.wp.com\\\/www.mtr-2.com\\\/wp-content\\\/uploads\\\/2021\\\/06\\\/MTR2-Logo-official.webp?fit=350%2C77&ssl=1\",\"width\":350,\"height\":77,\"caption\":\"MTR2 Live your style\"},\"image\":{\"@id\":\"https:\\\/\\\/www.mtr-2.com\\\/#\\\/schema\\\/logo\\\/image\\\/\"},\"sameAs\":[\"https:\\\/\\\/www.facebook.com\\\/mtr2worldwide\\\/\",\"https:\\\/\\\/www.instagram.com\\\/mtr2worldwide\\\/\"]}]}<\/script>\n<!-- \/ Yoast SEO plugin. -->","yoast_head_json":{"title":"Kit salida KTM\/Husqvarna\/GasGas - MTR2 Live your style","robots":{"index":"index","follow":"follow","max-snippet":"max-snippet:-1","max-image-preview":"max-image-preview:large","max-video-preview":"max-video-preview:-1"},"canonical":"http:\/\/www.mtr-2.com\/en\/product\/ki-salida-ktm-husqvarna-gasgas\/","og_locale":"en_GB","og_type":"article","og_title":"Kit salida KTM\/Husqvarna\/GasGas - MTR2 Live your style","og_description":"El control de salida permite bajar y bloquear la suspensi\u00f3n delantera para evitar la elevaci\u00f3n de la rueda delantera cuando se acelera fuertemente desde la parrilla de salida. Mecanizado con CNC a partir de aluminio de alta resistencia y con un dise\u00f1o de bisagras para eliminar la extracci\u00f3n de la barra de horquilla durante la instalaci\u00f3n, cierre de acero para reducir el desgaste y un \u00e9mbolo con sujeci\u00f3n de cuatro tornillos para resistir el da\u00f1o por las piedras. KTM SX\/SXF\/EXC\/EXC-F 125-525 2003>\u2026  Husqvarna TC\/FC\/TE\/FE 125-450 2014>\u2026 GasGas EC\/MC 125-450 2021>\u2026","og_url":"http:\/\/www.mtr-2.com\/en\/product\/ki-salida-ktm-husqvarna-gasgas\/","og_site_name":"MTR2 Live your style","article_publisher":"https:\/\/www.facebook.com\/mtr2worldwide\/","article_modified_time":"2026-03-19T11:07:22+00:00","og_image":[{"width":500,"height":500,"url":"https:\/\/i0.wp.com\/www.mtr-2.com\/wp-content\/uploads\/2021\/07\/MTR2-LAUNCH-CONTROL-HOLESHOT-MOTOCROSS-ENDURO.jpg?fit=500%2C500","type":"image\/jpeg"}],"twitter_card":"summary_large_image","schema":{"@context":"https:\/\/schema.org","@graph":[{"@type":"WebPage","@id":"http:\/\/www.mtr-2.com\/producto\/ki-salida-ktm-husqvarna-gasgas","url":"http:\/\/www.mtr-2.com\/producto\/ki-salida-ktm-husqvarna-gasgas","name":"Kit salida KTM\/Husqvarna\/GasGas - MTR2 Live your style","isPartOf":{"@id":"https:\/\/www.mtr-2.com\/#website"},"primaryImageOfPage":{"@id":"http:\/\/www.mtr-2.com\/producto\/ki-salida-ktm-husqvarna-gasgas#primaryimage"},"image":{"@id":"http:\/\/www.mtr-2.com\/producto\/ki-salida-ktm-husqvarna-gasgas#primaryimage"},"thumbnailUrl":"https:\/\/i0.wp.com\/www.mtr-2.com\/wp-content\/uploads\/2021\/07\/MTR2-LAUNCH-CONTROL-HOLESHOT-MOTOCROSS-ENDURO.jpg?fit=500%2C500&ssl=1","datePublished":"2021-07-16T10:12:40+00:00","dateModified":"2026-03-19T11:07:22+00:00","breadcrumb":{"@id":"http:\/\/www.mtr-2.com\/producto\/ki-salida-ktm-husqvarna-gasgas#breadcrumb"},"inLanguage":"en-GB","potentialAction":[{"@type":"ReadAction","target":["http:\/\/www.mtr-2.com\/producto\/ki-salida-ktm-husqvarna-gasgas"]}]},{"@type":"ImageObject","inLanguage":"en-GB","@id":"http:\/\/www.mtr-2.com\/producto\/ki-salida-ktm-husqvarna-gasgas#primaryimage","url":"https:\/\/i0.wp.com\/www.mtr-2.com\/wp-content\/uploads\/2021\/07\/MTR2-LAUNCH-CONTROL-HOLESHOT-MOTOCROSS-ENDURO.jpg?fit=500%2C500&ssl=1","contentUrl":"https:\/\/i0.wp.com\/www.mtr-2.com\/wp-content\/uploads\/2021\/07\/MTR2-LAUNCH-CONTROL-HOLESHOT-MOTOCROSS-ENDURO.jpg?fit=500%2C500&ssl=1","width":500,"height":500},{"@type":"BreadcrumbList","@id":"http:\/\/www.mtr-2.com\/producto\/ki-salida-ktm-husqvarna-gasgas#breadcrumb","itemListElement":[{"@type":"ListItem","position":1,"name":"Portada","item":"https:\/\/www.mtr-2.com\/"},{"@type":"ListItem","position":2,"name":"Tienda","item":"http:\/\/www.mtr-2.com\/tienda"},{"@type":"ListItem","position":3,"name":"Kit salida KTM\/Husqvarna\/GasGas"}]},{"@type":"WebSite","@id":"https:\/\/www.mtr-2.com\/#website","url":"https:\/\/www.mtr-2.com\/","name":"MTR2 Live your style","description":"Los dise\u00f1os m\u00e1s exclusivos en gafas, guantes, manillares y accesorios para motocross, enduro, downhill mtb, bmx...","publisher":{"@id":"https:\/\/www.mtr-2.com\/#organization"},"alternateName":"MTR-2 Worldwide | Motocross, enduro, bmx, donwhill mtb, surf - Live Your Style","potentialAction":[{"@type":"SearchAction","target":{"@type":"EntryPoint","urlTemplate":"https:\/\/www.mtr-2.com\/?s={search_term_string}"},"query-input":{"@type":"PropertyValueSpecification","valueRequired":true,"valueName":"search_term_string"}}],"inLanguage":"en-GB"},{"@type":"Organization","@id":"https:\/\/www.mtr-2.com\/#organization","name":"MTR2 Live your style","url":"https:\/\/www.mtr-2.com\/","logo":{"@type":"ImageObject","inLanguage":"en-GB","@id":"https:\/\/www.mtr-2.com\/#\/schema\/logo\/image\/","url":"https:\/\/i0.wp.com\/www.mtr-2.com\/wp-content\/uploads\/2021\/06\/MTR2-Logo-official.webp?fit=350%2C77&ssl=1","contentUrl":"https:\/\/i0.wp.com\/www.mtr-2.com\/wp-content\/uploads\/2021\/06\/MTR2-Logo-official.webp?fit=350%2C77&ssl=1","width":350,"height":77,"caption":"MTR2 Live your style"},"image":{"@id":"https:\/\/www.mtr-2.com\/#\/schema\/logo\/image\/"},"sameAs":["https:\/\/www.facebook.com\/mtr2worldwide\/","https:\/\/www.instagram.com\/mtr2worldwide\/"]}]}},"jetpack_sharing_enabled":true,"_links":{"self":[{"href":"https:\/\/www.mtr-2.com\/en\/wp-json\/wp\/v2\/product\/2963","targetHints":{"allow":["GET"]}}],"collection":[{"href":"https:\/\/www.mtr-2.com\/en\/wp-json\/wp\/v2\/product"}],"about":[{"href":"https:\/\/www.mtr-2.com\/en\/wp-json\/wp\/v2\/types\/product"}],"wp:featuredmedia":[{"embeddable":true,"href":"https:\/\/www.mtr-2.com\/en\/wp-json\/wp\/v2\/media\/2994"}],"wp:attachment":[{"href":"https:\/\/www.mtr-2.com\/en\/wp-json\/wp\/v2\/media?parent=2963"}],"wp:term":[{"taxonomy":"product_brand","embeddable":true,"href":"https:\/\/www.mtr-2.com\/en\/wp-json\/wp\/v2\/product_brand?post=2963"},{"taxonomy":"product_cat","embeddable":true,"href":"https:\/\/www.mtr-2.com\/en\/wp-json\/wp\/v2\/product_cat?post=2963"},{"taxonomy":"product_tag","embeddable":true,"href":"https:\/\/www.mtr-2.com\/en\/wp-json\/wp\/v2\/product_tag?post=2963"}],"curies":[{"name":"wp","href":"https:\/\/api.w.org\/{rel}","templated":true}]}}