{"id":5621,"date":"2021-11-11T18:16:17","date_gmt":"2021-11-11T17:16:17","guid":{"rendered":"http:\/\/s311126158.mialojamiento.es\/?post_type=product&#038;p=5621"},"modified":"2026-02-05T12:28:31","modified_gmt":"2026-02-05T11:28:31","slug":"sury-verde-neon-azul","status":"publish","type":"product","link":"https:\/\/www.mtr-2.com\/en\/product\/sury-verde-neon-azul","title":{"rendered":"Goggles Sury Green Neon\/Blue + Pack-10 Tear-offs"},"content":{"rendered":"<p>1- The MTR-2 Mitty goggles have a new and simple removable strap system with a single clip, which facilitates maintenance and cleaning of the glasses.<br \/>\n2- Design of a reduced outer frame thus offering a greater field of vision of up to 8 cm, adjustable to most helmets on the market.<br \/>\n3- SBR-47 Large 47 mm Roll-Off System.<br \/>\n4- 3 Silicones, avoid movements.<br \/>\n5- 45 mm strap, greater fastening of the goggles to the helmet.<br \/>\n6- 3 Foams for a soft contact of the glasses on the skin.<br \/>\n7- Microfiber protection bag, special for cleaning the screen.<br \/>\n8- Anti-fog Anti-Scratch screens and all spare parts available in stock ...<\/p>","protected":false},"excerpt":{"rendered":"<p>The MTR-2 Mitty goggles have a design in their small and thin frame designed to fit most helmets on the market, a small glasses will give you an optimal fit and offer great comfort. Its small frame offers at the same time a \u201clarge field of view\u201d by reducing unnecessary parts of the frame.<\/p>\n<p>It has a removable strap system, which facilitates cleaning maintenance, which will extend the life of the goggles and its screens.<\/p>\n<p>Lens with anti-fog and scratch resistant treatment, which offers good resistance to fogging on cold and rainy days.<\/p>\n<p>Compatible with pulls and 47mm Roll-Off system.<\/p>\n<p>Designed in Spain.<\/p>\n<p>Included PACK-10 Tear offs.<\/p>","protected":false},"featured_media":5389,"template":"","meta":[],"product_brand":[],"product_cat":[187],"product_tag":[],"class_list":{"0":"post-5621","1":"product","2":"type-product","3":"status-publish","4":"has-post-thumbnail","6":"product_cat-mitty-transparente","8":"first","9":"instock","10":"taxable","11":"shipping-taxable","12":"purchasable","13":"product-type-simple"},"yoast_head":"<!-- This site is optimized with the Yoast SEO plugin v27.5 - https:\/\/yoast.com\/product\/yoast-seo-wordpress\/ -->\n<title>Gafas Sury Verde Neon\/Azul + Pack-10 Tirables - MTR2 Live your style<\/title>\n<meta name=\"robots\" content=\"index, follow, max-snippet:-1, max-image-preview:large, max-video-preview:-1\" \/>\n<link rel=\"canonical\" href=\"https:\/\/www.mtr-2.com\/en\/product\/sury-verde-neon-azul\" \/>\n<meta property=\"og:locale\" content=\"en_GB\" \/>\n<meta property=\"og:type\" content=\"article\" \/>\n<meta property=\"og:title\" content=\"Gafas Sury Verde Neon\/Azul + Pack-10 Tirables - MTR2 Live your style\" \/>\n<meta property=\"og:description\" content=\"Las gafas MTR-2 Mitty cuentan con un dise\u00f1o en su marco peque\u00f1o y fino pensado para adaptarse la mayor\u00eda de cascos del mercado, una gafa peque\u00f1a te dar\u00e1 un ajuste \u00f3ptimo y ofrecer\u00e1 una gran comodidad. Su reducido marco ofrece al mismo tiempo un \u201cgran campo de visi\u00f3n\u201d al reducir partes del marco innecesarias.  Tambi\u00e9n disponen de un sistema desmontable de correa, lo que facilita los mantenimientos de limpieza, lo cual alargar\u00e1n la vida de la gafa y sus pantallas.  Lente con tratamiento Anti-vaho y resistente a los ara\u00f1azos, lo cual ofrece una buena resistencia al empa\u00f1amiento en d\u00edas fr\u00edos y lluviosos.  Compatible con tirables y sistema de Roll-Off de 47mm.  Dise\u00f1adas en Espa\u00f1a.  Incluye PACK-10 tirables.\" \/>\n<meta property=\"og:url\" content=\"https:\/\/www.mtr-2.com\/en\/product\/sury-verde-neon-azul\" \/>\n<meta property=\"og:site_name\" content=\"MTR2 Live your style\" \/>\n<meta property=\"article:publisher\" content=\"https:\/\/www.facebook.com\/mtr2worldwide\/\" \/>\n<meta property=\"article:modified_time\" content=\"2026-02-05T11:28:31+00:00\" \/>\n<meta property=\"og:image\" content=\"https:\/\/i0.wp.com\/www.mtr-2.com\/wp-content\/uploads\/2021\/10\/MTR2-GOGGLES-MOTOCROSS-SURY-GREEN-NEON.jpg?fit=500%2C500&ssl=1\" \/>\n\t<meta property=\"og:image:width\" content=\"500\" \/>\n\t<meta property=\"og:image:height\" content=\"500\" \/>\n\t<meta property=\"og:image:type\" content=\"image\/jpeg\" \/>\n<meta name=\"twitter:card\" content=\"summary_large_image\" \/>\n<meta name=\"twitter:label1\" content=\"Estimated reading time\" \/>\n\t<meta name=\"twitter:data1\" content=\"1 minute\" \/>\n<script type=\"application\/ld+json\" class=\"yoast-schema-graph\">{\"@context\":\"https:\\\/\\\/schema.org\",\"@graph\":[{\"@type\":\"WebPage\",\"@id\":\"https:\\\/\\\/www.mtr-2.com\\\/en\\\/product\\\/sury-verde-neon-azul\",\"url\":\"https:\\\/\\\/www.mtr-2.com\\\/en\\\/product\\\/sury-verde-neon-azul\",\"name\":\"Gafas Sury Verde Neon\\\/Azul + Pack-10 Tirables - MTR2 Live your style\",\"isPartOf\":{\"@id\":\"https:\\\/\\\/www.mtr-2.com\\\/en\\\/#website\"},\"primaryImageOfPage\":{\"@id\":\"https:\\\/\\\/www.mtr-2.com\\\/en\\\/product\\\/sury-verde-neon-azul#primaryimage\"},\"image\":{\"@id\":\"https:\\\/\\\/www.mtr-2.com\\\/en\\\/product\\\/sury-verde-neon-azul#primaryimage\"},\"thumbnailUrl\":\"https:\\\/\\\/i0.wp.com\\\/www.mtr-2.com\\\/wp-content\\\/uploads\\\/2021\\\/10\\\/MTR2-GOGGLES-MOTOCROSS-SURY-GREEN-NEON.jpg?fit=500%2C500&ssl=1\",\"datePublished\":\"2021-11-11T17:16:17+00:00\",\"dateModified\":\"2026-02-05T11:28:31+00:00\",\"breadcrumb\":{\"@id\":\"https:\\\/\\\/www.mtr-2.com\\\/en\\\/product\\\/sury-verde-neon-azul#breadcrumb\"},\"inLanguage\":\"en-GB\",\"potentialAction\":[{\"@type\":\"ReadAction\",\"target\":[\"https:\\\/\\\/www.mtr-2.com\\\/en\\\/product\\\/sury-verde-neon-azul\"]}]},{\"@type\":\"ImageObject\",\"inLanguage\":\"en-GB\",\"@id\":\"https:\\\/\\\/www.mtr-2.com\\\/en\\\/product\\\/sury-verde-neon-azul#primaryimage\",\"url\":\"https:\\\/\\\/i0.wp.com\\\/www.mtr-2.com\\\/wp-content\\\/uploads\\\/2021\\\/10\\\/MTR2-GOGGLES-MOTOCROSS-SURY-GREEN-NEON.jpg?fit=500%2C500&ssl=1\",\"contentUrl\":\"https:\\\/\\\/i0.wp.com\\\/www.mtr-2.com\\\/wp-content\\\/uploads\\\/2021\\\/10\\\/MTR2-GOGGLES-MOTOCROSS-SURY-GREEN-NEON.jpg?fit=500%2C500&ssl=1\",\"width\":500,\"height\":500},{\"@type\":\"BreadcrumbList\",\"@id\":\"https:\\\/\\\/www.mtr-2.com\\\/en\\\/product\\\/sury-verde-neon-azul#breadcrumb\",\"itemListElement\":[{\"@type\":\"ListItem\",\"position\":1,\"name\":\"Portada\",\"item\":\"https:\\\/\\\/www.mtr-2.com\\\/en\\\/\"},{\"@type\":\"ListItem\",\"position\":2,\"name\":\"Tienda\",\"item\":\"https:\\\/\\\/www.mtr-2.com\\\/tienda\"},{\"@type\":\"ListItem\",\"position\":3,\"name\":\"Gafas Sury Verde Neon\\\/Azul + Pack-10 Tirables\"}]},{\"@type\":\"WebSite\",\"@id\":\"https:\\\/\\\/www.mtr-2.com\\\/en\\\/#website\",\"url\":\"https:\\\/\\\/www.mtr-2.com\\\/en\\\/\",\"name\":\"MTR2 Live your style\",\"description\":\"Los dise\u00f1os m\u00e1s exclusivos en gafas, guantes, manillares y accesorios para motocross, enduro, downhill mtb, bmx...\",\"publisher\":{\"@id\":\"https:\\\/\\\/www.mtr-2.com\\\/en\\\/#organization\"},\"alternateName\":\"MTR-2 Worldwide | Motocross, enduro, bmx, donwhill mtb, surf - Live Your Style\",\"potentialAction\":[{\"@type\":\"SearchAction\",\"target\":{\"@type\":\"EntryPoint\",\"urlTemplate\":\"https:\\\/\\\/www.mtr-2.com\\\/en\\\/?s={search_term_string}\"},\"query-input\":{\"@type\":\"PropertyValueSpecification\",\"valueRequired\":true,\"valueName\":\"search_term_string\"}}],\"inLanguage\":\"en-GB\"},{\"@type\":\"Organization\",\"@id\":\"https:\\\/\\\/www.mtr-2.com\\\/en\\\/#organization\",\"name\":\"MTR2 Live your style\",\"url\":\"https:\\\/\\\/www.mtr-2.com\\\/en\\\/\",\"logo\":{\"@type\":\"ImageObject\",\"inLanguage\":\"en-GB\",\"@id\":\"https:\\\/\\\/www.mtr-2.com\\\/en\\\/#\\\/schema\\\/logo\\\/image\\\/\",\"url\":\"https:\\\/\\\/i0.wp.com\\\/www.mtr-2.com\\\/wp-content\\\/uploads\\\/2021\\\/06\\\/MTR2-Logo-official.webp?fit=350%2C77&ssl=1\",\"contentUrl\":\"https:\\\/\\\/i0.wp.com\\\/www.mtr-2.com\\\/wp-content\\\/uploads\\\/2021\\\/06\\\/MTR2-Logo-official.webp?fit=350%2C77&ssl=1\",\"width\":350,\"height\":77,\"caption\":\"MTR2 Live your style\"},\"image\":{\"@id\":\"https:\\\/\\\/www.mtr-2.com\\\/en\\\/#\\\/schema\\\/logo\\\/image\\\/\"},\"sameAs\":[\"https:\\\/\\\/www.facebook.com\\\/mtr2worldwide\\\/\",\"https:\\\/\\\/www.instagram.com\\\/mtr2worldwide\\\/\"]}]}<\/script>\n<!-- \/ Yoast SEO plugin. -->","yoast_head_json":{"title":"Gafas Sury Verde Neon\/Azul + Pack-10 Tirables - MTR2 Live your style","robots":{"index":"index","follow":"follow","max-snippet":"max-snippet:-1","max-image-preview":"max-image-preview:large","max-video-preview":"max-video-preview:-1"},"canonical":"https:\/\/www.mtr-2.com\/en\/product\/sury-verde-neon-azul","og_locale":"en_GB","og_type":"article","og_title":"Gafas Sury Verde Neon\/Azul + Pack-10 Tirables - MTR2 Live your style","og_description":"Las gafas MTR-2 Mitty cuentan con un dise\u00f1o en su marco peque\u00f1o y fino pensado para adaptarse la mayor\u00eda de cascos del mercado, una gafa peque\u00f1a te dar\u00e1 un ajuste \u00f3ptimo y ofrecer\u00e1 una gran comodidad. Su reducido marco ofrece al mismo tiempo un \u201cgran campo de visi\u00f3n\u201d al reducir partes del marco innecesarias.  Tambi\u00e9n disponen de un sistema desmontable de correa, lo que facilita los mantenimientos de limpieza, lo cual alargar\u00e1n la vida de la gafa y sus pantallas.  Lente con tratamiento Anti-vaho y resistente a los ara\u00f1azos, lo cual ofrece una buena resistencia al empa\u00f1amiento en d\u00edas fr\u00edos y lluviosos.  Compatible con tirables y sistema de Roll-Off de 47mm.  Dise\u00f1adas en Espa\u00f1a.  Incluye PACK-10 tirables.","og_url":"https:\/\/www.mtr-2.com\/en\/product\/sury-verde-neon-azul","og_site_name":"MTR2 Live your style","article_publisher":"https:\/\/www.facebook.com\/mtr2worldwide\/","article_modified_time":"2026-02-05T11:28:31+00:00","og_image":[{"width":500,"height":500,"url":"https:\/\/i0.wp.com\/www.mtr-2.com\/wp-content\/uploads\/2021\/10\/MTR2-GOGGLES-MOTOCROSS-SURY-GREEN-NEON.jpg?fit=500%2C500&ssl=1","type":"image\/jpeg"}],"twitter_card":"summary_large_image","twitter_misc":{"Estimated reading time":"1 minute"},"schema":{"@context":"https:\/\/schema.org","@graph":[{"@type":"WebPage","@id":"https:\/\/www.mtr-2.com\/en\/product\/sury-verde-neon-azul","url":"https:\/\/www.mtr-2.com\/en\/product\/sury-verde-neon-azul","name":"Gafas Sury Verde Neon\/Azul + Pack-10 Tirables - MTR2 Live your style","isPartOf":{"@id":"https:\/\/www.mtr-2.com\/en\/#website"},"primaryImageOfPage":{"@id":"https:\/\/www.mtr-2.com\/en\/product\/sury-verde-neon-azul#primaryimage"},"image":{"@id":"https:\/\/www.mtr-2.com\/en\/product\/sury-verde-neon-azul#primaryimage"},"thumbnailUrl":"https:\/\/i0.wp.com\/www.mtr-2.com\/wp-content\/uploads\/2021\/10\/MTR2-GOGGLES-MOTOCROSS-SURY-GREEN-NEON.jpg?fit=500%2C500&ssl=1","datePublished":"2021-11-11T17:16:17+00:00","dateModified":"2026-02-05T11:28:31+00:00","breadcrumb":{"@id":"https:\/\/www.mtr-2.com\/en\/product\/sury-verde-neon-azul#breadcrumb"},"inLanguage":"en-GB","potentialAction":[{"@type":"ReadAction","target":["https:\/\/www.mtr-2.com\/en\/product\/sury-verde-neon-azul"]}]},{"@type":"ImageObject","inLanguage":"en-GB","@id":"https:\/\/www.mtr-2.com\/en\/product\/sury-verde-neon-azul#primaryimage","url":"https:\/\/i0.wp.com\/www.mtr-2.com\/wp-content\/uploads\/2021\/10\/MTR2-GOGGLES-MOTOCROSS-SURY-GREEN-NEON.jpg?fit=500%2C500&ssl=1","contentUrl":"https:\/\/i0.wp.com\/www.mtr-2.com\/wp-content\/uploads\/2021\/10\/MTR2-GOGGLES-MOTOCROSS-SURY-GREEN-NEON.jpg?fit=500%2C500&ssl=1","width":500,"height":500},{"@type":"BreadcrumbList","@id":"https:\/\/www.mtr-2.com\/en\/product\/sury-verde-neon-azul#breadcrumb","itemListElement":[{"@type":"ListItem","position":1,"name":"Portada","item":"https:\/\/www.mtr-2.com\/en\/"},{"@type":"ListItem","position":2,"name":"Tienda","item":"https:\/\/www.mtr-2.com\/tienda"},{"@type":"ListItem","position":3,"name":"Gafas Sury Verde Neon\/Azul + Pack-10 Tirables"}]},{"@type":"WebSite","@id":"https:\/\/www.mtr-2.com\/en\/#website","url":"https:\/\/www.mtr-2.com\/en\/","name":"MTR2 Live your style","description":"Los dise\u00f1os m\u00e1s exclusivos en gafas, guantes, manillares y accesorios para motocross, enduro, downhill mtb, bmx...","publisher":{"@id":"https:\/\/www.mtr-2.com\/en\/#organization"},"alternateName":"MTR-2 Worldwide | Motocross, enduro, bmx, donwhill mtb, surf - Live Your Style","potentialAction":[{"@type":"SearchAction","target":{"@type":"EntryPoint","urlTemplate":"https:\/\/www.mtr-2.com\/en\/?s={search_term_string}"},"query-input":{"@type":"PropertyValueSpecification","valueRequired":true,"valueName":"search_term_string"}}],"inLanguage":"en-GB"},{"@type":"Organization","@id":"https:\/\/www.mtr-2.com\/en\/#organization","name":"MTR2 Live your style","url":"https:\/\/www.mtr-2.com\/en\/","logo":{"@type":"ImageObject","inLanguage":"en-GB","@id":"https:\/\/www.mtr-2.com\/en\/#\/schema\/logo\/image\/","url":"https:\/\/i0.wp.com\/www.mtr-2.com\/wp-content\/uploads\/2021\/06\/MTR2-Logo-official.webp?fit=350%2C77&ssl=1","contentUrl":"https:\/\/i0.wp.com\/www.mtr-2.com\/wp-content\/uploads\/2021\/06\/MTR2-Logo-official.webp?fit=350%2C77&ssl=1","width":350,"height":77,"caption":"MTR2 Live your style"},"image":{"@id":"https:\/\/www.mtr-2.com\/en\/#\/schema\/logo\/image\/"},"sameAs":["https:\/\/www.facebook.com\/mtr2worldwide\/","https:\/\/www.instagram.com\/mtr2worldwide\/"]}]}},"jetpack_sharing_enabled":true,"_links":{"self":[{"href":"https:\/\/www.mtr-2.com\/en\/wp-json\/wp\/v2\/product\/5621","targetHints":{"allow":["GET"]}}],"collection":[{"href":"https:\/\/www.mtr-2.com\/en\/wp-json\/wp\/v2\/product"}],"about":[{"href":"https:\/\/www.mtr-2.com\/en\/wp-json\/wp\/v2\/types\/product"}],"wp:featuredmedia":[{"embeddable":true,"href":"https:\/\/www.mtr-2.com\/en\/wp-json\/wp\/v2\/media\/5389"}],"wp:attachment":[{"href":"https:\/\/www.mtr-2.com\/en\/wp-json\/wp\/v2\/media?parent=5621"}],"wp:term":[{"taxonomy":"product_brand","embeddable":true,"href":"https:\/\/www.mtr-2.com\/en\/wp-json\/wp\/v2\/product_brand?post=5621"},{"taxonomy":"product_cat","embeddable":true,"href":"https:\/\/www.mtr-2.com\/en\/wp-json\/wp\/v2\/product_cat?post=5621"},{"taxonomy":"product_tag","embeddable":true,"href":"https:\/\/www.mtr-2.com\/en\/wp-json\/wp\/v2\/product_tag?post=5621"}],"curies":[{"name":"wp","href":"https:\/\/api.w.org\/{rel}","templated":true}]}}